{"id":60086,"date":"2023-01-16T12:03:18","date_gmt":"2023-01-16T12:03:18","guid":{"rendered":"https:\/\/www.headshop.nl\/?post_type=product&#038;p=60086"},"modified":"2025-05-23T09:24:49","modified_gmt":"2025-05-23T09:24:49","slug":"cbd-cannabis-leaves","status":"publish","type":"product","link":"https:\/\/www.headshop.nl\/fr\/cbd-cannabis-leaves\/","title":{"rendered":"Feuilles de cannabis CBD"},"content":{"rendered":"<p><strong>CBD Cannabis Feuilles Cannabis :<\/strong><br \/>\nLes Cannabis Leaves Cannabis de Dr. Candy contiennent de d\u00e9licieuses friandises qui sont dot\u00e9es de la substance CBD ! Le cannabidiol (CBD) joue un r\u00f4le majeur en tant qu'ingr\u00e9dient actif principal dans ces feuilles de cannabis g\u00e9lifi\u00e9es. La substance CBD est extraite de la plante de chanvre\/cannabis et a un effet positif sur le corps et l'esprit. Le cannabidiol peut r\u00e9duire le niveau d'anxi\u00e9t\u00e9 ou de stress dans le corps et peut avoir des propri\u00e9t\u00e9s anti-inflammatoires. La plante de cannabis regorge de substances pr\u00e9cieuses telles que les terp\u00e8nes, les flavono\u00efdes et les cannabino\u00efdes. Ces substances peuvent avoir une influence positive sur le corps et l'esprit. Le spectre complet de la plante de chanvre comprend \u00e9galement les substances Cannabinol (CBN), Cannabigerol (CBG) et Cannabichromene (CBC). Le cannabinol peut avoir un effet positif sur le sommeil et l'endormissement. Il peut \u00e9galement aider \u00e0 lutter contre les naus\u00e9es. Le cannabig\u00e9rol est un \u00e9l\u00e9ment constitutif indispensable des cannabino\u00efdes et contient de nombreuses propri\u00e9t\u00e9s antibact\u00e9riennes. Le cannabichrom\u00e8ne peut soulager la douleur.<\/p>\n<p>La feuille de cannabis est id\u00e9ale \u00e0 prendre entre les repas. Les feuilles de cannabis contiennent chacune 10 mg de CBD. Ces bonbons ne vous feront pas planer. La substance THC, responsable de la sensation psych\u00e9d\u00e9lique du cannabis, n'est pas pr\u00e9sente dans ces bonbons. Lors de l'extraction du CBD et d'autres substances sp\u00e9cifiques aux plantes, la substance THC est perdue. Cela signifie que ces bonbons n'ont pas d'effets psych\u00e9d\u00e9liques. Vous pouvez donc les consommer n'importe o\u00f9 et n'importe quand.<\/p>\n<p><strong>Utilisation :<\/strong><br \/>\nLe CBD agit dans le corps lorsqu'un miroir a \u00e9t\u00e9 cr\u00e9\u00e9. Nous recommandons toujours de commencer par deux feuilles de CBD par jour au cours de la premi\u00e8re semaine, puis d'augmenter cette quantit\u00e9 selon les besoins. En prenant une feuille de cannabis par jour, vous augmentez le taux de CBD dans le sang, et c'est surtout \u00e0 ce moment-l\u00e0 que les effets positifs se font sentir.<\/p>\n<p><strong>Ingr\u00e9dients :<\/strong><br \/>\nCBD, Glucose, Sucre, Colorant naturel, G\u00e9latine, Acide citrique.<\/p>\n<p><strong>Conseils de conservation :<\/strong><br \/>\nConservez ce produit de Dr. Candy dans un endroit frais et sombre, tel qu'un placard de cuisine, et gardez-le hors de port\u00e9e des enfants.<\/p>\n<p><strong>Avertissement :<\/strong><br \/>\nCe produit ne convient pas aux femmes enceintes et aux enfants.<\/p>","protected":false},"excerpt":{"rendered":"<p>Le bonbon CBD Cannabis Leaves fait partie de la collection de bonbons de Dr. Candy et contient du CBD. Appr\u00e9ciez la douceur et profitez des nombreux bienfaits du CBD pour le corps et l'esprit. Parfait pour les moments interm\u00e9diaires ou simplement parce qu'il est savoureux. Dr. Candy est la marque de r\u00e9f\u00e9rence en mati\u00e8re de bonbons au CBD.<\/p>","protected":false},"featured_media":58144,"template":"","meta":[],"product_brand":[],"product_cat":[839,297,847],"product_tag":[],"class_list":{"0":"post-60086","1":"product","2":"type-product","3":"status-publish","4":"has-post-thumbnail","6":"product_cat-dr-candy","7":"product_cat-all-products","8":"product_cat-edibles-2","10":"first","11":"instock","12":"taxable","13":"shipping-taxable","14":"purchasable","15":"product-type-variable","16":"has-default-attributes"},"_links":{"self":[{"href":"https:\/\/www.headshop.nl\/fr\/wp-json\/wp\/v2\/product\/60086","targetHints":{"allow":["GET"]}}],"collection":[{"href":"https:\/\/www.headshop.nl\/fr\/wp-json\/wp\/v2\/product"}],"about":[{"href":"https:\/\/www.headshop.nl\/fr\/wp-json\/wp\/v2\/types\/product"}],"wp:featuredmedia":[{"embeddable":true,"href":"https:\/\/www.headshop.nl\/fr\/wp-json\/wp\/v2\/media\/58144"}],"wp:attachment":[{"href":"https:\/\/www.headshop.nl\/fr\/wp-json\/wp\/v2\/media?parent=60086"}],"wp:term":[{"taxonomy":"product_brand","embeddable":true,"href":"https:\/\/www.headshop.nl\/fr\/wp-json\/wp\/v2\/product_brand?post=60086"},{"taxonomy":"product_cat","embeddable":true,"href":"https:\/\/www.headshop.nl\/fr\/wp-json\/wp\/v2\/product_cat?post=60086"},{"taxonomy":"product_tag","embeddable":true,"href":"https:\/\/www.headshop.nl\/fr\/wp-json\/wp\/v2\/product_tag?post=60086"}],"curies":[{"name":"wp","href":"https:\/\/api.w.org\/{rel}","templated":true}]}}