{"id":60080,"date":"2023-01-16T12:03:13","date_gmt":"2023-01-16T12:03:13","guid":{"rendered":"https:\/\/www.headshop.nl\/?post_type=product&#038;p=60080"},"modified":"2025-05-23T09:25:05","modified_gmt":"2025-05-23T09:25:05","slug":"cbd-gummy-bears-mix","status":"publish","type":"product","link":"https:\/\/www.headshop.nl\/fr\/cbd-gummy-bears-mix\/","title":{"rendered":"M\u00e9lange d'oursons g\u00e9lifi\u00e9s au CBD"},"content":{"rendered":"<p><strong>M\u00e9lange d'oursons g\u00e9lifi\u00e9s au CBD :<\/strong><br \/>\nLes CBD Gummybears Mixed flavor de Dr. Candy sont de d\u00e9licieux bonbons contenant du CBD, qui provient de la plante de cannabis\/chanvre. Le cannabidiol (CBD) est l'ingr\u00e9dient actif de ces bonbons \u00e0 la gomme. La substance CBD est extraite du chanvre et a un effet positif sur le corps et l'esprit. Le cannabidiol peut r\u00e9duire les niveaux d'anxi\u00e9t\u00e9 ou de stress dans le corps et poss\u00e8de des propri\u00e9t\u00e9s anti-inflammatoires. La plante de cannabis regorge d'excellents compos\u00e9s tels que les terp\u00e8nes, les flavono\u00efdes et les cannabino\u00efdes. Les CBD Gummy Bears de Dr. Candy sont des bonbons aux diff\u00e9rents ar\u00f4mes de fruits. Ils sont parfaits pour \u00eatre pris entre les repas !<\/p>\n<p>Les CBD Gummybears contiennent chacun 5 mg de CBD. Ils ne vous feront pas planer. La substance THC, responsable de la sensation psych\u00e9d\u00e9lique du cannabis, n'est pas pr\u00e9sente dans ces bonbons. Lors de l'extraction du CBD et d'autres substances v\u00e9g\u00e9tales utiles, la substance THC est perdue. Cela signifie que ces bonbons n'ont pas d'effets psych\u00e9d\u00e9liques. Vous pouvez donc consommer ces bonbons n'importe o\u00f9 et n'importe quand. D\u00e9couvrez le pouvoir des CBD Bears Mixed Flavor !<\/p>\n<p><strong>Utilisation :<\/strong><br \/>\nLe CBD agit dans le corps lorsqu'un miroir a \u00e9t\u00e9 cr\u00e9\u00e9. Vous construisez ce miroir en prenant du cannabidiol tous les jours. Nous recommandons toujours de commencer la premi\u00e8re semaine avec une ou deux sucreries par jour et d'augmenter si n\u00e9cessaire. Le CBD a de nombreuses propri\u00e9t\u00e9s positives. Une surdose de CBD est tr\u00e8s peu probable. Cependant, nous ne recommandons pas de prendre plus de 100 mg de CBD par jour.<\/p>\n<p><strong>Ingr\u00e9dients :<\/strong><br \/>\nCBD, Glucose, Sucre, Colorant naturel, G\u00e9latine, Acide citrique.<\/p>\n<p><strong>Conseils de conservation :<\/strong><br \/>\nConservez ce produit de Dr. Candy dans un endroit frais et sombre, tel qu'un placard de cuisine, et gardez-le hors de port\u00e9e des enfants.<\/p>\n<p><strong>Avertissement :<\/strong><br \/>\nCe produit ne convient pas aux femmes enceintes et aux enfants.<\/p>","protected":false},"excerpt":{"rendered":"<p>Les bonbons CBD Gummy Bears mix proviennent de la collection de bonbons de Dr. Candy et contiennent du CBD. Appr\u00e9ciez la douceur et profitez des nombreux bienfaits du CBD pour le corps et l'esprit. Ces bonbons sont parfaits pour les p\u00e9riodes interm\u00e9diaires ou simplement parce qu'ils sont savoureux. Dr. Candy est la marque de r\u00e9f\u00e9rence en mati\u00e8re de bonbons au CBD.<\/p>","protected":false},"featured_media":58158,"template":"","meta":[],"product_brand":[],"product_cat":[839,297,847],"product_tag":[],"class_list":{"0":"post-60080","1":"product","2":"type-product","3":"status-publish","4":"has-post-thumbnail","6":"product_cat-dr-candy","7":"product_cat-all-products","8":"product_cat-edibles-2","10":"first","11":"instock","12":"taxable","13":"shipping-taxable","14":"purchasable","15":"product-type-variable","16":"has-default-attributes"},"_links":{"self":[{"href":"https:\/\/www.headshop.nl\/fr\/wp-json\/wp\/v2\/product\/60080","targetHints":{"allow":["GET"]}}],"collection":[{"href":"https:\/\/www.headshop.nl\/fr\/wp-json\/wp\/v2\/product"}],"about":[{"href":"https:\/\/www.headshop.nl\/fr\/wp-json\/wp\/v2\/types\/product"}],"wp:featuredmedia":[{"embeddable":true,"href":"https:\/\/www.headshop.nl\/fr\/wp-json\/wp\/v2\/media\/58158"}],"wp:attachment":[{"href":"https:\/\/www.headshop.nl\/fr\/wp-json\/wp\/v2\/media?parent=60080"}],"wp:term":[{"taxonomy":"product_brand","embeddable":true,"href":"https:\/\/www.headshop.nl\/fr\/wp-json\/wp\/v2\/product_brand?post=60080"},{"taxonomy":"product_cat","embeddable":true,"href":"https:\/\/www.headshop.nl\/fr\/wp-json\/wp\/v2\/product_cat?post=60080"},{"taxonomy":"product_tag","embeddable":true,"href":"https:\/\/www.headshop.nl\/fr\/wp-json\/wp\/v2\/product_tag?post=60080"}],"curies":[{"name":"wp","href":"https:\/\/api.w.org\/{rel}","templated":true}]}}