{"id":60076,"date":"2023-01-16T12:03:09","date_gmt":"2023-01-16T12:03:09","guid":{"rendered":"https:\/\/www.headshop.nl\/?post_type=product&#038;p=60076"},"modified":"2025-05-23T09:25:16","modified_gmt":"2025-05-23T09:25:16","slug":"cbd-love-gummies","status":"publish","type":"product","link":"https:\/\/www.headshop.nl\/fr\/cbd-love-gummies\/","title":{"rendered":"CBD Love Gummies"},"content":{"rendered":"<p><strong>CBD Love Gummies (gommes d'amour au CBD) :<\/strong><\/p>\n<p>Avec ces CBD Love Gummies, vos performances sexuelles passent au niveau sup\u00e9rieur. Ces aphrodisiaques \u00e9rotiques en forme de c\u0153ur conviennent \u00e0 tout le monde. Allumez votre feu int\u00e9rieur comme jamais auparavant et offrez-vous une soir\u00e9e pleine de passion que vous n'oublierez pas de sit\u00f4t. Prenez 1 ou 2 gommes et laissez l'amour, la passion et la passion faire le reste. Surprenez votre partenaire et profitez-en !<\/p>\n<p>Les d\u00e9licieux Love Gummies contiennent plusieurs ingr\u00e9dients actifs, dont pas moins de 4 mg de CBD. Ils contiennent \u00e9galement Damiana (Turnera Diffusa) et Muira Puama (Ptychopetalum olacoides). Ces deux herbes l\u00e9gendaires sont connues pour \u00eatre de puissants aphrodisiaques et sont appel\u00e9es \"le viagra de l'Amazonie\". Gr\u00e2ce \u00e0 la saveur sucr\u00e9e de la fraise, vous vous l\u00e9cherez les doigts (ou ceux de votre partenaire) !<\/p>\n<p><strong>Utilisation :<\/strong><br \/>\nLe CBD agit dans le corps lorsqu'un miroir a \u00e9t\u00e9 cr\u00e9\u00e9. Vous construisez ce miroir en prenant du cannabidiol tous les jours. Nous recommandons toujours de commencer la premi\u00e8re semaine avec un ou plusieurs gommes par jour et d'augmenter si n\u00e9cessaire. Le CBD a de nombreuses propri\u00e9t\u00e9s positives. Une surdose de CBD est tr\u00e8s peu probable. Cependant, nous ne recommandons pas de prendre plus de 100 mg de CBD par jour.<\/p>\n<p><strong>Conseils de conservation :<\/strong><br \/>\nConservez ce produit de Dr. Candy dans un endroit frais et sombre, tel qu'un placard de cuisine, et gardez-le hors de port\u00e9e des enfants.<\/p>\n<p><strong>Ingr\u00e9dients par gomme :<\/strong><br \/>\n4 mg de CBD, 100 mg de Damiana (Turnera Diffusa) et 100 mg de Muira Puama (Ptychopetalum olacoides)<\/p>\n<p><strong>Avertissement :<\/strong><br \/>\nCe produit ne convient pas aux femmes enceintes et aux enfants.<\/p>","protected":false},"excerpt":{"rendered":"<p>Les bonbons CBD Love Gummies font partie de la collection de bonbons de Dr. Candy et contiennent du CBD. Appr\u00e9ciez la douceur et profitez des nombreux bienfaits du CBD pour le corps et l'esprit. Parfait pour les moments interm\u00e9diaires ou simplement parce que c'est savoureux. Dr. Candy est la marque de r\u00e9f\u00e9rence en mati\u00e8re de bonbons au CBD.<\/p>","protected":false},"featured_media":58154,"template":"","meta":[],"product_brand":[],"product_cat":[839,297,847],"product_tag":[],"class_list":{"0":"post-60076","1":"product","2":"type-product","3":"status-publish","4":"has-post-thumbnail","6":"product_cat-dr-candy","7":"product_cat-all-products","8":"product_cat-edibles-2","10":"first","11":"instock","12":"taxable","13":"shipping-taxable","14":"purchasable","15":"product-type-variable","16":"has-default-attributes"},"_links":{"self":[{"href":"https:\/\/www.headshop.nl\/fr\/wp-json\/wp\/v2\/product\/60076","targetHints":{"allow":["GET"]}}],"collection":[{"href":"https:\/\/www.headshop.nl\/fr\/wp-json\/wp\/v2\/product"}],"about":[{"href":"https:\/\/www.headshop.nl\/fr\/wp-json\/wp\/v2\/types\/product"}],"wp:featuredmedia":[{"embeddable":true,"href":"https:\/\/www.headshop.nl\/fr\/wp-json\/wp\/v2\/media\/58154"}],"wp:attachment":[{"href":"https:\/\/www.headshop.nl\/fr\/wp-json\/wp\/v2\/media?parent=60076"}],"wp:term":[{"taxonomy":"product_brand","embeddable":true,"href":"https:\/\/www.headshop.nl\/fr\/wp-json\/wp\/v2\/product_brand?post=60076"},{"taxonomy":"product_cat","embeddable":true,"href":"https:\/\/www.headshop.nl\/fr\/wp-json\/wp\/v2\/product_cat?post=60076"},{"taxonomy":"product_tag","embeddable":true,"href":"https:\/\/www.headshop.nl\/fr\/wp-json\/wp\/v2\/product_tag?post=60076"}],"curies":[{"name":"wp","href":"https:\/\/api.w.org\/{rel}","templated":true}]}}