{"id":60071,"date":"2023-01-16T11:19:59","date_gmt":"2023-01-16T11:19:59","guid":{"rendered":"https:\/\/www.headshop.nl\/?post_type=product&#038;p=60071"},"modified":"2025-05-23T09:25:26","modified_gmt":"2025-05-23T09:25:26","slug":"cbd-lollys-cola","status":"publish","type":"product","link":"https:\/\/www.headshop.nl\/fr\/cbd-lollys-cola\/","title":{"rendered":"CBD Lolly's Cola"},"content":{"rendered":"<p><strong>CBD Lollipop Cola :<\/strong><br \/>\nLa sucette CBD Cola de Dr. Candy est une friandise unique en son genre ! Le cannabidiol ou CBD est une substance pr\u00e9sente dans la plante de chanvre. Cette substance contient de nombreuses propri\u00e9t\u00e9s positives. Le CBD n'est pas une substance qui fait planer. Cependant, apr\u00e8s avoir fum\u00e9 un joint, la sucette au CBD peut renforcer la sensation d'euphorie. En effet, outre le CBD, d'autres substances sp\u00e9cifiques \u00e0 la plante sont \u00e9galement pr\u00e9sentes, comme le CBN. Le cannabinol (CBN) est un puissant s\u00e9datif. Les quantit\u00e9s contenues dans cette sucette sont loin d'\u00eatre suffisantes pour ressentir tout cela, \u00e0 moins de la combiner avec le THC. La fusion de ces deux substances peut avoir un effet puissant. Les bonbons au CBD sont utilis\u00e9s pour leur go\u00fbt et leurs effets uniques. Le go\u00fbt d'une goutte d'huile de CBD est fort et parfois ressenti comme d\u00e9sagr\u00e9able, les bonbons peuvent offrir la solution !<\/p>\n<p>Les sucettes Dr. Candy's Cola CBD contiennent pas moins de 10 mg. DE CBD. Bien entendu, nous proposons ces sucettes en plusieurs parfums : cola, pomme, ananas, orange, pina colada et cannabis. Il y en a donc pour tous les go\u00fbts.<\/p>\n<p>Les sucettes Dr. Candy ne contiennent pas de sucre, elles conviennent donc \u00e9galement aux personnes qui suivent un r\u00e9gime sans sucre. L'\u00e9dulcorant choisi est l'Isomalt. Vous voulez consommer du CBD mais vous en avez assez du go\u00fbt d\u00e9sagr\u00e9able des gouttes de CBD ? Alors commandez vite ces d\u00e9licieuses sucettes chez Dr.Candy !<\/p>\n<p><strong>Utilisation :<\/strong><br \/>\nLe CBD agit dans le corps lorsqu'il y a un miroir. Nous recommandons toujours de commencer par un maximum de 1 ou 2 sucettes au CBD par jour au cours de la premi\u00e8re semaine. En consommant une sucette par jour, vous augmentez le taux de CBD dans le sang. Le CBD a des propri\u00e9t\u00e9s puissantes. Une surdose de CBD est tr\u00e8s peu probable. Toutefois, nous ne recommandons pas de prendre plus de 100 mg de CBD par jour.<\/p>\n<p><strong>Ingr\u00e9dients :<\/strong><br \/>\nCBD, Isomalt (E953), Colorant naturel.<\/p>\n<p><strong>Conseils de conservation :<\/strong><br \/>\nConservez ce produit de Dr. Candy dans un endroit frais et sombre, tel qu'un placard de cuisine, et gardez-le hors de port\u00e9e des enfants.<\/p>\n<p><strong>Avertissement :<\/strong><br \/>\nCe produit ne convient pas aux femmes enceintes et aux enfants.<\/p>","protected":false},"excerpt":{"rendered":"<p>Le bonbon CBD Lolly's Cola fait partie de la collection de bonbons de Dr. Candy et contient du CBD. Appr\u00e9ciez la douceur et profitez des nombreux bienfaits du CBD pour le corps et l'esprit. Parfait pour les moments interm\u00e9diaires ou simplement parce qu'il est savoureux. Dr. Candy est la marque de r\u00e9f\u00e9rence en mati\u00e8re de bonbons au CBD.<\/p>","protected":false},"featured_media":58162,"template":"","meta":[],"product_brand":[],"product_cat":[839,297,847],"product_tag":[],"class_list":{"0":"post-60071","1":"product","2":"type-product","3":"status-publish","4":"has-post-thumbnail","6":"product_cat-dr-candy","7":"product_cat-all-products","8":"product_cat-edibles-2","10":"first","11":"instock","12":"taxable","13":"shipping-taxable","14":"purchasable","15":"product-type-variable"},"_links":{"self":[{"href":"https:\/\/www.headshop.nl\/fr\/wp-json\/wp\/v2\/product\/60071","targetHints":{"allow":["GET"]}}],"collection":[{"href":"https:\/\/www.headshop.nl\/fr\/wp-json\/wp\/v2\/product"}],"about":[{"href":"https:\/\/www.headshop.nl\/fr\/wp-json\/wp\/v2\/types\/product"}],"wp:featuredmedia":[{"embeddable":true,"href":"https:\/\/www.headshop.nl\/fr\/wp-json\/wp\/v2\/media\/58162"}],"wp:attachment":[{"href":"https:\/\/www.headshop.nl\/fr\/wp-json\/wp\/v2\/media?parent=60071"}],"wp:term":[{"taxonomy":"product_brand","embeddable":true,"href":"https:\/\/www.headshop.nl\/fr\/wp-json\/wp\/v2\/product_brand?post=60071"},{"taxonomy":"product_cat","embeddable":true,"href":"https:\/\/www.headshop.nl\/fr\/wp-json\/wp\/v2\/product_cat?post=60071"},{"taxonomy":"product_tag","embeddable":true,"href":"https:\/\/www.headshop.nl\/fr\/wp-json\/wp\/v2\/product_tag?post=60071"}],"curies":[{"name":"wp","href":"https:\/\/api.w.org\/{rel}","templated":true}]}}