{"id":46305,"date":"2022-07-11T12:07:16","date_gmt":"2022-07-11T12:07:16","guid":{"rendered":"https:\/\/www.headshop.nl\/?post_type=product&#038;p=46305"},"modified":"2025-02-14T14:31:35","modified_gmt":"2025-02-14T14:31:35","slug":"after-e","status":"publish","type":"product","link":"https:\/\/www.headshop.nl\/fr\/after-e\/","title":{"rendered":"After E"},"content":{"rendered":"<h2 data-pm-slice=\"1 1 []\">After E - L'ultime support Recovery de XTC et MDMA<\/h2>\n<h2>Qu'est-ce que le After E ?<\/h2>\n<p>After E est un compl\u00e9ment alimentaire soigneusement formul\u00e9 pour soutenir la r\u00e9cup\u00e9ration de votre corps apr\u00e8s une soir\u00e9e intense. Cette combinaison unique d'une multivitamine, d'une g\u00e9lule de guarana et de deux g\u00e9lules de L-Tryptophane aide \u00e0 restaurer les nutriments essentiels, \u00e0 \u00e9liminer les toxines plus rapidement et \u00e0 ramener vos niveaux de vitamines et de min\u00e9raux \u00e0 leur \u00e9tat optimal. En prenant After E le jour suivant, combin\u00e9 \u00e0 une hydratation suffisante, vous pouvez favoriser le processus naturel de r\u00e9cup\u00e9ration de votre corps.<\/p>\n<h2>Historique de After E<\/h2>\n<p>Le d\u00e9veloppement du After E d\u00e9coule du besoin croissant d'une solution fiable pour soutenir la r\u00e9cup\u00e9ration apr\u00e8s un effort excessif. Au fil des ans, les industries de la sant\u00e9 et du bien-\u00eatre se sont concentr\u00e9es sur la cr\u00e9ation de suppl\u00e9ments qui aident \u00e0 r\u00e9tablir l'\u00e9quilibre naturel de l'organisme. After E a \u00e9t\u00e9 formul\u00e9 sur la base de recherches scientifiques sur les avantages d'ingr\u00e9dients cl\u00e9s tels que le guarana et le L-Tryptophane, qui sont depuis longtemps reconnus pour leurs propri\u00e9t\u00e9s r\u00e9paratrices. En combinant ces composants avec des vitamines essentielles, After E fournit une solution de r\u00e9cup\u00e9ration tout-en-un qui s'aligne sur les modes de vie modernes soucieux de la sant\u00e9.<\/p>\n<h2>Comment utiliser After E<\/h2>\n<p>Pour de meilleurs r\u00e9sultats, prenez After E le lendemain d'une soir\u00e9e avec 1 \u00e0 4 verres d'eau. Le suppl\u00e9ment est con\u00e7u pour \u00eatre pris en une seule portion, compos\u00e9e d'une multivitamine, d'une capsule de guarana et de deux capsules de L-Tryptophane. L'hydratation est essentielle lors de l'utilisation du After E, car elle aide \u00e0 \u00e9liminer les toxines et \u00e0 soutenir les processus m\u00e9taboliques du corps. Bien que le After E soit tr\u00e8s efficace pour reconstituer les nutriments, le maintien d'un r\u00e9gime alimentaire \u00e9quilibr\u00e9 et d'un repos suffisant permettra d'am\u00e9liorer encore la r\u00e9cup\u00e9ration.<\/p>\n<h2>Ingr\u00e9dients de After E<\/h2>\n<p>After E contient un m\u00e9lange puissant de nutriments essentiels pour soutenir le r\u00e9tablissement de votre corps. La multivitamine fournit des vitamines et des min\u00e9raux vitaux pour reconstituer les niveaux \u00e9puis\u00e9s. Guarana, une source naturelle de caf\u00e9ine, aide \u00e0 promouvoir la vigilance et \u00e0 r\u00e9duire la fatigue. Le L-Tryptophane, un acide amin\u00e9 essentiel, joue un r\u00f4le crucial dans la production de s\u00e9rotonine, qui peut am\u00e9liorer l'humeur et la relaxation. Ces ingr\u00e9dients travaillent ensemble pour offrir une solution de r\u00e9cup\u00e9ration compl\u00e8te, ce qui fait de After E un suppl\u00e9ment indispensable pour ceux qui veulent soutenir leur bien-\u00eatre.<\/p>\n<p><strong>Avertissement<\/strong> Il s'agit d'un compl\u00e9ment alimentaire qui doit \u00eatre utilis\u00e9 comme tel. Ne pas utiliser After E comme substitut d'un r\u00e9gime alimentaire vari\u00e9. La portion recommand\u00e9e correspond \u00e0 la totalit\u00e9 du contenu de l'emballage. Ne pas d\u00e9passer la dose journali\u00e8re recommand\u00e9e. Si vous avez des probl\u00e8mes de sant\u00e9 sous-jacents ou si vous prenez des m\u00e9dicaments, consultez un professionnel de la sant\u00e9 avant d'utiliser ce produit.<\/p>\n<p>&nbsp;<\/p>","protected":false},"excerpt":{"rendered":"<div class=\"product-short-description\">\n<p>Vous vous sentez fatigu\u00e9 et abattu apr\u00e8s une f\u00eate, apr\u00e8s avoir trop bu ou pris trop de drogues comme la MDMA ou le XTC ? After-E est plein de vitamines et d'acides amin\u00e9s qui ram\u00e8neront votre humeur et votre corps \u00e0 la normale.<\/p>\n<\/div>","protected":false},"featured_media":46319,"template":"","meta":[],"product_brand":[],"product_cat":[460,297,461,455,463,456,464],"product_tag":[],"class_list":{"0":"post-46305","1":"product","2":"type-product","3":"status-publish","4":"has-post-thumbnail","6":"product_cat-recovery","7":"product_cat-all-products","8":"product_cat-detox","9":"product_cat-healthshop","10":"product_cat-sport","11":"product_cat-supplements","12":"product_cat-vitamins","14":"first","15":"instock","16":"taxable","17":"shipping-taxable","18":"purchasable","19":"product-type-variable","20":"has-default-attributes"},"_links":{"self":[{"href":"https:\/\/www.headshop.nl\/fr\/wp-json\/wp\/v2\/product\/46305","targetHints":{"allow":["GET"]}}],"collection":[{"href":"https:\/\/www.headshop.nl\/fr\/wp-json\/wp\/v2\/product"}],"about":[{"href":"https:\/\/www.headshop.nl\/fr\/wp-json\/wp\/v2\/types\/product"}],"wp:featuredmedia":[{"embeddable":true,"href":"https:\/\/www.headshop.nl\/fr\/wp-json\/wp\/v2\/media\/46319"}],"wp:attachment":[{"href":"https:\/\/www.headshop.nl\/fr\/wp-json\/wp\/v2\/media?parent=46305"}],"wp:term":[{"taxonomy":"product_brand","embeddable":true,"href":"https:\/\/www.headshop.nl\/fr\/wp-json\/wp\/v2\/product_brand?post=46305"},{"taxonomy":"product_cat","embeddable":true,"href":"https:\/\/www.headshop.nl\/fr\/wp-json\/wp\/v2\/product_cat?post=46305"},{"taxonomy":"product_tag","embeddable":true,"href":"https:\/\/www.headshop.nl\/fr\/wp-json\/wp\/v2\/product_tag?post=46305"}],"curies":[{"name":"wp","href":"https:\/\/api.w.org\/{rel}","templated":true}]}}