{"id":46109,"date":"2022-07-04T10:45:41","date_gmt":"2022-07-04T10:45:41","guid":{"rendered":"https:\/\/www.headshop.nl\/?post_type=product&#038;p=46109"},"modified":"2025-05-23T09:28:39","modified_gmt":"2025-05-23T09:28:39","slug":"cola-nut-capsules","status":"publish","type":"product","link":"https:\/\/www.headshop.nl\/fr\/cola-nut-capsules\/","title":{"rendered":"Cola Nut Capsules"},"content":{"rendered":"<h2>Qu'est-ce que Cola Nut Capsules ?<\/h2>\n<p>Cola Nut Capsules sont une <strong>suppl\u00e9ment d'\u00e9nergie naturel<\/strong> fabriqu\u00e9 \u00e0 partir des graines du <strong>Cola Nitida<\/strong> \u00e9galement connue sous le nom de Kolanoot. Cet arbre tropical, apparent\u00e9 au cacao, pousse jusqu'\u00e0 <strong>20 m\u00e8tres de haut<\/strong> dans les for\u00eats tropicales d'Afrique. Les graines sont naturellement riches en <strong>caf\u00e9ine<\/strong>Les effets stimulants des capsules Cola Nut sont \u00e9galement pr\u00e9sents. Semblable au caf\u00e9, ce <strong>stimulant naturel<\/strong> aide <strong>combattre la fatigue, am\u00e9liorer la concentration et la vivacit\u00e9 d'esprit<\/strong>.<\/p>\n<p>Chaque g\u00e9lule d\u00e9livre une <strong>contr\u00f4l\u00e9 et pratique<\/strong> dose de Cola Nut, offrant ainsi une <strong>un regain d'\u00e9nergie propre et naturel<\/strong> sans les sucres ajout\u00e9s que l'on trouve dans de nombreuses boissons \u00e9nergisantes. Les avantages du Cola Nut sont les suivants <strong>une endurance accrue, une meilleure concentration et une r\u00e9duction de la fatigue<\/strong>Il s'agit donc d'un excellent compl\u00e9ment \u00e0 votre <strong>routine quotidienne de bien-\u00eatre<\/strong>.<\/p>\n<h2>Historique de Cola Nut<\/h2>\n<p>Cola Nut a \u00e9t\u00e9 un <strong>l'utilisation culturelle et m\u00e9dicinale de la pierre pr\u00e9cieuse<\/strong> en Afrique depuis des si\u00e8cles. Traditionnellement, les tribus africaines <strong>a m\u00e2ch\u00e9 les graines<\/strong> pour maintenir l'\u00e9nergie pendant <strong>les longs trajets ou les t\u00e2ches physiquement exigeantes<\/strong>. Il \u00e9tait appr\u00e9ci\u00e9 pour sa capacit\u00e9 \u00e0 <strong>am\u00e9liorer l'endurance, la concentration et r\u00e9duire la fatigue<\/strong>.<\/p>\n<p>Le Cola Nut a \u00e9t\u00e9 reconnu au niveau mondial lorsqu'il est devenu l'un des principaux produits de l'Union europ\u00e9enne. <strong>ingr\u00e9dient cl\u00e9 de la formule originale du Coca-Cola<\/strong>et contribue \u00e0 l'am\u00e9lioration de la qualit\u00e9 de la boisson. <strong>teneur naturelle en caf\u00e9ine<\/strong>. Bien que les sodas modernes utilisent d\u00e9sormais de la caf\u00e9ine synth\u00e9tique, le Cola Nut reste un ingr\u00e9dient populaire dans les boissons gazeuses. <strong>les compl\u00e9ments alimentaires \u00e0 base de plantes et les produits stimulant l'\u00e9nergie<\/strong>. Sa capacit\u00e9 naturelle \u00e0 <strong>stimuler et am\u00e9liorer la concentration<\/strong> continue d'en faire une alternative recherch\u00e9e aux sources d'\u00e9nergie artificielles.<\/p>\n<h2>Comment utiliser Cola Nut Capsules<\/h2>\n<p>Pour de meilleurs r\u00e9sultats, <strong>prendre deux g\u00e9lules avec un verre d'eau<\/strong> une fois par jour. Pour \u00e9viter les troubles du sommeil, il est recommand\u00e9 de <strong>consommer les capsules Cola Nut le matin ou en d\u00e9but d'apr\u00e8s-midi<\/strong> en raison de leur <strong>une teneur \u00e9lev\u00e9e en caf\u00e9ine<\/strong>. Ce dosage contr\u00f4l\u00e9 assure une <strong>lib\u00e9ration r\u00e9guli\u00e8re d'\u00e9nergie<\/strong> sans consommation excessive de caf\u00e9ine.<\/p>\n<p>Si vous ne connaissez pas le Cola Nut ou si vous \u00eates sensible \u00e0 la caf\u00e9ine, envisagez de <strong>commencer par une dose plus faible<\/strong> pour \u00e9valuer la r\u00e9action de votre corps. Comme tout suppl\u00e9ment, <strong>utilisation coh\u00e9rente<\/strong> est essentiel pour b\u00e9n\u00e9ficier de tous ses avantages, notamment <strong>une meilleure concentration, une \u00e9nergie soutenue et une clart\u00e9 mentale tout au long de la journ\u00e9e<\/strong>.<\/p>\n<p>En plus de stimuler l'\u00e9nergie, le Cola Nut peut \u00e9galement favoriser <strong>gestion du poids<\/strong>. Sa teneur en caf\u00e9ine peut aider <strong>augmenter le m\u00e9tabolisme et supprimer l'app\u00e9tit<\/strong>Il s'agit donc d'un compl\u00e9ment utile \u00e0 une <strong>une alimentation \u00e9quilibr\u00e9e et un mode de vie actif<\/strong>.<\/p>\n<h2>Ingr\u00e9dients de Cola Nut Capsules<\/h2>\n<p>Chaque <strong>Indian Elements Cola Nut Capsule<\/strong> contient un seul ingr\u00e9dient puissant : <strong>Cola Nitida<\/strong>. Cet ingr\u00e9dient naturel provient des graines du <strong>Usine de Cola Nitida<\/strong>originaire de <strong>Afrique tropicale<\/strong>. Les graines sont riches en <strong>caf\u00e9ine<\/strong>qui est le <strong>compos\u00e9 actif primaire<\/strong> responsable de l'\u00e9tat de sant\u00e9 de Cola Nut <strong>effets stimulants<\/strong>.<\/p>\n<p>La caf\u00e9ine agit en <strong>stimuler le syst\u00e8me nerveux central<\/strong>, contribuant ainsi \u00e0 <strong>augmenter la vigilance, am\u00e9liorer la concentration et combattre la fatigue<\/strong>. En outre, le Cola Nut contient <strong>d'autres compos\u00e9s b\u00e9n\u00e9fiques<\/strong> qui peuvent soutenir <strong>les niveaux d'\u00e9nergie et le m\u00e9tabolisme<\/strong>. Il s'agit donc d'un <strong>une alternative naturelle et efficace<\/strong> aux stimulants synth\u00e9tiques pr\u00e9sents dans les boissons \u00e9nergisantes du commerce.<\/p>\n<p>Indian Elements Cola Nut Capsules sont <strong>100% naturel, respectueux de l'environnement et sans additifs ni conservateurs artificiels<\/strong>Vous avez ainsi l'assurance de recevoir un <strong>un produit pur et de haute qualit\u00e9<\/strong> qui prend en charge un <strong>un mode de vie propre et sain<\/strong>.<\/p>\n<p><strong>Avertissement<\/strong><\/p>\n<ul>\n<li><strong>R\u00e9serv\u00e9 aux adultes de 18 ans et plus.<\/strong><\/li>\n<li><strong>Tenir hors de port\u00e9e des enfants.<\/strong><\/li>\n<li>Ne pas utiliser le Cola Nut en association avec <strong>Inhibiteurs de la MAO<\/strong>.<\/li>\n<li>D\u00e9conseill\u00e9 aux personnes souffrant de <strong>des troubles r\u00e9naux ou cardiaques, une tension art\u00e9rielle \u00e9lev\u00e9e ou basse, ou un diab\u00e8te<\/strong>.<\/li>\n<li>\u00c9viter l'utilisation si l'on est sous l'influence de <strong>des m\u00e9dicaments, des drogues ou de l'alcool<\/strong>.<\/li>\n<li>Consultez toujours un <strong>fournisseur de soins de sant\u00e9<\/strong> avant de commencer \u00e0 prendre un nouveau suppl\u00e9ment.<\/li>\n<li>Ce produit est un <strong>compl\u00e9ment alimentaire<\/strong> et doit \u00eatre utilis\u00e9 dans le cadre d'un <strong>alimentation \u00e9quilibr\u00e9e<\/strong>.<\/li>\n<li><strong>Ne pas utiliser si le sceau est bris\u00e9.<\/strong><\/li>\n<\/ul>","protected":false},"excerpt":{"rendered":"<p>Les g\u00e9lules de Cola Nut de Indian Elements vous donnent un regain d'\u00e9nergie enti\u00e8rement naturel. Cet effet est d\u00fb \u00e0 la caf\u00e9ine contenue dans cette plante. Le compl\u00e9ment peut, entre autres, am\u00e9liorer la concentration et combattre la fatigue. Vous voulez perdre du poids ? Ici aussi, le Cola Nut peut vous aider de diverses mani\u00e8res. La perte de poids peut \u00eatre un peu plus rapide et plus facile \u00e0 maintenir.<\/p>","protected":false},"featured_media":82097,"template":"","meta":[],"product_brand":[],"product_cat":[814,297,455,389,457,407,384,463,456],"product_tag":[],"class_list":{"0":"post-46109","1":"product","2":"type-product","3":"status-publish","4":"has-post-thumbnail","6":"product_cat-indian-elements","7":"product_cat-all-products","8":"product_cat-healthshop","9":"product_cat-herbs","10":"product_cat-herbs-healthshop","11":"product_cat-medicinal-herbs","12":"product_cat-smartshop","13":"product_cat-sport","14":"product_cat-supplements","16":"first","17":"instock","18":"taxable","19":"shipping-taxable","20":"purchasable","21":"product-type-variable","22":"has-default-attributes"},"_links":{"self":[{"href":"https:\/\/www.headshop.nl\/fr\/wp-json\/wp\/v2\/product\/46109","targetHints":{"allow":["GET"]}}],"collection":[{"href":"https:\/\/www.headshop.nl\/fr\/wp-json\/wp\/v2\/product"}],"about":[{"href":"https:\/\/www.headshop.nl\/fr\/wp-json\/wp\/v2\/types\/product"}],"wp:featuredmedia":[{"embeddable":true,"href":"https:\/\/www.headshop.nl\/fr\/wp-json\/wp\/v2\/media\/82097"}],"wp:attachment":[{"href":"https:\/\/www.headshop.nl\/fr\/wp-json\/wp\/v2\/media?parent=46109"}],"wp:term":[{"taxonomy":"product_brand","embeddable":true,"href":"https:\/\/www.headshop.nl\/fr\/wp-json\/wp\/v2\/product_brand?post=46109"},{"taxonomy":"product_cat","embeddable":true,"href":"https:\/\/www.headshop.nl\/fr\/wp-json\/wp\/v2\/product_cat?post=46109"},{"taxonomy":"product_tag","embeddable":true,"href":"https:\/\/www.headshop.nl\/fr\/wp-json\/wp\/v2\/product_tag?post=46109"}],"curies":[{"name":"wp","href":"https:\/\/api.w.org\/{rel}","templated":true}]}}