{"id":46107,"date":"2022-07-04T10:45:36","date_gmt":"2022-07-04T10:45:36","guid":{"rendered":"https:\/\/www.headshop.nl\/?post_type=product&#038;p=46107"},"modified":"2025-05-23T09:28:45","modified_gmt":"2025-05-23T09:28:45","slug":"absinth-capsules","status":"publish","type":"product","link":"https:\/\/www.headshop.nl\/fr\/absinth-capsules\/","title":{"rendered":"Absinth Capsules"},"content":{"rendered":"<h2>Qu'est-ce que le Absinth ?<\/h2>\n<p>Le Absinth, fabriqu\u00e9 \u00e0 partir de l'Artemisia Absinthium (\u00e9galement connu sous le nom d'Alsemkruid ou Absinthe), est une plante r\u00e9put\u00e9e pour ses utilisations historiques et m\u00e9dicinales. Cette plante est connue pour sa saveur am\u00e8re caract\u00e9ristique et, bien qu'elle soit surtout connue comme ingr\u00e9dient de la boisson alcoolis\u00e9e Absinthe, ses bienfaits vont bien au-del\u00e0. Cette plante favorise une digestion saine en stimulant l'app\u00e9tit et en promouvant la sant\u00e9 gastro-intestinale. En outre, le Absinth est reconnu pour ses effets calmants et relaxants. L'histoire de cette plante est riche en r\u00e9cits d'anciennes civilisations qui l'utilisaient \u00e0 des fins m\u00e9dicinales diverses et, de nos jours, elle est recherch\u00e9e pour ses propri\u00e9t\u00e9s naturelles. Connu pour son potentiel de stimulation de la cr\u00e9ativit\u00e9, le Absinth a m\u00eame \u00e9t\u00e9 associ\u00e9 \u00e0 des effets hallucinog\u00e8nes lorsqu'il est combin\u00e9 \u00e0 de l'alcool, ce qui l'a rendu populaire parmi les artistes dans le pass\u00e9. Aujourd'hui, il est appr\u00e9ci\u00e9 pour ses bienfaits holistiques, notamment sa capacit\u00e9 \u00e0 favoriser la relaxation et la clart\u00e9 mentale.<\/p>\n<h2>Historique de Absinth<\/h2>\n<p>Le Absinth a une longue histoire qui remonte \u00e0 l'Antiquit\u00e9. Les Grecs et les Romains ont \u00e9t\u00e9 parmi les premiers \u00e0 reconna\u00eetre ses qualit\u00e9s m\u00e9dicinales, l'utilisant pour traiter une vari\u00e9t\u00e9 de maux et promouvoir la sant\u00e9. \u00c0 cette \u00e9poque, les voyageurs pla\u00e7aient souvent du Absinth dans leurs chaussures pour soulager les douleurs des pieds et pr\u00e9venir les infections. Au fil des si\u00e8cles, le Absinth s'est fait conna\u00eetre, surtout au XIXe si\u00e8cle, lorsqu'il est devenu l'ingr\u00e9dient principal de la boisson alcoolis\u00e9e Absinthe. Le Absinthe \u00e9tait r\u00e9put\u00e9 pour ses propri\u00e9t\u00e9s stimulantes et de nombreux artistes de renom, tels que Van Gogh et Picasso, l'auraient consomm\u00e9 pour ses effets suppos\u00e9s sur la cr\u00e9ativit\u00e9. Cependant, la r\u00e9putation de cette plante a \u00e9t\u00e9 entach\u00e9e par des inqui\u00e9tudes concernant ses effets psychoactifs, ce qui a conduit \u00e0 une p\u00e9riode d'interdiction. Ces interdictions ont finalement \u00e9t\u00e9 lev\u00e9es lorsqu'il a \u00e9t\u00e9 \u00e9tabli que la plante n'\u00e9tait pas aussi toxique qu'on le pensait \u00e0 l'origine. Le Absinth est aujourd'hui consid\u00e9r\u00e9 comme un compl\u00e9ment naturel aux multiples bienfaits, qui continue de s\u00e9duire les gens du monde entier.<\/p>\n<h2>Comment utiliser Absinth<\/h2>\n<p>L'utilisation du Absinth est simple, mais il est important de l'utiliser avec prudence. Le dosage recommand\u00e9 est de 1 gramme par jour, qui peut \u00eatre consomm\u00e9 sous diverses formes, telles que th\u00e9 infus\u00e9, g\u00e9lules ou teintures. Le go\u00fbt amer du Absinth est b\u00e9n\u00e9fique pour la digestion, la stimulation de l'app\u00e9tit et la sant\u00e9 gastro-intestinale en g\u00e9n\u00e9ral. Il procure \u00e9galement une sensation de d\u00e9tente, ce qui en fait une excellente option pour se d\u00e9tendre \u00e0 la fin d'une longue journ\u00e9e. Cependant, il est essentiel de ne pas consommer le Absinth en exc\u00e8s, car il peut provoquer des effets hallucinatoires, en particulier lorsqu'il est combin\u00e9 avec de l'alcool. Pour ceux qui cherchent \u00e0 se d\u00e9tendre ou \u00e0 accro\u00eetre leur cr\u00e9ativit\u00e9, le Absinth peut \u00eatre un compl\u00e9ment utile pour atteindre ces objectifs. Veillez toujours \u00e0 \u00e9viter les activit\u00e9s telles que la conduite sous influence, et limitez l'utilisation \u00e0 des doses occasionnelles. Veillez \u00e0 respecter la posologie recommand\u00e9e et observez comment votre corps r\u00e9agit \u00e0 cette plante.<\/p>\n<h2>Ingr\u00e9dients de Absinth<\/h2>\n<p>L'ingr\u00e9dient cl\u00e9 de Indian Elements' Absinth est l'Artemisia Absinthium, \u00e9galement connu sous le nom d'Alsemkruid ou Absinthe. Cette plante est riche en compos\u00e9s naturels, notamment en substances am\u00e8res qui stimulent la digestion, stimulent l'app\u00e9tit et favorisent la sant\u00e9 gastro-intestinale. Le Absinth contient \u00e9galement de la thuyone, autrefois consid\u00e9r\u00e9e comme nocive, mais dont on sait aujourd'hui qu'elle contribue aux effets psychoactifs de la plante. Historiquement, elle \u00e9tait surtout associ\u00e9e \u00e0 la boisson Absinthe, mais ses bienfaits pour la sant\u00e9 vont bien au-del\u00e0. L'amertume de la plante est connue pour calmer l'estomac, soulager l'inconfort digestif et cr\u00e9er un sentiment de relaxation. Le Indian Elements' Absinth est soigneusement s\u00e9lectionn\u00e9 pour garantir la pr\u00e9servation des puissantes propri\u00e9t\u00e9s de la plante. Ce produit naturel et v\u00e9g\u00e9talien est un compl\u00e9ment parfait \u00e0 votre routine de bien-\u00eatre, soutenant \u00e0 la fois le bien-\u00eatre physique et mental.<\/p>\n<p><strong>Avertissement<\/strong><br \/>\nR\u00e9serv\u00e9 aux personnes \u00e2g\u00e9es de 18 ans et plus. Tenir hors de port\u00e9e des enfants.<br \/>\n\u00c9viter l'utilisation r\u00e9guli\u00e8re de ce produit. Ne pas conduire ou utiliser des machines sous l'influence du Absinth. Les personnes souffrant de probl\u00e8mes cardiaques ou r\u00e9naux, d'hypertension ou d'hypotension, de diab\u00e8te ou prenant des m\u00e9dicaments ne doivent pas utiliser cette plante. Le Absinth n'est pas un m\u00e9dicament ; il s'agit d'un compl\u00e9ment alimentaire qui doit \u00eatre utilis\u00e9 en cons\u00e9quence. Ne pas acheter si le sceau est bris\u00e9.<\/p>","protected":false},"excerpt":{"rendered":"<p>Les g\u00e9lules Absinth de Indian Elements contiennent un extrait d'absinthe. Cette plante a acquis un statut presque mythique au cours des si\u00e8cles. Nous la connaissons principalement gr\u00e2ce \u00e0 la tristement c\u00e9l\u00e8bre boisson alcoolis\u00e9e Absinth, qui \u00e9tait appr\u00e9ci\u00e9e de plusieurs peintres c\u00e9l\u00e8bres. Cependant, l'absinthe est toujours utilis\u00e9e de bien d'autres mani\u00e8res. Elle poss\u00e8de des propri\u00e9t\u00e9s particuli\u00e8res.<\/p>","protected":false},"featured_media":82100,"template":"","meta":[],"product_brand":[],"product_cat":[814,297,455,389,457,407,384,463,456],"product_tag":[],"class_list":{"0":"post-46107","1":"product","2":"type-product","3":"status-publish","4":"has-post-thumbnail","6":"product_cat-indian-elements","7":"product_cat-all-products","8":"product_cat-healthshop","9":"product_cat-herbs","10":"product_cat-herbs-healthshop","11":"product_cat-medicinal-herbs","12":"product_cat-smartshop","13":"product_cat-sport","14":"product_cat-supplements","16":"first","17":"instock","18":"taxable","19":"shipping-taxable","20":"purchasable","21":"product-type-variable","22":"has-default-attributes"},"_links":{"self":[{"href":"https:\/\/www.headshop.nl\/fr\/wp-json\/wp\/v2\/product\/46107","targetHints":{"allow":["GET"]}}],"collection":[{"href":"https:\/\/www.headshop.nl\/fr\/wp-json\/wp\/v2\/product"}],"about":[{"href":"https:\/\/www.headshop.nl\/fr\/wp-json\/wp\/v2\/types\/product"}],"wp:featuredmedia":[{"embeddable":true,"href":"https:\/\/www.headshop.nl\/fr\/wp-json\/wp\/v2\/media\/82100"}],"wp:attachment":[{"href":"https:\/\/www.headshop.nl\/fr\/wp-json\/wp\/v2\/media?parent=46107"}],"wp:term":[{"taxonomy":"product_brand","embeddable":true,"href":"https:\/\/www.headshop.nl\/fr\/wp-json\/wp\/v2\/product_brand?post=46107"},{"taxonomy":"product_cat","embeddable":true,"href":"https:\/\/www.headshop.nl\/fr\/wp-json\/wp\/v2\/product_cat?post=46107"},{"taxonomy":"product_tag","embeddable":true,"href":"https:\/\/www.headshop.nl\/fr\/wp-json\/wp\/v2\/product_tag?post=46107"}],"curies":[{"name":"wp","href":"https:\/\/api.w.org\/{rel}","templated":true}]}}