{"id":46087,"date":"2022-07-04T10:39:25","date_gmt":"2022-07-04T10:39:25","guid":{"rendered":"https:\/\/www.headshop.nl\/?post_type=product&#038;p=46087"},"modified":"2025-05-23T09:28:55","modified_gmt":"2025-05-23T09:28:55","slug":"guarana","status":"publish","type":"product","link":"https:\/\/www.headshop.nl\/fr\/guarana\/","title":{"rendered":"Guarana Capsules"},"content":{"rendered":"<h2>Qu'est-ce que Guarana Capsules ?<\/h2>\n<p>Indian Elements Guarana Capsules sont un compl\u00e9ment d'\u00e9nergie naturel fabriqu\u00e9 \u00e0 partir des graines de l'arbre \u00e0 pain. <strong>Paullinia Cupana<\/strong> originaire de la for\u00eat amazonienne. Utilis\u00e9 depuis des si\u00e8cles par les tribus indig\u00e8nes pour ses effets stimulants, le guarana est connu pour sa <strong>une teneur \u00e9lev\u00e9e en caf\u00e9ine - 4 \u00e0 6 fois plus que le caf\u00e9<\/strong>-Ce qui en fait un stimulant \u00e9nerg\u00e9tique puissant et durable.<\/p>\n<p>Contrairement au caf\u00e9, qui fournit un pic de caf\u00e9ine rapide, le guarana lib\u00e8re sa caf\u00e9ine progressivement. Cela garantit <strong>des niveaux d'\u00e9nergie soutenus<\/strong> sans l'effondrement soudain qui suit souvent la consommation de caf\u00e9. Les capsules constituent un moyen pratique de profiter des bienfaits du guarana, en soutenant <strong>les performances mentales et physiques<\/strong>. Que vous ayez besoin de rester alerte pendant de longues heures de travail ou que vous ayez besoin d'une endurance suppl\u00e9mentaire pour vos activit\u00e9s physiques, Indian Elements Guarana Capsules vous offre une solution de qualit\u00e9. <strong>solution \u00e9nerg\u00e9tique naturelle et \u00e9quilibr\u00e9e<\/strong>.<\/p>\n<h2>Historique de Guarana<\/h2>\n<p>Guarana a une longue histoire en Amazonie, o\u00f9 les tribus indig\u00e8nes l'utilisent \u00e0 des fins m\u00e9dicinales et c\u00e9r\u00e9monielles depuis des si\u00e8cles. Dans certaines cultures, le guarana est <strong>signification spirituelle et culturelle<\/strong>Il est tiss\u00e9 dans les rituels quotidiens et les pratiques de survie. Traditionnellement, il \u00e9tait utilis\u00e9 comme <strong>stimulant pour la chasse et la guerre<\/strong>, contribuant \u00e0 l'am\u00e9lioration de la qualit\u00e9 de l'eau <strong>la concentration, l'endurance et les niveaux d'\u00e9nergie<\/strong>.<\/p>\n<p>Au fur et \u00e0 mesure que ses propri\u00e9t\u00e9s \u00e9nergisantes \u00e9taient reconnues, le guarana s'est r\u00e9pandu au-del\u00e0 de l'Amazonie, devenant finalement un ingr\u00e9dient cl\u00e9 dans les produits suivants <strong>les boissons \u00e9nergisantes, les compl\u00e9ments alimentaires et les produits amaigrissants<\/strong>. Aujourd'hui, il est appr\u00e9ci\u00e9 dans le monde entier pour ses <strong>capacit\u00e9 naturelle \u00e0 stimuler l'\u00e9nergie et la concentration<\/strong> sans les effets secondaires n\u00e9gatifs des stimulants synth\u00e9tiques.<\/p>\n<h2>Comment utiliser Guarana Capsules<\/h2>\n<p>Pour des r\u00e9sultats optimaux, <strong>prendre une g\u00e9lule avec un verre d'eau<\/strong> dans le cadre de votre routine quotidienne. Il est pr\u00e9f\u00e9rable de consommer Guarana Capsules dans la journ\u00e9e. <strong>matin\u00e9e ou d\u00e9but d'apr\u00e8s-midi<\/strong> pour \u00e9viter les troubles du sommeil dus \u00e0 sa forte teneur en caf\u00e9ine. Gr\u00e2ce \u00e0 la <strong>lib\u00e9ration progressive de la caf\u00e9ine<\/strong>Vous ferez l'exp\u00e9rience de <strong>une \u00e9nergie et une concentration durables<\/strong> sans les frissons ou les coups de pompe associ\u00e9s au caf\u00e9 ou aux boissons \u00e9nergisantes.<\/p>\n<p>Si vous \u00eates sensible \u00e0 la caf\u00e9ine ou si vous ne connaissez pas le guarana, commencez par une dose de <strong>dose plus faible<\/strong> et surveillez les r\u00e9actions de votre corps. Guarana est connu pour <strong>am\u00e9liorer la clart\u00e9 mentale, la concentration et les performances physiques<\/strong>ce qui en fait un excellent compl\u00e9ment pour les <strong>les athl\u00e8tes, les \u00e9tudiants et les professionnels<\/strong> qui cherchent \u00e0 rester vifs et \u00e9nergiques tout au long de la journ\u00e9e.<\/p>\n<p>En plus d'augmenter l'\u00e9nergie, le guarana peut \u00e9galement favoriser <strong>gestion du poids<\/strong>gr\u00e2ce \u00e0 son <strong>propri\u00e9t\u00e9s coupe-faim l\u00e9g\u00e8res et riche en antioxydants<\/strong>. Il s'agit donc d'un choix populaire pour les personnes cherchant \u00e0 <strong>maintenir une alimentation saine et un programme de remise en forme<\/strong>.<\/p>\n<h2>Ingr\u00e9dients de Guarana Capsules<\/h2>\n<p>Le seul ingr\u00e9dient actif du Indian Elements Guarana Capsules est le suivant <strong>Paullinia Cupana<\/strong>La graine de guarana naturelle. Ces graines sont riches en caf\u00e9ine, le principal compos\u00e9 responsable des effets du guarana. <strong>des effets \u00e9nergisants puissants<\/strong>. Contenant <strong>4 \u00e0 6 fois plus de caf\u00e9ine que le caf\u00e9<\/strong>Le guarana est l'un des produits les plus <strong>Stimulants naturels puissants disponibles<\/strong>.<\/p>\n<p>En plus de la caf\u00e9ine, les graines de guarana sont riches en <strong>antioxydants<\/strong> qui aident \u00e0 lutter contre <strong>stress oxydatif<\/strong> et favoriser le bien-\u00eatre g\u00e9n\u00e9ral. Contrairement aux stimulants synth\u00e9tiques, le guarana procure une sensation de bien-\u00eatre. <strong>un regain d'\u00e9nergie \u00e9quilibr\u00e9 et durable<\/strong> sans hauts ni bas extr\u00eames.<\/p>\n<p>Indian Elements Guarana Capsules sont <strong>100% naturel, v\u00e9g\u00e9talien et sans additifs artificiels<\/strong>Vous avez ainsi l'assurance de recevoir un <strong>pure et de haute qualit\u00e9<\/strong> qui soutient un programme de <strong>mode de vie sain<\/strong>.<\/p>\n<p><strong>Avertissement<\/strong><\/p>\n<ul>\n<li><strong>R\u00e9serv\u00e9 aux adultes de 18 ans et plus.<\/strong><\/li>\n<li><strong>Tenir hors de port\u00e9e des enfants.<\/strong><\/li>\n<li>D\u00e9conseill\u00e9 aux personnes souffrant de <strong>probl\u00e8mes cardiaques<\/strong>.<\/li>\n<li>Consulter un <strong>fournisseur de soins de sant\u00e9<\/strong> avant de l'utiliser si vous avez des probl\u00e8mes m\u00e9dicaux.<\/li>\n<li>Il s'agit d'un <strong>compl\u00e9ment alimentaire<\/strong> et doit \u00eatre utilis\u00e9 dans le cadre d'un r\u00e9gime alimentaire \u00e9quilibr\u00e9.<\/li>\n<li><strong>Ne pas utiliser si le sceau est bris\u00e9.<\/strong><\/li>\n<\/ul>","protected":false},"excerpt":{"rendered":"<p>Le Guarana de Indian Elements est un stimulant \u00e9nerg\u00e9tique naturel. Comme cette plante est riche en caf\u00e9ine, elle peut contribuer \u00e0 am\u00e9liorer les performances physiques et mentales. Par exemple, le produit peut fournir plus d'\u00e9nergie et une meilleure concentration. C'est pourquoi les g\u00e9lules de Guarana sont appr\u00e9ci\u00e9es, entre autres, par les athl\u00e8tes et les \u00e9tudiants qui travaillent le soir.<\/p>","protected":false},"featured_media":82106,"template":"","meta":[],"product_brand":[],"product_cat":[814,297,455,457,389,407,384,463,456],"product_tag":[],"class_list":{"0":"post-46087","1":"product","2":"type-product","3":"status-publish","4":"has-post-thumbnail","6":"product_cat-indian-elements","7":"product_cat-all-products","8":"product_cat-healthshop","9":"product_cat-herbs-healthshop","10":"product_cat-herbs","11":"product_cat-medicinal-herbs","12":"product_cat-smartshop","13":"product_cat-sport","14":"product_cat-supplements","16":"first","17":"instock","18":"taxable","19":"shipping-taxable","20":"purchasable","21":"product-type-variable","22":"has-default-attributes"},"_links":{"self":[{"href":"https:\/\/www.headshop.nl\/fr\/wp-json\/wp\/v2\/product\/46087","targetHints":{"allow":["GET"]}}],"collection":[{"href":"https:\/\/www.headshop.nl\/fr\/wp-json\/wp\/v2\/product"}],"about":[{"href":"https:\/\/www.headshop.nl\/fr\/wp-json\/wp\/v2\/types\/product"}],"wp:featuredmedia":[{"embeddable":true,"href":"https:\/\/www.headshop.nl\/fr\/wp-json\/wp\/v2\/media\/82106"}],"wp:attachment":[{"href":"https:\/\/www.headshop.nl\/fr\/wp-json\/wp\/v2\/media?parent=46087"}],"wp:term":[{"taxonomy":"product_brand","embeddable":true,"href":"https:\/\/www.headshop.nl\/fr\/wp-json\/wp\/v2\/product_brand?post=46087"},{"taxonomy":"product_cat","embeddable":true,"href":"https:\/\/www.headshop.nl\/fr\/wp-json\/wp\/v2\/product_cat?post=46087"},{"taxonomy":"product_tag","embeddable":true,"href":"https:\/\/www.headshop.nl\/fr\/wp-json\/wp\/v2\/product_tag?post=46087"}],"curies":[{"name":"wp","href":"https:\/\/api.w.org\/{rel}","templated":true}]}}