{"id":46004,"date":"2022-07-04T10:15:51","date_gmt":"2022-07-04T10:15:51","guid":{"rendered":"https:\/\/www.headshop.nl\/?post_type=product&#038;p=46004"},"modified":"2025-06-06T06:24:53","modified_gmt":"2025-06-06T06:24:53","slug":"mitragyna-javanica","status":"publish","type":"product","link":"https:\/\/www.headshop.nl\/fr\/mitragyna-javanica\/","title":{"rendered":"Mitragyna Javanica"},"content":{"rendered":"<h2 data-pm-slice=\"1 1 []\">Qu'est-ce que le Mitragyna Javanica ?<\/h2>\n<p><strong>Mitragyna Javanica<\/strong> est une plante tropicale qui appartient \u00e0 la m\u00eame famille botanique que la Mitragyna Speciosa, \u00e9galement connue sous le nom de Kratom. Originaire d'Asie du Sud-Est, cette plante est traditionnellement appr\u00e9ci\u00e9e pour ses propri\u00e9t\u00e9s l\u00e9g\u00e8rement stimulantes et apaisantes. Contrairement au Kratom, <strong>Mitragyna Javanica<\/strong> contient des alcalo\u00efdes distincts, offrant une alternative l\u00e9gale et plus douce qui augmente l'\u00e9nergie et le bien-\u00eatre sans effets s\u00e9datifs forts.<\/p>\n<p>Les feuilles de <strong>Mitragyna Javanica<\/strong> sont soigneusement r\u00e9colt\u00e9es, s\u00e9ch\u00e9es et r\u00e9duites en poudre fine pour une utilisation polyvalente. De nombreuses personnes choisissent ce compl\u00e9ment \u00e0 base de plantes pour sa capacit\u00e9 \u00e0 favoriser la relaxation et la concentration. \u00c9tant 100% naturel et v\u00e9g\u00e9talien, il compl\u00e8te parfaitement un mode de vie soucieux de la sant\u00e9.<\/p>\n<div><\/div>\n<h2>Historique de Mitragyna Javanica<\/h2>\n<p>L'utilisation de <strong>Mitragyna Javanica<\/strong> L'usage de l'huile d'olive remonte \u00e0 plusieurs si\u00e8cles, notamment en Thailand, en Malaisie et en Indon\u00e9sie, o\u00f9 elle \u00e9tait traditionnellement consomm\u00e9e pour ses effets euphorisants et \u00e9nergisants subtils. Les communaut\u00e9s locales d\u00e9pendaient de cette plante pour stimuler l'endurance et att\u00e9nuer la fatigue, ce qui la rendait particuli\u00e8rement utile pour les ouvriers travaillant de longues heures dans des conditions difficiles.<\/p>\n<p>L'int\u00e9r\u00eat croissant pour les compl\u00e9ments naturels \u00e0 l'\u00e9chelle mondiale, <strong>Mitragyna Javanica<\/strong> est devenu une alternative l\u00e9gale privil\u00e9gi\u00e9e aux substances v\u00e9g\u00e9tales plus puissantes. Contrairement au Kratom, qui fait l'objet d'une r\u00e9glementation stricte dans diff\u00e9rents pays, <strong>Mitragyna Javanica<\/strong> reste largement accessible et appr\u00e9ci\u00e9 pour ses effets \u00e9quilibr\u00e9s. Aujourd'hui, elle est couramment consomm\u00e9e sous forme de th\u00e9, de g\u00e9lules ou de poudre, ce qui en fait un choix polyvalent pour les amateurs de plantes du monde entier.<\/p>\n<div><\/div>\n<h2>Comment utiliser Mitragyna Javanica<\/h2>\n<p>Incorporer <strong>Mitragyna Javanica<\/strong> Il est facile d'incorporer des c\u00e9r\u00e9ales dans votre routine. La portion recommand\u00e9e est de 20 grammes, mais les pr\u00e9f\u00e9rences individuelles peuvent varier. Les m\u00e9thodes de consommation les plus courantes sont les suivantes :<\/p>\n<ul data-spread=\"false\">\n<li><strong>Th\u00e9 :<\/strong> Faites infuser la poudre dans de l'eau chaude, laissez-la infuser pendant quelques minutes, puis filtrez-la avant de la boire pour une exp\u00e9rience de tisane traditionnelle.<\/li>\n<li><strong>Capsules :<\/strong> L'encapsulation de la poudre permet de la consommer de mani\u00e8re pratique et sans go\u00fbt.<\/li>\n<li><strong>Jus et smoothies :<\/strong> M\u00e9langez la poudre \u00e0 du jus de fruits ou \u00e0 des smoothies pour masquer son go\u00fbt l\u00e9g\u00e8rement amer.<\/li>\n<\/ul>\n<p>Pour d\u00e9terminer la tol\u00e9rance et les effets personnels, commencez par une dose plus faible et ajustez-la si n\u00e9cessaire. Comme pour tous les compl\u00e9ments \u00e0 base de plantes, une utilisation responsable est essentielle pour obtenir une exp\u00e9rience optimale.<\/p>\n<div><\/div>\n<h2>Ingr\u00e9dients de Mitragyna Javanica<\/h2>\n<p><strong>Mitragyna Javanica<\/strong> est compos\u00e9 d'un seul ingr\u00e9dient naturel :<\/p>\n<ul data-spread=\"false\">\n<li><strong>Mitragyna Javanica (100%)<\/strong><\/li>\n<\/ul>\n<p>Ce produit est enti\u00e8rement naturel, v\u00e9g\u00e9talien et exempt d'additifs artificiels ou de conservateurs, ce qui en fait un excellent choix pour ceux qui pr\u00e9f\u00e8rent les solutions de bien-\u00eatre \u00e0 base de plantes.<\/p>\n<div><\/div>\n<p><strong>Avertissement :<\/strong><br \/>\nCe produit est destin\u00e9 aux personnes \u00e2g\u00e9es de 18 ans et plus. Tenir hors de port\u00e9e des enfants.<\/p>\n<p><strong>Mitragyna Javanica<\/strong> ne doit pas \u00eatre utilis\u00e9 en association avec des inhibiteurs de la MAO. Les personnes souffrant de troubles r\u00e9naux ou cardiaques, d'hypertension ou d'hypotension, de diab\u00e8te ou sous l'influence de m\u00e9dicaments, de drogues ou d'alcool doivent s'abstenir d'utiliser ce produit. Il s'agit d'un compl\u00e9ment alimentaire qui doit \u00eatre utilis\u00e9 comme tel. Ne pas consommer si le sceau est bris\u00e9.<\/p>\n<p>Conserver au frais, \u00e0 l'abri de la lumi\u00e8re et de l'humidit\u00e9 pour pr\u00e9server la fra\u00eecheur et l'efficacit\u00e9 du produit.<\/p>","protected":false},"excerpt":{"rendered":"<p data-pm-slice=\"1 1 []\">D\u00e9couvrez les bienfaits naturels de <strong>Mitragyna Javanica<\/strong>une plante distinctive r\u00e9put\u00e9e pour ses effets stimulants. Ce compl\u00e9ment naturel et v\u00e9g\u00e9talien 100% est facile \u00e0 utiliser et procure une exp\u00e9rience douce mais qui am\u00e9liore l'humeur. Il est id\u00e9al pour ceux qui recherchent un moyen naturel de promouvoir le bien-\u00eatre et la relaxation.<\/p>","protected":false},"featured_media":82112,"template":"","meta":[],"product_brand":[],"product_cat":[814,297,391,455,457,389,407,406,396,405,384],"product_tag":[],"class_list":{"0":"post-46004","1":"product","2":"type-product","3":"status-publish","4":"has-post-thumbnail","6":"product_cat-indian-elements","7":"product_cat-all-products","8":"product_cat-extracts","9":"product_cat-healthshop","10":"product_cat-herbs-healthshop","11":"product_cat-herbs","12":"product_cat-medicinal-herbs","13":"product_cat-psychedelic-herbs","14":"product_cat-relax","15":"product_cat-relax-herbs","16":"product_cat-smartshop","17":"product_shipping_class-not-allowed-group-1","19":"first","20":"instock","21":"taxable","22":"shipping-taxable","23":"purchasable","24":"product-type-variable","25":"has-default-attributes"},"_links":{"self":[{"href":"https:\/\/www.headshop.nl\/fr\/wp-json\/wp\/v2\/product\/46004","targetHints":{"allow":["GET"]}}],"collection":[{"href":"https:\/\/www.headshop.nl\/fr\/wp-json\/wp\/v2\/product"}],"about":[{"href":"https:\/\/www.headshop.nl\/fr\/wp-json\/wp\/v2\/types\/product"}],"wp:featuredmedia":[{"embeddable":true,"href":"https:\/\/www.headshop.nl\/fr\/wp-json\/wp\/v2\/media\/82112"}],"wp:attachment":[{"href":"https:\/\/www.headshop.nl\/fr\/wp-json\/wp\/v2\/media?parent=46004"}],"wp:term":[{"taxonomy":"product_brand","embeddable":true,"href":"https:\/\/www.headshop.nl\/fr\/wp-json\/wp\/v2\/product_brand?post=46004"},{"taxonomy":"product_cat","embeddable":true,"href":"https:\/\/www.headshop.nl\/fr\/wp-json\/wp\/v2\/product_cat?post=46004"},{"taxonomy":"product_tag","embeddable":true,"href":"https:\/\/www.headshop.nl\/fr\/wp-json\/wp\/v2\/product_tag?post=46004"}],"curies":[{"name":"wp","href":"https:\/\/api.w.org\/{rel}","templated":true}]}}