{"id":46003,"date":"2022-07-04T10:15:51","date_gmt":"2022-07-04T10:15:51","guid":{"rendered":"https:\/\/www.headshop.nl\/?post_type=product&#038;p=46003"},"modified":"2025-05-23T09:29:07","modified_gmt":"2025-05-23T09:29:07","slug":"herbal-spliff-mix-250-gram","status":"publish","type":"product","link":"https:\/\/www.headshop.nl\/fr\/herbal-spliff-mix-250-gram\/","title":{"rendered":"Herbal Spliff Mix 250 grammes"},"content":{"rendered":"<h2>Qu'est-ce que Herbal Spliff Mix ?<\/h2>\n<p>Herbal Spliff Mix est un m\u00e9lange d'herbes savamment \u00e9labor\u00e9, compos\u00e9 de diverses herbes naturelles, chacune choisie pour ses effets calmants. Ce m\u00e9lange sp\u00e9cial est parfait pour les personnes \u00e0 la recherche d'une exp\u00e9rience relaxante, qu'il soit utilis\u00e9 seul ou pour renforcer les effets du cannabis. Le Herbal Spliff Mix est un produit polyvalent, id\u00e9al pour pr\u00e9parer du th\u00e9 ou le m\u00e9langer \u00e0 d'autres herbes pour une exp\u00e9rience plus complexe. Les propri\u00e9t\u00e9s apaisantes de ce m\u00e9lange en font un excellent choix pour se d\u00e9tendre apr\u00e8s une longue journ\u00e9e ou pour calmer l'esprit avant de dormir. Avec une dose journali\u00e8re recommand\u00e9e d'un gramme, il est facile \u00e0 int\u00e9grer dans votre routine. Sa nature apaisante et son go\u00fbt unique de plantes font de Herbal Spliff Mix un choix populaire pour tous ceux qui recherchent la paix et la tranquillit\u00e9 sous une forme naturelle.<\/p>\n<h2>Histoire de Herbal Spliff Mix<\/h2>\n<p>Herbal Spliff Mix s'inspire des traditions ancestrales de la phytoth\u00e9rapie, o\u00f9 diverses plantes et herbes \u00e9taient combin\u00e9es pour exploiter leurs propri\u00e9t\u00e9s th\u00e9rapeutiques naturelles. Au fil du temps, diff\u00e9rentes cultures ont utilis\u00e9 des herbes pour cr\u00e9er des m\u00e9langes destin\u00e9s \u00e0 apaiser le corps et l'esprit. Cette version moderne de Herbal Spliff Mix s'inspire de ces anciennes traditions, combinant le meilleur de la sagesse des plantes avec une attention particuli\u00e8re pour les ingr\u00e9dients de haute qualit\u00e9. Le m\u00e9lange a \u00e9t\u00e9 soigneusement formul\u00e9 pour renforcer les effets calmants du cannabis tout en offrant une saveur naturelle unique. Ce m\u00e9lange, qui puise ses racines dans des si\u00e8cles de connaissance des plantes, a \u00e9volu\u00e9 pour r\u00e9pondre aux besoins des consommateurs contemporains qui appr\u00e9cient la relaxation et le bien-\u00eatre naturels. Aujourd'hui, Herbal Spliff Mix continue d'\u00eatre un choix de confiance pour ceux qui recherchent une exp\u00e9rience apaisante qui compl\u00e8te leur style de vie.<\/p>\n<h2>Comment utiliser Herbal Spliff Mix<\/h2>\n<p>Le Herbal Spliff Mix offre un large \u00e9ventail d'utilisations pour r\u00e9pondre aux diff\u00e9rentes pr\u00e9f\u00e9rences. La fa\u00e7on la plus populaire d'appr\u00e9cier ce m\u00e9lange est de l'infuser pour en faire un th\u00e9 calmant. Il suffit d'infuser un gramme du m\u00e9lange dans de l'eau chaude pendant quelques minutes, pour que les saveurs et les effets apaisants se diffusent dans le liquide. Vous pouvez agr\u00e9menter votre th\u00e9 de miel ou de citron pour en rehausser le go\u00fbt. Si vous pr\u00e9f\u00e9rez fumer ou vaporiser, le Herbal Spliff Mix peut \u00eatre m\u00e9lang\u00e9 \u00e0 du cannabis pour amplifier ses propri\u00e9t\u00e9s relaxantes. Le dosage recommand\u00e9 est d'un gramme par jour, ce qui garantit une exp\u00e9rience douce, \u00e0 la fois calmante et agr\u00e9able. Qu'il soit utilis\u00e9 pour le th\u00e9 ou en accompagnement du cannabis, le Herbal Spliff Mix est un excellent moyen de se d\u00e9tendre naturellement. Respectez toujours le dosage recommand\u00e9 pour une relaxation optimale.<\/p>\n<h2>Ingr\u00e9dients de Herbal Spliff Mix<\/h2>\n<p>Herbal Spliff Mix est compos\u00e9 d'un m\u00e9lange naturel de 100% herbes, soigneusement s\u00e9lectionn\u00e9es pour leurs qualit\u00e9s calmantes et apaisantes. Chaque ingr\u00e9dient est choisi pour ses bienfaits th\u00e9rapeutiques, ce qui garantit un m\u00e9lange de la plus haute qualit\u00e9 et de la plus grande efficacit\u00e9. Le m\u00e9lange ne contient pas d'additifs artificiels, de produits chimiques ou de conservateurs, ce qui en fait un choix s\u00fbr et naturel pour la relaxation. Bien que la combinaison exacte des herbes reste un secret commercial, le m\u00e9lange est connu pour sa saveur riche et distinctive, qui le diff\u00e9rencie des autres m\u00e9langes d'herbes. Indian Elements n'utilise que les herbes les plus fines, garantissant un produit de premi\u00e8re qualit\u00e9 qui offre \u00e0 la fois d\u00e9tente et exp\u00e9rience agr\u00e9able des herbes. Ce m\u00e9lange enti\u00e8rement naturel est parfait pour ceux qui recherchent une alternative naturelle au stress.<\/p>\n<p><strong>Avertissement<\/strong><br \/>\nR\u00e9serv\u00e9 aux personnes \u00e2g\u00e9es de plus de 18 ans. Tenir hors de port\u00e9e des enfants. Si vous \u00eates enceinte, si vous allaitez ou si vous avez des probl\u00e8mes de sant\u00e9, consultez un professionnel de la sant\u00e9 avant d'utiliser ce produit. Ce produit est d\u00e9conseill\u00e9 aux personnes souffrant de probl\u00e8mes r\u00e9naux ou cardiaques, d'hypertension ou d'hypotension, de diab\u00e8te ou sous l'influence de l'alcool, de drogues ou de m\u00e9dicaments. Ce produit n'est pas un m\u00e9dicament et doit \u00eatre utilis\u00e9 comme compl\u00e9ment alimentaire. Ne pas acheter si le sceau est bris\u00e9.<\/p>","protected":false},"excerpt":{"rendered":"<p>Herbal Spliff Mix est un m\u00e9lange haut de gamme d'herbes enti\u00e8rement naturelles con\u00e7u pour favoriser la relaxation et renforcer les effets du cannabis. Connu pour ses propri\u00e9t\u00e9s calmantes, ce m\u00e9lange unique peut \u00eatre utilis\u00e9 de diff\u00e9rentes mani\u00e8res, par exemple en le faisant infuser dans un th\u00e9 apaisant. Sa saveur distinctive provient d'une combinaison d'herbes soigneusement s\u00e9lectionn\u00e9es, parfaite pour ceux qui recherchent un moyen naturel de se d\u00e9tendre.<\/p>","protected":false},"featured_media":82115,"template":"","meta":[],"product_brand":[],"product_cat":[814,297,391,455,389,457,407,406,396,405,384],"product_tag":[],"class_list":{"0":"post-46003","1":"product","2":"type-product","3":"status-publish","4":"has-post-thumbnail","6":"product_cat-indian-elements","7":"product_cat-all-products","8":"product_cat-extracts","9":"product_cat-healthshop","10":"product_cat-herbs","11":"product_cat-herbs-healthshop","12":"product_cat-medicinal-herbs","13":"product_cat-psychedelic-herbs","14":"product_cat-relax","15":"product_cat-relax-herbs","16":"product_cat-smartshop","18":"first","19":"instock","20":"taxable","21":"shipping-taxable","22":"purchasable","23":"product-type-variable","24":"has-default-attributes"},"_links":{"self":[{"href":"https:\/\/www.headshop.nl\/fr\/wp-json\/wp\/v2\/product\/46003","targetHints":{"allow":["GET"]}}],"collection":[{"href":"https:\/\/www.headshop.nl\/fr\/wp-json\/wp\/v2\/product"}],"about":[{"href":"https:\/\/www.headshop.nl\/fr\/wp-json\/wp\/v2\/types\/product"}],"wp:featuredmedia":[{"embeddable":true,"href":"https:\/\/www.headshop.nl\/fr\/wp-json\/wp\/v2\/media\/82115"}],"wp:attachment":[{"href":"https:\/\/www.headshop.nl\/fr\/wp-json\/wp\/v2\/media?parent=46003"}],"wp:term":[{"taxonomy":"product_brand","embeddable":true,"href":"https:\/\/www.headshop.nl\/fr\/wp-json\/wp\/v2\/product_brand?post=46003"},{"taxonomy":"product_cat","embeddable":true,"href":"https:\/\/www.headshop.nl\/fr\/wp-json\/wp\/v2\/product_cat?post=46003"},{"taxonomy":"product_tag","embeddable":true,"href":"https:\/\/www.headshop.nl\/fr\/wp-json\/wp\/v2\/product_tag?post=46003"}],"curies":[{"name":"wp","href":"https:\/\/api.w.org\/{rel}","templated":true}]}}