{"id":46001,"date":"2022-07-04T10:15:46","date_gmt":"2022-07-04T10:15:46","guid":{"rendered":"https:\/\/www.headshop.nl\/?post_type=product&#038;p=46001"},"modified":"2025-05-23T09:29:18","modified_gmt":"2025-05-23T09:29:18","slug":"relax-mix","status":"publish","type":"product","link":"https:\/\/www.headshop.nl\/fr\/relax-mix\/","title":{"rendered":"Relax mix"},"content":{"rendered":"<h2>Qu'est-ce que le m\u00e9lange Relax ?<\/h2>\n<p>Relax Mix by Indian Elements est une combinaison de plantes sp\u00e9cialement con\u00e7ue pour vous aider \u00e0 vous d\u00e9tendre et \u00e0 trouver la s\u00e9r\u00e9nit\u00e9. Ce m\u00e9lange comprend trois plantes calmantes bien connues : Passion Flower (Passiflora Incarnata), Woodruff (Asperula Odorata) et Catmint (Nepeta Cataria). Individuellement, ces plantes sont connues pour leurs effets relaxants, et ensemble, elles cr\u00e9ent un m\u00e9lange puissant qui favorise la relaxation et le calme mental. Parfait pour votre routine quotidienne de bien-\u00eatre, le m\u00e9lange Relax est particuli\u00e8rement b\u00e9n\u00e9fique pour soulager le stress et favoriser un sommeil r\u00e9parateur. Il est \u00e9galement couramment utilis\u00e9 pour soutenir la sant\u00e9 digestive.<\/p>\n<p>Que vous cherchiez une fa\u00e7on paisible de terminer votre journ\u00e9e ou un rem\u00e8de naturel contre le stress, le m\u00e9lange Relax vous offre une solution douce. Ce m\u00e9lange d'herbes de 50 grammes est id\u00e9al pour tous ceux qui recherchent un sentiment de bien-\u00eatre et de tranquillit\u00e9. Le m\u00e9lange est facile \u00e0 pr\u00e9parer et peut \u00eatre d\u00e9gust\u00e9 comme une tisane calmante ou incorpor\u00e9 \u00e0 d'autres pratiques de bien-\u00eatre pour des r\u00e9sultats optimaux.<\/p>\n<h2>Historique du m\u00e9lange Relax<\/h2>\n<p>Le m\u00e9lange Relax s'inspire de si\u00e8cles de traditions \u00e0 base de plantes utilis\u00e9es dans le monde entier pour promouvoir la sant\u00e9 et la relaxation. Le Passion Flower, le Woodruff sucr\u00e9 et le Catmint sont depuis longtemps appr\u00e9ci\u00e9s pour leurs propri\u00e9t\u00e9s calmantes. Le Passion Flower a \u00e9t\u00e9 utilis\u00e9 par les tribus am\u00e9rindiennes pour sa capacit\u00e9 \u00e0 soulager l'anxi\u00e9t\u00e9 et \u00e0 induire le sommeil. De m\u00eame, le Catmint, avec ses effets s\u00e9datifs l\u00e9gers, est profond\u00e9ment enracin\u00e9 dans les pratiques phytoth\u00e9rapeutiques europ\u00e9ennes et nord-am\u00e9ricaines. L'asp\u00e9rule odorante, appr\u00e9ci\u00e9e pour ses qualit\u00e9s calmantes, est un produit de base de la m\u00e9decine europ\u00e9enne depuis l'\u00e9poque m\u00e9di\u00e9vale.<\/p>\n<p>Ces plantes ont \u00e9t\u00e9 s\u00e9lectionn\u00e9es non seulement pour leurs bienfaits th\u00e9rapeutiques individuels, mais aussi pour les effets puissants qu'elles produisent lorsqu'elles sont combin\u00e9es. Au fil du temps, ce m\u00e9lange a \u00e9t\u00e9 affin\u00e9 pour devenir le m\u00e9lange Relax disponible aujourd'hui. Alors que l'int\u00e9r\u00eat pour les rem\u00e8des naturels s'accro\u00eet, le m\u00e9lange Relax a gagn\u00e9 en popularit\u00e9 pour sa capacit\u00e9 \u00e0 aider les gens \u00e0 trouver la tranquillit\u00e9 mentale et physique sans d\u00e9pendre de substances artificielles ou synth\u00e9tiques.<\/p>\n<h2>Comment utiliser le m\u00e9lange Relax<\/h2>\n<p>Le m\u00e9lange Relax est polyvalent et peut \u00eatre utilis\u00e9 de diff\u00e9rentes mani\u00e8res pour apporter d\u00e9tente et calme. La m\u00e9thode la plus populaire consiste \u00e0 en faire un th\u00e9 apaisant. Il suffit de faire infuser un gramme de m\u00e9lange d'herbes dans de l'eau chaude pendant 5 \u00e0 10 minutes, ce qui permet aux herbes d'infuser et de lib\u00e9rer leurs propri\u00e9t\u00e9s calmantes. Ce th\u00e9 est id\u00e9al pour se d\u00e9tendre \u00e0 la fin d'une journ\u00e9e bien remplie ou pour se pr\u00e9parer \u00e0 un sommeil r\u00e9parateur.<\/p>\n<p>Outre le th\u00e9, le m\u00e9lange Relax peut \u00e9galement \u00eatre utilis\u00e9 dans les bains ou appliqu\u00e9 en cataplasme pour la relaxation topique. L'ar\u00f4me calmant des plantes peut \u00e9galement \u00eatre exploit\u00e9 en aromath\u00e9rapie, o\u00f9 leur parfum apaisant favorise la tranquillit\u00e9 d'esprit. Pour de meilleurs r\u00e9sultats, ne consommez pas plus d'un gramme par jour. L'utilisation r\u00e9guli\u00e8re du m\u00e9lange Relax peut renforcer ses bienfaits, mais une consommation excessive peut entra\u00eener des effets ind\u00e9sirables.<\/p>\n<h2>Ingr\u00e9dients du m\u00e9lange Relax<\/h2>\n<p>Le m\u00e9lange Indian Elements' Relax est compos\u00e9 de trois ingr\u00e9dients enti\u00e8rement naturels \u00e0 base de plantes : Asperula Odorata (Woodruff), Nepeta Cataria (Catmint) et Passiflora Incarnata (Passion Flower). Chaque ingr\u00e9dient apporte ses propres propri\u00e9t\u00e9s th\u00e9rapeutiques. Le Passion Flower est r\u00e9put\u00e9 pour sa capacit\u00e9 \u00e0 calmer l'esprit, \u00e0 apaiser l'anxi\u00e9t\u00e9 et \u00e0 favoriser le sommeil, ce qui en fait un choix populaire en phytoth\u00e9rapie pour soulager le stress.<\/p>\n<p>Catmint, membre de la famille de la menthe, est connu pour ses effets s\u00e9datifs l\u00e9gers et est utilis\u00e9 pour soulager le stress et l'anxi\u00e9t\u00e9 l\u00e9g\u00e8re. L'asp\u00e9rule odorante, une plante utilis\u00e9e depuis des si\u00e8cles dans la m\u00e9decine europ\u00e9enne, est appr\u00e9ci\u00e9e pour ses propri\u00e9t\u00e9s s\u00e9datives l\u00e9g\u00e8res, qui aident \u00e0 soulager la tension et \u00e0 favoriser la relaxation. Combin\u00e9es, ces trois plantes constituent un puissant rem\u00e8de naturel contre le stress, l'anxi\u00e9t\u00e9 et l'insomnie.<\/p>\n<p>Ce m\u00e9lange ne contient pas de THC et est enti\u00e8rement naturel, v\u00e9g\u00e9talien et exempt d'additifs artificiels, ce qui en fait un choix s\u00fbr et sain pour tous ceux qui recherchent un moyen naturel de se d\u00e9tendre.<\/p>\n<p><strong>Avertissement :<\/strong><\/p>\n<p>Ne convient pas aux personnes de moins de 18 ans. Tenir hors de port\u00e9e des enfants. D\u00e9conseill\u00e9 aux personnes souffrant de troubles r\u00e9naux ou cardiaques, d'hypertension ou d'hypotension, de diab\u00e8te ou consommant des m\u00e9dicaments, de l'alcool ou des drogues r\u00e9cr\u00e9atives. Ce produit n'est pas un m\u00e9dicament et ne doit pas \u00eatre utilis\u00e9 comme tel. Il s'agit d'un compl\u00e9ment alimentaire qui doit \u00eatre consomm\u00e9 en cons\u00e9quence. Ne pas acheter si le sceau est bris\u00e9.<\/p>","protected":false},"excerpt":{"rendered":"<p>Le m\u00e9lange Indian Elements' Relax est un m\u00e9lange de plantes apaisant qui favorise la relaxation et la tranquillit\u00e9. Combinant trois herbes puissantes - Passion Flower, Catmint et Sweet Woodruff - ce m\u00e9lange est parfait pour soulager le stress et favoriser un sommeil r\u00e9parateur. Gr\u00e2ce \u00e0 ses propri\u00e9t\u00e9s calmantes, il contribue \u00e0 apporter paix et d\u00e9tente, en particulier dans les moments d'accablement. Il peut \u00eatre consomm\u00e9 de diff\u00e9rentes mani\u00e8res, notamment sous forme de tisane r\u00e9confortante.<\/p>","protected":false},"featured_media":82118,"template":"","meta":[],"product_brand":[],"product_cat":[814,297,391,455,389,457,407,406,396,405,384],"product_tag":[],"class_list":{"0":"post-46001","1":"product","2":"type-product","3":"status-publish","4":"has-post-thumbnail","6":"product_cat-indian-elements","7":"product_cat-all-products","8":"product_cat-extracts","9":"product_cat-healthshop","10":"product_cat-herbs","11":"product_cat-herbs-healthshop","12":"product_cat-medicinal-herbs","13":"product_cat-psychedelic-herbs","14":"product_cat-relax","15":"product_cat-relax-herbs","16":"product_cat-smartshop","18":"first","19":"instock","20":"taxable","21":"shipping-taxable","22":"purchasable","23":"product-type-variable","24":"has-default-attributes"},"_links":{"self":[{"href":"https:\/\/www.headshop.nl\/fr\/wp-json\/wp\/v2\/product\/46001","targetHints":{"allow":["GET"]}}],"collection":[{"href":"https:\/\/www.headshop.nl\/fr\/wp-json\/wp\/v2\/product"}],"about":[{"href":"https:\/\/www.headshop.nl\/fr\/wp-json\/wp\/v2\/types\/product"}],"wp:featuredmedia":[{"embeddable":true,"href":"https:\/\/www.headshop.nl\/fr\/wp-json\/wp\/v2\/media\/82118"}],"wp:attachment":[{"href":"https:\/\/www.headshop.nl\/fr\/wp-json\/wp\/v2\/media?parent=46001"}],"wp:term":[{"taxonomy":"product_brand","embeddable":true,"href":"https:\/\/www.headshop.nl\/fr\/wp-json\/wp\/v2\/product_brand?post=46001"},{"taxonomy":"product_cat","embeddable":true,"href":"https:\/\/www.headshop.nl\/fr\/wp-json\/wp\/v2\/product_cat?post=46001"},{"taxonomy":"product_tag","embeddable":true,"href":"https:\/\/www.headshop.nl\/fr\/wp-json\/wp\/v2\/product_tag?post=46001"}],"curies":[{"name":"wp","href":"https:\/\/api.w.org\/{rel}","templated":true}]}}