{"id":45958,"date":"2022-07-04T10:00:34","date_gmt":"2022-07-04T10:00:34","guid":{"rendered":"https:\/\/www.headshop.nl\/?post_type=product&#038;p=45958"},"modified":"2025-10-31T08:54:28","modified_gmt":"2025-10-31T08:54:28","slug":"maitake-extract-capsules","status":"publish","type":"product","link":"https:\/\/www.headshop.nl\/fr\/maitake-extract-capsules\/","title":{"rendered":"Maitake Extract Capsules"},"content":{"rendered":"<h2>Qu'est-ce que le Maitake ?<\/h2>\n<p>Le Maitake (Grifola Frondosa), \u00e9galement connu sous le nom de \"poule des Wood\", est un champignon m\u00e9dicinal unique qui pousse g\u00e9n\u00e9ralement au pied des arbres, en particulier des ch\u00eanes. Tr\u00e8s appr\u00e9ci\u00e9 en m\u00e9decine traditionnelle japonaise et chinoise pour ses propri\u00e9t\u00e9s b\u00e9n\u00e9fiques, le Maitake regorge de nutriments essentiels, notamment de polysaccharides tels que les b\u00eata-glucanes, connus pour soutenir le syst\u00e8me immunitaire. Contrairement aux champignons culinaires courants, le Maitake est souvent consomm\u00e9 sous forme de suppl\u00e9ment afin de maximiser ses bienfaits pour la sant\u00e9. Sa capacit\u00e9 \u00e0 se d\u00e9velopper \u00e0 l'\u00e9tat sauvage, associ\u00e9e \u00e0 son profil nutritionnel impressionnant, en fait aujourd'hui un super-aliment populaire.<\/p>\n<h2>Historique de Maitake<\/h2>\n<p>Le Maitake a une histoire riche de plus de 3 000 ans. Au Japon, il \u00e9tait si appr\u00e9ci\u00e9 qu'il servait parfois de monnaie d'\u00e9change. Le nom \"Maitake\", qui signifie \"champignon dansant\", vient du folklore qui sugg\u00e8re que les gens dansaient de joie lorsqu'ils le trouvaient en raison de sa valeur exceptionnelle. Les praticiens de la m\u00e9decine orientale utilisent depuis longtemps le Maitake pour promouvoir la sant\u00e9 et la long\u00e9vit\u00e9, estimant qu'il aide \u00e0 r\u00e9tablir l'\u00e9quilibre dans l'organisme. Aujourd'hui, la recherche continue d'\u00e9tudier ses bienfaits potentiels, en particulier son r\u00f4le dans le soutien immunitaire et le bien-\u00eatre g\u00e9n\u00e9ral. Le Maitake reste un rem\u00e8de naturel appr\u00e9ci\u00e9, connu pour son importance historique et ses propri\u00e9t\u00e9s b\u00e9n\u00e9fiques pour la sant\u00e9.<\/p>\n<h2>Comment utiliser Maitake<\/h2>\n<p>Le Maitake est disponible sous diff\u00e9rentes formes, notamment sous forme de poudres, de th\u00e9s et de g\u00e9lules. Nos g\u00e9lules de Maitake sont un moyen pratique d'inclure ce puissant champignon dans votre routine quotidienne. Le dosage recommand\u00e9 est d'une \u00e0 deux g\u00e9lules deux fois par jour, \u00e0 prendre avec des repas et de l'eau. Une utilisation r\u00e9guli\u00e8re est essentielle pour b\u00e9n\u00e9ficier de tous les avantages de ce champignon. Le Maitake est g\u00e9n\u00e9ralement utilis\u00e9 dans le cadre d'un r\u00e9gime de bien-\u00eatre pour soutenir l'immunit\u00e9, promouvoir la vitalit\u00e9 et am\u00e9liorer la r\u00e9sistance naturelle du corps. Alors que certains utilisateurs peuvent remarquer des b\u00e9n\u00e9fices en quelques semaines seulement, d'autres peuvent avoir besoin de plus de temps. Pour optimiser le potentiel du Maitake, il convient de l'associer \u00e0 un r\u00e9gime alimentaire \u00e9quilibr\u00e9 et \u00e0 un mode de vie sain. Comme pour tout suppl\u00e9ment, respectez la posologie recommand\u00e9e et consultez un professionnel de la sant\u00e9 si vous avez des probl\u00e8mes de sant\u00e9 pr\u00e9existants.<\/p>\n<h2>Ingr\u00e9dients de Maitake Capsules<\/h2>\n<p>Chaque g\u00e9lule v\u00e9g\u00e9talienne contient 400 mg d'extrait biologique de Maitake (Grifola Frondosa) d\u00e9riv\u00e9 des corps fructif\u00e8res de 100%. Cet extrait \u00e0 spectre complet est obtenu par extraction \u00e0 l'eau et \u00e0 l'\u00e9thanol afin de garantir une concentration \u00e9lev\u00e9e de compos\u00e9s b\u00e9n\u00e9fiques. L'extrait est normalis\u00e9 pour contenir 30% b\u00eata-glucanes, connus pour leurs effets b\u00e9n\u00e9fiques sur le syst\u00e8me immunitaire. Les autres ingr\u00e9dients comprennent le citrate de magn\u00e9sium et le dioxyde de silicium, qui contribuent \u00e0 am\u00e9liorer la stabilit\u00e9 et l'absorption du suppl\u00e9ment. Les g\u00e9lules McMyco Maitake r\u00e9pondent aux normes de qualit\u00e9 les plus \u00e9lev\u00e9es et sont exemptes d'additifs artificiels, offrant un moyen naturel de soutenir votre bien-\u00eatre.<\/p>\n<p><strong>Avertissement<\/strong><\/p>\n<p>Maitake by McMyco est un compl\u00e9ment alimentaire et doit \u00eatre utilis\u00e9 selon les instructions. Ne pas d\u00e9passer la dose journali\u00e8re recommand\u00e9e. Tenir le produit hors de port\u00e9e des enfants. Consultez votre m\u00e9decin avant toute utilisation, en particulier si vous \u00eates enceinte, si vous allaitez ou si vous avez des probl\u00e8mes de sant\u00e9. Conserver dans un endroit frais, \u00e0 l'abri de la lumi\u00e8re et \u00e0 temp\u00e9rature ambiante.<\/p>","protected":false},"excerpt":{"rendered":"<p>D\u00e9couvrez les bienfaits du Maitake, souvent appel\u00e9 le \"roi des champignons\". Riche en nutriments essentiels et en b\u00eata-glucanes, ce puissant suppl\u00e9ment est consid\u00e9r\u00e9 comme un super-aliment de premier ordre. Avec une histoire riche en bien-\u00eatre traditionnel japonais, le Maitake favorise le bien-\u00eatre g\u00e9n\u00e9ral et la vitalit\u00e9.<\/p>","protected":false},"featured_media":87987,"template":"","meta":[],"product_brand":[],"product_cat":[813,297,461,455,630,404,462,398,399,384,458,456],"product_tag":[978],"class_list":{"0":"post-45958","1":"product","2":"type-product","3":"status-publish","4":"has-post-thumbnail","6":"product_cat-mcmyco","7":"product_cat-all-products","8":"product_cat-detox","9":"product_cat-healthshop","10":"product_cat-healthshop-top-10","11":"product_cat-medicinal-mushrooms-supplements","12":"product_cat-medicinal-mushrooms-healthshop","13":"product_cat-mushrooms","14":"product_cat-shroomshop","15":"product_cat-smartshop","16":"product_cat-superfoods","17":"product_cat-supplements","18":"product_tag-shrdeal","19":"product_shipping_class-creditcard-on","21":"first","22":"instock","23":"taxable","24":"shipping-taxable","25":"purchasable","26":"product-type-variable","27":"has-default-attributes"},"_links":{"self":[{"href":"https:\/\/www.headshop.nl\/fr\/wp-json\/wp\/v2\/product\/45958","targetHints":{"allow":["GET"]}}],"collection":[{"href":"https:\/\/www.headshop.nl\/fr\/wp-json\/wp\/v2\/product"}],"about":[{"href":"https:\/\/www.headshop.nl\/fr\/wp-json\/wp\/v2\/types\/product"}],"wp:featuredmedia":[{"embeddable":true,"href":"https:\/\/www.headshop.nl\/fr\/wp-json\/wp\/v2\/media\/87987"}],"wp:attachment":[{"href":"https:\/\/www.headshop.nl\/fr\/wp-json\/wp\/v2\/media?parent=45958"}],"wp:term":[{"taxonomy":"product_brand","embeddable":true,"href":"https:\/\/www.headshop.nl\/fr\/wp-json\/wp\/v2\/product_brand?post=45958"},{"taxonomy":"product_cat","embeddable":true,"href":"https:\/\/www.headshop.nl\/fr\/wp-json\/wp\/v2\/product_cat?post=45958"},{"taxonomy":"product_tag","embeddable":true,"href":"https:\/\/www.headshop.nl\/fr\/wp-json\/wp\/v2\/product_tag?post=45958"}],"curies":[{"name":"wp","href":"https:\/\/api.w.org\/{rel}","templated":true}]}}