{"id":45876,"date":"2022-07-04T08:53:45","date_gmt":"2022-07-04T08:53:45","guid":{"rendered":"https:\/\/www.headshop.nl\/?post_type=product&#038;p=45876"},"modified":"2025-05-23T09:35:28","modified_gmt":"2025-05-23T09:35:28","slug":"vitamine-b12","status":"publish","type":"product","link":"https:\/\/www.headshop.nl\/fr\/vitamine-b12\/","title":{"rendered":"Vitamine B12"},"content":{"rendered":"<h2>Que sont les comprim\u00e9s de vitamine B12 Fit4Seasons ?<\/h2>\n<p>Les comprim\u00e9s de vitamine B12 Fit4Seasons sont des compl\u00e9ments alimentaires sp\u00e9cialement formul\u00e9s pour fournir des niveaux optimaux de vitamine B12 sous ses formes les plus biodisponibles : Methylcobalamine et Ad\u00e9nosylcobalamine. Chaque comprim\u00e9 fournit 20 mcg de ce nutriment essentiel, qui favorise le renouvellement cellulaire, la production de globules rouges et le bon fonctionnement du syst\u00e8me nerveux.<\/p>\n<p>Id\u00e9al pour les v\u00e9g\u00e9tariens, les v\u00e9g\u00e9taliens et les personnes ayant une absorption limit\u00e9e de la B12, ces comprim\u00e9s ont un go\u00fbt agr\u00e9able de cerise pour une consommation quotidienne facile. Fit4Seasons La vitamine B12 est un moyen pratique et efficace de maintenir les niveaux d'\u00e9nergie et le bien-\u00eatre g\u00e9n\u00e9ral.<\/p>\n<h2>L'histoire de la vitamine B12<\/h2>\n<p>La vitamine B12, \u00e9galement connue sous le nom de cobalamine, a \u00e9t\u00e9 identifi\u00e9e pour la premi\u00e8re fois au milieu du 20e si\u00e8cle comme un nutriment essentiel pour lutter contre l'an\u00e9mie pernicieuse. Naturellement pr\u00e9sente dans les aliments d'origine animale comme la viande, le poisson et les produits laitiers, elle joue un r\u00f4le cl\u00e9 dans la production d'\u00e9nergie et la sant\u00e9 neurologique.<\/p>\n<p>Avec l'adoption croissante de modes de vie v\u00e9g\u00e9tariens et v\u00e9g\u00e9taliens, la demande de suppl\u00e9ments de B12 a augment\u00e9. Les comprim\u00e9s de vitamine B12 Fit4Seasons ont \u00e9t\u00e9 d\u00e9velopp\u00e9s pour r\u00e9pondre \u00e0 ce besoin, en fournissant une solution efficace pour maintenir des niveaux de B12 sains sans d\u00e9pendre des produits animaux.<\/p>\n<h2>Comment utiliser les comprim\u00e9s de vitamine B12 Fit4Seasons<\/h2>\n<p>Pour de meilleurs r\u00e9sultats, prendre un comprim\u00e9 par jour avec de l'eau au cours d'un repas. Une utilisation r\u00e9guli\u00e8re am\u00e9liore l'absorption et maximise les avantages de la vitamine B12, en soutenant les niveaux d'\u00e9nergie, la clart\u00e9 mentale et la sant\u00e9 en g\u00e9n\u00e9ral.<\/p>\n<p>Les comprim\u00e9s au go\u00fbt de cerise sont faciles \u00e0 consommer et s'int\u00e8grent parfaitement dans votre routine quotidienne. Que vous souhaitiez augmenter votre \u00e9nergie, renforcer votre syst\u00e8me immunitaire ou soutenir le fonctionnement de votre syst\u00e8me nerveux, les comprim\u00e9s de vitamine B12 Fit4Seasons constituent une solution simple et efficace.<\/p>\n<p>Respectez toujours la posologie recommand\u00e9e et consultez un professionnel de la sant\u00e9 si vous \u00eates enceinte, si vous allaitez ou si vous avez des probl\u00e8mes de sant\u00e9 particuliers.<\/p>\n<h2>Ingr\u00e9dients de Fit4Seasons Vitamine B12 Comprim\u00e9s<\/h2>\n<p>Chaque comprim\u00e9 est fabriqu\u00e9 \u00e0 partir d'ingr\u00e9dients de haute qualit\u00e9, respectueux de l'environnement, pour une efficacit\u00e9 et une s\u00e9curit\u00e9 maximales :<\/p>\n<ul>\n<li><strong>Methylcobalamine (10 mcg) :<\/strong> Forme bioactive de la vitamine B12 qui contribue \u00e0 la sant\u00e9 du cerveau et des nerfs.<\/li>\n<li><strong>Ad\u00e9nosylcobalamine (10 mcg) :<\/strong> Une forme active de B12 essentielle au m\u00e9tabolisme \u00e9nerg\u00e9tique et \u00e0 la fonction cellulaire.<\/li>\n<li><strong>Isomalt (186 mg) :<\/strong> Un substitut de sucre \u00e0 faible teneur en calories qui garantit une texture lisse des comprim\u00e9s.<\/li>\n<li><strong>Ar\u00f4me de cerise (4 mg) :<\/strong> Am\u00e9liore le go\u00fbt pour une exp\u00e9rience de consommation agr\u00e9able.<\/li>\n<li><strong>St\u00e9arate de magn\u00e9sium v\u00e9g\u00e9tal (5 mg) :<\/strong> Un stabilisateur naturel qui maintient la consistance du produit.<\/li>\n<li><strong>Silice (5 mcg) :<\/strong> Aide \u00e0 maintenir la structure des comprim\u00e9s et emp\u00eache la formation de grumeaux.<\/li>\n<\/ul>\n<p>Cette formule soigneusement con\u00e7ue est exempte de produits d'origine animale, ce qui la rend id\u00e9ale pour les v\u00e9g\u00e9tariens et les v\u00e9g\u00e9taliens, tout en garantissant une qualit\u00e9 sup\u00e9rieure.<\/p>\n<h2>Autres avantages de la vitamine B12<\/h2>\n<ul>\n<li>Essentiel pour la formation des globules rouges<\/li>\n<li>Favorise la division cellulaire normale<\/li>\n<li>Contribue au m\u00e9tabolisme \u00e9nerg\u00e9tique et aux niveaux d'\u00e9nergie<\/li>\n<li>Renforce le syst\u00e8me immunitaire<\/li>\n<li>Favorise la clart\u00e9 mentale<\/li>\n<li>Joue un r\u00f4le essentiel dans le d\u00e9veloppement des cellules nerveuses<\/li>\n<\/ul>\n<h2>Avertissement<\/h2>\n<p>Tenir hors de port\u00e9e des enfants. Consulter un m\u00e9decin avant utilisation si vous \u00eates enceinte, si vous allaitez ou si vous avez des probl\u00e8mes de sant\u00e9 sous-jacents. Conserver dans un endroit frais, \u00e0 l'abri de la lumi\u00e8re et \u00e0 temp\u00e9rature ambiante. Ne pas d\u00e9passer la dose journali\u00e8re recommand\u00e9e.<\/p>","protected":false},"excerpt":{"rendered":"<p>La vitamine B12, \u00e9galement connue sous le nom de cobalamine, est une vitamine essentielle qui joue un r\u00f4le crucial dans diverses fonctions de l'organisme. Elle favorise le renouvellement cellulaire, aide \u00e0 la production de globules rouges et contribue au fonctionnement normal du syst\u00e8me nerveux.<\/p>\n<p>Naturellement, la vitamine B12 ne se trouve que dans les aliments d'origine animale tels que la viande, le poisson, les produits laitiers et les \u0153ufs, ce qui peut poser des probl\u00e8mes aux v\u00e9g\u00e9tariens et aux v\u00e9g\u00e9taliens. Une carence en vitamine B12 peut entra\u00eener une an\u00e9mie, de la fatigue et des pertes de m\u00e9moire. En outre, les personnes \u00e2g\u00e9es ou celles qui absorbent moins bien la vitamine B12 peuvent \u00e9galement pr\u00e9senter ces sympt\u00f4mes.<\/p>","protected":false},"featured_media":82181,"template":"","meta":[],"product_brand":[],"product_cat":[815,391,455,389,384,463,458,456],"product_tag":[],"class_list":{"0":"post-45876","1":"product","2":"type-product","3":"status-publish","4":"has-post-thumbnail","6":"product_cat-fit4seasons","7":"product_cat-extracts","8":"product_cat-healthshop","9":"product_cat-herbs","10":"product_cat-smartshop","11":"product_cat-sport","12":"product_cat-superfoods","13":"product_cat-supplements","15":"first","16":"instock","17":"taxable","18":"shipping-taxable","19":"purchasable","20":"product-type-variable","21":"has-default-attributes"},"_links":{"self":[{"href":"https:\/\/www.headshop.nl\/fr\/wp-json\/wp\/v2\/product\/45876","targetHints":{"allow":["GET"]}}],"collection":[{"href":"https:\/\/www.headshop.nl\/fr\/wp-json\/wp\/v2\/product"}],"about":[{"href":"https:\/\/www.headshop.nl\/fr\/wp-json\/wp\/v2\/types\/product"}],"wp:featuredmedia":[{"embeddable":true,"href":"https:\/\/www.headshop.nl\/fr\/wp-json\/wp\/v2\/media\/82181"}],"wp:attachment":[{"href":"https:\/\/www.headshop.nl\/fr\/wp-json\/wp\/v2\/media?parent=45876"}],"wp:term":[{"taxonomy":"product_brand","embeddable":true,"href":"https:\/\/www.headshop.nl\/fr\/wp-json\/wp\/v2\/product_brand?post=45876"},{"taxonomy":"product_cat","embeddable":true,"href":"https:\/\/www.headshop.nl\/fr\/wp-json\/wp\/v2\/product_cat?post=45876"},{"taxonomy":"product_tag","embeddable":true,"href":"https:\/\/www.headshop.nl\/fr\/wp-json\/wp\/v2\/product_tag?post=45876"}],"curies":[{"name":"wp","href":"https:\/\/api.w.org\/{rel}","templated":true}]}}