{"id":45875,"date":"2022-07-04T08:53:43","date_gmt":"2022-07-04T08:53:43","guid":{"rendered":"https:\/\/www.headshop.nl\/?post_type=product&#038;p=45875"},"modified":"2025-05-23T09:35:35","modified_gmt":"2025-05-23T09:35:35","slug":"chlorella","status":"publish","type":"product","link":"https:\/\/www.headshop.nl\/fr\/chlorella\/","title":{"rendered":"Chlorelle"},"content":{"rendered":"<h2>Que sont les comprim\u00e9s de chlorelle ?<\/h2>\n<p>Fit4Seasons Chlorella Tablets est un compl\u00e9ment alimentaire fabriqu\u00e9 \u00e0 partir de 100% de poudre de chlorelle biologique. La chlorelle est une algue verte unicellulaire d'eau douce, l'une des plus anciennes formes de vie v\u00e9g\u00e9tale sur Terre, connue pour son profil nutritionnel exceptionnel. Ces comprim\u00e9s constituent une source naturelle d'acides amin\u00e9s essentiels, de vitamines et de min\u00e9raux, dont le calcium, le fer, le magn\u00e9sium, le potassium et le phosphore. Ces nutriments soutiennent diverses fonctions de l'organisme, telles que le maintien de la sant\u00e9 des os, le renforcement du syst\u00e8me immunitaire et l'am\u00e9lioration de la production d'\u00e9nergie.<\/p>\n<p>La chlorelle est particuli\u00e8rement appr\u00e9ci\u00e9e pour ses propri\u00e9t\u00e9s d\u00e9toxifiantes. On pense qu'elle aide \u00e0 \u00e9liminer les m\u00e9taux lourds comme le mercure de l'organisme, ce qui favorise la sant\u00e9 et la vitalit\u00e9 g\u00e9n\u00e9rales. Sa richesse en chlorophylle favorise \u00e9galement les processus naturels de d\u00e9sintoxication de l'organisme. Les comprim\u00e9s de chlorelle biologique Fit4Seasons constituent un moyen pratique et v\u00e9g\u00e9talien d'int\u00e9grer ce puissant superaliment \u00e0 votre r\u00e9gime alimentaire.<\/p>\n<h2>Histoire de la chlorelle<\/h2>\n<p>La chlorelle a une longue histoire en tant que superaliment, son incroyable valeur nutritionnelle ayant \u00e9t\u00e9 reconnue pour la premi\u00e8re fois au 20e si\u00e8cle. Elle a \u00e9t\u00e9 d\u00e9couverte au XIXe si\u00e8cle par le microbiologiste n\u00e9erlandais Martinus Beijerinck, qui a not\u00e9 son potentiel en tant que source alimentaire. Au milieu des ann\u00e9es 1900, des chercheurs japonais ont explor\u00e9 les bienfaits de la chlorelle pour la sant\u00e9, en particulier ses propri\u00e9t\u00e9s de d\u00e9toxification et de renforcement du syst\u00e8me immunitaire.<\/p>\n<p>En raison de sa croissance rapide et de sa forte concentration en nutriments, la chlorelle est devenue l'une des algues les plus \u00e9tudi\u00e9es au monde. Avec la spiruline, elle a fait l'objet de recherches approfondies pour son r\u00f4le dans la d\u00e9toxification et le soutien du syst\u00e8me immunitaire. Au fil des ans, elle a gagn\u00e9 en popularit\u00e9 en tant que compl\u00e9ment alimentaire, aidant les gens \u00e0 am\u00e9liorer leur niveau d'\u00e9nergie, \u00e0 renforcer leur syst\u00e8me immunitaire et \u00e0 maintenir une bonne sant\u00e9 g\u00e9n\u00e9rale.<\/p>\n<p>Aujourd'hui, la chlorelle reste un \u00e9l\u00e9ment essentiel de la routine de nombreuses personnes soucieuses de leur sant\u00e9, en particulier celles qui suivent un r\u00e9gime \u00e0 base de plantes. En tant que source de prot\u00e9ines compl\u00e8tes, biologiques et riches en nutriments b\u00e9n\u00e9fiques, elle continue d'\u00eatre un superaliment de confiance.<\/p>\n<h2>Comment utiliser les comprim\u00e9s de chlorelle<\/h2>\n<p>Pour int\u00e9grer les comprim\u00e9s de chlorelle biologique Fit4Seasons \u00e0 votre routine quotidienne, prenez 1 \u00e0 2 comprim\u00e9s trois fois par jour au cours des repas, accompagn\u00e9s d'eau. Ce dosage am\u00e9liore l'absorption des nutriments de la chlorelle, favorisant la d\u00e9sintoxication, stimulant l'\u00e9nergie et promouvant le bien-\u00eatre g\u00e9n\u00e9ral.<\/p>\n<p>Si vous d\u00e9butez avec la chlorelle, il est recommand\u00e9 de commencer par une dose plus faible et d'augmenter progressivement au fur et \u00e0 mesure que votre corps s'adapte. Une utilisation r\u00e9guli\u00e8re peut aider \u00e0 soutenir un r\u00e9gime alimentaire \u00e9quilibr\u00e9 et \u00e0 am\u00e9liorer la vitalit\u00e9, mais les compl\u00e9ments alimentaires doivent compl\u00e9ter, et non remplacer, un mode de vie sain.<\/p>\n<p>Pour obtenir des r\u00e9sultats optimaux, il convient de maintenir une utilisation r\u00e9guli\u00e8re au fil du temps afin de b\u00e9n\u00e9ficier de l'ensemble des avantages, y compris des niveaux d'\u00e9nergie accrus et un soutien du syst\u00e8me immunitaire. Si vous \u00eates enceinte, si vous allaitez ou si vous avez des probl\u00e8mes de sant\u00e9, consultez un professionnel de la sant\u00e9 avant d'utiliser ce produit.<\/p>\n<h2>Ingr\u00e9dients des comprim\u00e9s de chlorelle<\/h2>\n<p>Chaque comprim\u00e9 de chlorelle Fit4Seasons contient <strong>100% Chlorella bio en poudre<\/strong>L'alimentation des enfants et des adolescents est un \u00e9l\u00e9ment essentiel de l'alimentation, qui fournit un ensemble de nutriments essentiels sous une forme concentr\u00e9e. Les principaux nutriments sont les suivants :<\/p>\n<ul>\n<li><strong>Vitamins :<\/strong> A, C, E, K et une large gamme de vitamines B, y compris l'acide folique.<\/li>\n<li><strong>Min\u00e9raux :<\/strong> Calcium, fer, magn\u00e9sium, potassium et phosphore.<\/li>\n<li><strong>Acides amin\u00e9s :<\/strong> \u00c9l\u00e9ments constitutifs essentiels des prot\u00e9ines, indispensables \u00e0 la sant\u00e9 g\u00e9n\u00e9rale.<\/li>\n<li><strong>Chlorophylle :<\/strong> Favorise les processus naturels de d\u00e9sintoxication de l'organisme et la vitalit\u00e9 g\u00e9n\u00e9rale.<\/li>\n<\/ul>\n<p>La chlorelle est particuli\u00e8rement connue pour sa capacit\u00e9 \u00e0 faciliter la d\u00e9sintoxication, \u00e0 favoriser la sant\u00e9 de la peau, des os et de la fonction immunitaire, et \u00e0 fournir une source v\u00e9g\u00e9tale de prot\u00e9ines compl\u00e8tes. Gr\u00e2ce \u00e0 son profil riche en nutriments, les comprim\u00e9s de chlorelle biologique Fit4Seasons constituent un excellent choix pour tous ceux qui cherchent \u00e0 am\u00e9liorer leur sant\u00e9 g\u00e9n\u00e9rale de mani\u00e8re naturelle.<\/p>\n<h2>Avertissements<\/h2>\n<ul>\n<li>Tenir hors de port\u00e9e des enfants.<\/li>\n<li>Consultez votre m\u00e9decin avant d'utiliser ce produit si vous \u00eates enceinte, si vous allaitez ou si vous avez des probl\u00e8mes de sant\u00e9.<\/li>\n<li>Conserver dans un endroit frais et sec, \u00e0 l'abri de la lumi\u00e8re directe du soleil et \u00e0 temp\u00e9rature ambiante.<\/li>\n<\/ul>","protected":false},"excerpt":{"rendered":"<p>La chlorelle est une algue verte unicellulaire d'eau douce qui fait partie des plus anciennes formes de vie v\u00e9g\u00e9tale sur terre et convient donc parfaitement aux v\u00e9g\u00e9taliens. Cette esp\u00e8ce d'algue pr\u00e9sente un profil prot\u00e9ique tr\u00e8s complet. La chlorelle contient \u00e9galement de nombreux min\u00e9raux et vitamines. La chlorelle est souvent utilis\u00e9e pour la d\u00e9sintoxication du corps.<\/p>\n<p>Avec la spiruline, c'est l'une des algues les plus \u00e9tudi\u00e9es au monde.<br \/>\nElle contient une bonne composition d'acides amin\u00e9s essentiels et de min\u00e9raux tels que le calcium, le fer, le magn\u00e9sium, le potassium, le phosphore et la chlorophylle. En outre, la chlorelle contient des vitamines A, C, E, K et la plupart des vitamines B, y compris l'acide folique.<\/p>","protected":false},"featured_media":82182,"template":"","meta":[],"product_brand":[],"product_cat":[815,391,455,389,384,463,458,456],"product_tag":[],"class_list":{"0":"post-45875","1":"product","2":"type-product","3":"status-publish","4":"has-post-thumbnail","6":"product_cat-fit4seasons","7":"product_cat-extracts","8":"product_cat-healthshop","9":"product_cat-herbs","10":"product_cat-smartshop","11":"product_cat-sport","12":"product_cat-superfoods","13":"product_cat-supplements","15":"first","16":"instock","17":"taxable","18":"shipping-taxable","19":"purchasable","20":"product-type-variable","21":"has-default-attributes"},"_links":{"self":[{"href":"https:\/\/www.headshop.nl\/fr\/wp-json\/wp\/v2\/product\/45875","targetHints":{"allow":["GET"]}}],"collection":[{"href":"https:\/\/www.headshop.nl\/fr\/wp-json\/wp\/v2\/product"}],"about":[{"href":"https:\/\/www.headshop.nl\/fr\/wp-json\/wp\/v2\/types\/product"}],"wp:featuredmedia":[{"embeddable":true,"href":"https:\/\/www.headshop.nl\/fr\/wp-json\/wp\/v2\/media\/82182"}],"wp:attachment":[{"href":"https:\/\/www.headshop.nl\/fr\/wp-json\/wp\/v2\/media?parent=45875"}],"wp:term":[{"taxonomy":"product_brand","embeddable":true,"href":"https:\/\/www.headshop.nl\/fr\/wp-json\/wp\/v2\/product_brand?post=45875"},{"taxonomy":"product_cat","embeddable":true,"href":"https:\/\/www.headshop.nl\/fr\/wp-json\/wp\/v2\/product_cat?post=45875"},{"taxonomy":"product_tag","embeddable":true,"href":"https:\/\/www.headshop.nl\/fr\/wp-json\/wp\/v2\/product_tag?post=45875"}],"curies":[{"name":"wp","href":"https:\/\/api.w.org\/{rel}","templated":true}]}}