{"id":45866,"date":"2022-07-04T08:52:47","date_gmt":"2022-07-04T08:52:47","guid":{"rendered":"https:\/\/www.headshop.nl\/?post_type=product&#038;p=45866"},"modified":"2025-05-23T09:35:45","modified_gmt":"2025-05-23T09:35:45","slug":"spirulina","status":"publish","type":"product","link":"https:\/\/www.headshop.nl\/fr\/spirulina\/","title":{"rendered":"Spiruline"},"content":{"rendered":"<h2 data-pm-slice=\"1 1 []\">Que sont les comprim\u00e9s de spiruline ?<\/h2>\n<p>Les comprim\u00e9s de spiruline sont un compl\u00e9ment alimentaire \u00e0 base de spiruline biologique, une algue bleu-vert riche en nutriments. Reconnue comme l'un des super-aliments les plus nourrissants, la spiruline fournit un \u00e9ventail de vitamines, de min\u00e9raux et d'acides amin\u00e9s essentiels. Chaque comprim\u00e9 contient de la poudre de spiruline, riche en prot\u00e9ines (70% de son contenu), en acides gras om\u00e9ga-3 et en antioxydants. La spiruline est connue pour augmenter l'\u00e9nergie, am\u00e9liorer l'endurance et soutenir le syst\u00e8me immunitaire.<\/p>\n<p>Ces comprim\u00e9s sont particuli\u00e8rement appr\u00e9ci\u00e9s des athl\u00e8tes, des v\u00e9g\u00e9tariens et des personnes menant une vie active. Le profil prot\u00e9ique complet de la spiruline, qui comprend les neuf acides amin\u00e9s essentiels, en fait une excellente source de prot\u00e9ines d'origine v\u00e9g\u00e9tale. En outre, sa richesse en vitamines (telles que les vitamines B) et en min\u00e9raux (notamment le calcium, le fer et le magn\u00e9sium) contribue \u00e0 la sant\u00e9 g\u00e9n\u00e9rale. Les comprim\u00e9s de spiruline constituent un moyen pratique d'int\u00e9grer ce puissant superaliment dans votre routine quotidienne.<\/p>\n<h2>Histoire des comprim\u00e9s de spiruline<\/h2>\n<p>La consommation de spiruline remonte \u00e0 d'anciennes civilisations, notamment aux Azt\u00e8ques, qui la consid\u00e9raient comme une source de nourriture nutritive. Toutefois, l'int\u00e9r\u00eat moderne pour la spiruline s'est accru au milieu du 20e si\u00e8cle lorsque ses remarquables bienfaits pour la sant\u00e9 ont \u00e9t\u00e9 red\u00e9couverts. La spiruline a rapidement gagn\u00e9 en popularit\u00e9 parmi les personnes soucieuses de leur sant\u00e9, en particulier les athl\u00e8tes et les v\u00e9g\u00e9tariens, en raison de sa teneur \u00e9lev\u00e9e en prot\u00e9ines et de son profil nutritionnel complet.<\/p>\n<p>L'introduction des comprim\u00e9s de spiruline a rendu la consommation de ce superaliment plus pratique et plus accessible. Des recherches approfondies ont mis en \u00e9vidence les avantages potentiels de la spiruline, notamment le soutien du syst\u00e8me immunitaire, l'augmentation de l'\u00e9nergie et l'am\u00e9lioration de l'endurance. Aujourd'hui, la spiruline est mondialement reconnue comme l'un des super-aliments les plus \u00e9tudi\u00e9s. Les comprim\u00e9s permettent de profiter facilement de ses bienfaits, sans pr\u00e9paration suppl\u00e9mentaire.<\/p>\n<h2>Comment utiliser les comprim\u00e9s de spiruline<\/h2>\n<p>Pour des b\u00e9n\u00e9fices optimaux, prendre 1 \u00e0 2 comprim\u00e9s trois fois par jour avec de l'eau pendant les repas. Cette routine garantit un apport r\u00e9gulier des nutriments de la spiruline tout au long de la journ\u00e9e. Les personnes qui recherchent des bienfaits plus importants pour la sant\u00e9 peuvent combiner la spiruline avec d'autres super-aliments tels que la chlorelle pour obtenir des effets plus importants.<\/p>\n<p>Les comprim\u00e9s de spiruline compl\u00e8tent une alimentation \u00e9quilibr\u00e9e et un mode de vie actif en stimulant l'\u00e9nergie, en renfor\u00e7ant le syst\u00e8me immunitaire et en am\u00e9liorant l'endurance. Id\u00e9ale pour les athl\u00e8tes et les personnes cherchant \u00e0 am\u00e9liorer leurs performances physiques et mentales, la spiruline peut \u00e9galement \u00eatre utilis\u00e9e comme suppl\u00e9ment de bien-\u00eatre quotidien. Respectez toujours la posologie recommand\u00e9e et consultez un professionnel de la sant\u00e9 si vous \u00eates enceinte, si vous allaitez ou si vous avez des probl\u00e8mes m\u00e9dicaux.<\/p>\n<h2>Ingr\u00e9dients des comprim\u00e9s de spiruline<\/h2>\n<p>Chaque comprim\u00e9 de spiruline contient 100% de poudre de spiruline biologique, un concentr\u00e9 de nutriments essentiels. Avec ses neuf acides amin\u00e9s essentiels, la spiruline constitue une excellente source de prot\u00e9ines d'origine v\u00e9g\u00e9tale, en particulier pour les v\u00e9g\u00e9tariens et les v\u00e9g\u00e9taliens. Elle est \u00e9galement riche en vitamines B, en fibres, en antioxydants et en acides gras om\u00e9ga-3, qui contribuent tous \u00e0 la sant\u00e9 cardiovasculaire, aux fonctions c\u00e9r\u00e9brales et au bien-\u00eatre g\u00e9n\u00e9ral.<\/p>\n<p>La teneur en calcium de la spiruline est trois fois sup\u00e9rieure \u00e0 celle du lait entier, ce qui en fait une pr\u00e9cieuse source de calcium d'origine v\u00e9g\u00e9tale. En outre, la spiruline fournit des min\u00e9raux cl\u00e9s tels que le fer, le magn\u00e9sium et le potassium, qui soutiennent diverses fonctions de l'organisme. Sa teneur \u00e9lev\u00e9e en antioxydants aide \u00e0 lutter contre le stress oxydatif, ce qui favorise la sant\u00e9 immunitaire et le bien-\u00eatre g\u00e9n\u00e9ral.<\/p>\n<p><strong>Avertissement :<\/strong> Tenir hors de port\u00e9e des enfants. Consultez votre m\u00e9decin avant d'utiliser ce produit si vous \u00eates enceinte, si vous allaitez ou si vous avez des probl\u00e8mes de sant\u00e9. Conserver \u00e0 temp\u00e9rature ambiante et \u00e0 l'abri de la lumi\u00e8re.<\/p>\n<p>Les comprim\u00e9s de spiruline constituent un moyen simple et efficace d'int\u00e9grer une puissante source de nutriments \u00e0 votre r\u00e9gime alimentaire. Soutenant l'\u00e9nergie, l'endurance et la sant\u00e9 immunitaire, ce compl\u00e9ment alimentaire aide \u00e0 maintenir un mode de vie sain et actif.<\/p>","protected":false},"excerpt":{"rendered":"<p>La spiruline est une algue phytoplanctonique vert-bleu qui pousse en eau douce. Cette esp\u00e8ce d'algue populaire peut contribuer \u00e0 augmenter les niveaux d'\u00e9nergie, l'endurance et \u00e0 am\u00e9liorer le syst\u00e8me immunitaire. La spiruline contient 18 acides amin\u00e9s. Dont les 9 essentiels. Elle est \u00e9galement riche en fibres et en vitamines B. C'est pourquoi ces comprim\u00e9s sont utilis\u00e9s avec beaucoup d'enthousiasme par les sportifs et les personnes qui suivent un mode de vie conscient. Pour un effet plus important, utilisez la spiruline avec la chlorelle.<\/p>","protected":false},"featured_media":82184,"template":"","meta":[],"product_brand":[],"product_cat":[815,391,455,389,384,463,458,456],"product_tag":[],"class_list":{"0":"post-45866","1":"product","2":"type-product","3":"status-publish","4":"has-post-thumbnail","6":"product_cat-fit4seasons","7":"product_cat-extracts","8":"product_cat-healthshop","9":"product_cat-herbs","10":"product_cat-smartshop","11":"product_cat-sport","12":"product_cat-superfoods","13":"product_cat-supplements","15":"first","16":"instock","17":"taxable","18":"shipping-taxable","19":"purchasable","20":"product-type-variable","21":"has-default-attributes"},"_links":{"self":[{"href":"https:\/\/www.headshop.nl\/fr\/wp-json\/wp\/v2\/product\/45866","targetHints":{"allow":["GET"]}}],"collection":[{"href":"https:\/\/www.headshop.nl\/fr\/wp-json\/wp\/v2\/product"}],"about":[{"href":"https:\/\/www.headshop.nl\/fr\/wp-json\/wp\/v2\/types\/product"}],"wp:featuredmedia":[{"embeddable":true,"href":"https:\/\/www.headshop.nl\/fr\/wp-json\/wp\/v2\/media\/82184"}],"wp:attachment":[{"href":"https:\/\/www.headshop.nl\/fr\/wp-json\/wp\/v2\/media?parent=45866"}],"wp:term":[{"taxonomy":"product_brand","embeddable":true,"href":"https:\/\/www.headshop.nl\/fr\/wp-json\/wp\/v2\/product_brand?post=45866"},{"taxonomy":"product_cat","embeddable":true,"href":"https:\/\/www.headshop.nl\/fr\/wp-json\/wp\/v2\/product_cat?post=45866"},{"taxonomy":"product_tag","embeddable":true,"href":"https:\/\/www.headshop.nl\/fr\/wp-json\/wp\/v2\/product_tag?post=45866"}],"curies":[{"name":"wp","href":"https:\/\/api.w.org\/{rel}","templated":true}]}}