{"id":45845,"date":"2020-07-04T08:45:16","date_gmt":"2020-07-04T08:45:16","guid":{"rendered":"https:\/\/www.headshop.nl\/?post_type=product&#038;p=45845"},"modified":"2026-04-21T07:12:31","modified_gmt":"2026-04-21T07:12:31","slug":"aphrodisiac-party-shot-royal-s","status":"publish","type":"product","link":"https:\/\/www.headshop.nl\/fr\/aphrodisiac-party-shot-royal-s\/","title":{"rendered":"Aphrodisiac party shot &#8211; Royal S"},"content":{"rendered":"<p>La Royal Line a \u00e9t\u00e9 d\u00e9velopp\u00e9e par et pour McSmart afin de passer \u00e0 un autre niveau de mani\u00e8re naturelle. En d\u00e9veloppant cette ligne, nous vous offrons une exp\u00e9rience s\u00fbre, l\u00e9gale et abordable que vous appr\u00e9cierez !<\/p>\n<p>Gr\u00e2ce \u00e0 leur forme liquide, les doses sont rapidement absorb\u00e9es par le corps et l'effet se fait rapidement sentir. Profitez des merveilleuses exp\u00e9riences que vous offrent les Royals et laissez-vous surprendre par les d\u00e9licieuses propri\u00e9t\u00e9s de ces plantes.<\/p>\n<p><strong>Dosage recommand\u00e9 :<\/strong>\u00a015ml<\/p>","protected":false},"excerpt":{"rendered":"<p>Royal S est un shot aphrodisiaque. Il s'agit d'un stimulant aphrodisiaque qui vous met de bonne humeur. Ce shot peut vous donner un stimulus pendant quatre heures qui vous aide \u00e0 jouir au maximum l'un de l'autre<\/p>","protected":false},"featured_media":82285,"template":"","meta":[],"product_brand":[],"product_cat":[395,411,391,386,1047,705,384],"product_tag":[],"class_list":{"0":"post-45845","1":"product","2":"type-product","3":"status-publish","4":"has-post-thumbnail","6":"product_cat-aphrodisiacs","7":"product_cat-energy-pills","8":"product_cat-extracts","9":"product_cat-party-pills","10":"product_cat-party-shots","11":"product_cat-sex-shop","12":"product_cat-smartshop","13":"product_shipping_class-not-allowed-group-1","15":"first","16":"instock","17":"taxable","18":"shipping-taxable","19":"purchasable","20":"product-type-simple"},"_links":{"self":[{"href":"https:\/\/www.headshop.nl\/fr\/wp-json\/wp\/v2\/product\/45845","targetHints":{"allow":["GET"]}}],"collection":[{"href":"https:\/\/www.headshop.nl\/fr\/wp-json\/wp\/v2\/product"}],"about":[{"href":"https:\/\/www.headshop.nl\/fr\/wp-json\/wp\/v2\/types\/product"}],"wp:featuredmedia":[{"embeddable":true,"href":"https:\/\/www.headshop.nl\/fr\/wp-json\/wp\/v2\/media\/82285"}],"wp:attachment":[{"href":"https:\/\/www.headshop.nl\/fr\/wp-json\/wp\/v2\/media?parent=45845"}],"wp:term":[{"taxonomy":"product_brand","embeddable":true,"href":"https:\/\/www.headshop.nl\/fr\/wp-json\/wp\/v2\/product_brand?post=45845"},{"taxonomy":"product_cat","embeddable":true,"href":"https:\/\/www.headshop.nl\/fr\/wp-json\/wp\/v2\/product_cat?post=45845"},{"taxonomy":"product_tag","embeddable":true,"href":"https:\/\/www.headshop.nl\/fr\/wp-json\/wp\/v2\/product_tag?post=45845"}],"curies":[{"name":"wp","href":"https:\/\/api.w.org\/{rel}","templated":true}]}}