{"id":45843,"date":"2020-07-04T08:38:15","date_gmt":"2020-07-04T08:38:15","guid":{"rendered":"https:\/\/www.headshop.nl\/?post_type=product&#038;p=45843"},"modified":"2026-04-21T07:12:48","modified_gmt":"2026-04-21T07:12:48","slug":"stimulant-party-shot-royal-x","status":"publish","type":"product","link":"https:\/\/www.headshop.nl\/fr\/stimulant-party-shot-royal-x\/","title":{"rendered":"Stimulant party shot &#8211; Royal X"},"content":{"rendered":"<p>La Royal Line a \u00e9t\u00e9 d\u00e9velopp\u00e9e par et pour McSmart afin de passer \u00e0 un autre niveau de mani\u00e8re naturelle. En d\u00e9veloppant cette ligne, nous vous offrons une exp\u00e9rience s\u00fbre, l\u00e9gale et abordable que vous appr\u00e9cierez ! Gr\u00e2ce \u00e0 la forme liquide, les shots sont rapidement absorb\u00e9s par le corps et l'effet est rapidement ressenti. Profitez des merveilleuses exp\u00e9riences que vous offrent les Royals et laissez-vous surprendre par les d\u00e9licieuses propri\u00e9t\u00e9s de ces herbes.<\/p>\n<p><strong>Dosage recommand\u00e9 :<\/strong>\u00a05 \u00e0 15 ml<\/p>","protected":false},"excerpt":{"rendered":"<p>Liquid Royal X est un XTC liquide \u00e0 base de plantes. Comme ce produit hautement euphorisant est pris sous forme liquide, les premiers effets se produisent environ 15 minutes apr\u00e8s l'ingestion. Les effets psychoactifs durent environ 3 \u00e0 4 heures. Le Royal X peut contribuer aux processus \u00e9nerg\u00e9tiques de l'organisme et favoriser la circulation sanguine dans les muscles et les organes, il peut \u00e9galement provoquer des picotements. En outre, il stimule le syst\u00e8me de la dopamine et de la s\u00e9rotonine dans le cerveau et ce produit procure des picotements, de l'euphorie, de la gaiet\u00e9, une bonne sensation et un effet \"spacy\". En bref, il s'agit d'une tr\u00e8s bonne et puissante ecstasy \u00e0 base de plantes, qui procure un buzz \u00e9nerg\u00e9tique, des picotements dans tout le corps, combin\u00e9s \u00e0 une sensation tr\u00e8s euphorique.<\/p>","protected":false},"featured_media":82280,"template":"","meta":[],"product_brand":[],"product_cat":[297,411,391,386,1047,384],"product_tag":[],"class_list":{"0":"post-45843","1":"product","2":"type-product","3":"status-publish","4":"has-post-thumbnail","6":"product_cat-all-products","7":"product_cat-energy-pills","8":"product_cat-extracts","9":"product_cat-party-pills","10":"product_cat-party-shots","11":"product_cat-smartshop","12":"product_shipping_class-not-allowed-group-1","14":"first","15":"instock","16":"taxable","17":"shipping-taxable","18":"purchasable","19":"product-type-simple"},"_links":{"self":[{"href":"https:\/\/www.headshop.nl\/fr\/wp-json\/wp\/v2\/product\/45843","targetHints":{"allow":["GET"]}}],"collection":[{"href":"https:\/\/www.headshop.nl\/fr\/wp-json\/wp\/v2\/product"}],"about":[{"href":"https:\/\/www.headshop.nl\/fr\/wp-json\/wp\/v2\/types\/product"}],"wp:featuredmedia":[{"embeddable":true,"href":"https:\/\/www.headshop.nl\/fr\/wp-json\/wp\/v2\/media\/82280"}],"wp:attachment":[{"href":"https:\/\/www.headshop.nl\/fr\/wp-json\/wp\/v2\/media?parent=45843"}],"wp:term":[{"taxonomy":"product_brand","embeddable":true,"href":"https:\/\/www.headshop.nl\/fr\/wp-json\/wp\/v2\/product_brand?post=45843"},{"taxonomy":"product_cat","embeddable":true,"href":"https:\/\/www.headshop.nl\/fr\/wp-json\/wp\/v2\/product_cat?post=45843"},{"taxonomy":"product_tag","embeddable":true,"href":"https:\/\/www.headshop.nl\/fr\/wp-json\/wp\/v2\/product_tag?post=45843"}],"curies":[{"name":"wp","href":"https:\/\/api.w.org\/{rel}","templated":true}]}}