{"id":45842,"date":"2020-07-04T08:36:06","date_gmt":"2020-07-04T08:36:06","guid":{"rendered":"https:\/\/www.headshop.nl\/?post_type=product&#038;p=45842"},"modified":"2026-04-21T07:12:55","modified_gmt":"2026-04-21T07:12:55","slug":"energy-party-shot-royal-e","status":"publish","type":"product","link":"https:\/\/www.headshop.nl\/fr\/energy-party-shot-royal-e\/","title":{"rendered":"Energy party shot &#8211; Royal E"},"content":{"rendered":"<p>Agiter jusqu'\u00e0 dissolution compl\u00e8te du contenu. Prendre une heure apr\u00e8s un repas. Boire d'abord la moiti\u00e9 de la dose pour tester votre r\u00e9action. Prendre un verre d'eau apr\u00e8s l'ingestion.<\/p>\n<p>La Royal Line a \u00e9t\u00e9 d\u00e9velopp\u00e9e par et pour McSmart afin de passer \u00e0 un autre niveau de mani\u00e8re naturelle. En d\u00e9veloppant cette ligne, nous vous offrons une exp\u00e9rience s\u00fbre, l\u00e9gale et abordable que vous appr\u00e9cierez ! Gr\u00e2ce \u00e0 la forme liquide, les shots sont rapidement absorb\u00e9s par le corps et l'effet est rapidement ressenti. Profitez des merveilleuses exp\u00e9riences que vous offrent les Royals et laissez-vous surprendre par les d\u00e9licieuses propri\u00e9t\u00e9s de ces herbes.<\/p>\n<p><strong>Dosage recommand\u00e9 :<\/strong>\u00a05 \u00e0 15 ml<\/p>","protected":false},"excerpt":{"rendered":"<p>Avec le Liquid Royal E, vous pouvez dire que si vous avez besoin d'un peu d'\u00e9nergie suppl\u00e9mentaire, ce shot peut vous faire aller de l'avant. La sensation peut durer environ 4 heures, ce qui est suffisant pour passer une bonne soir\u00e9e.<\/p>","protected":false},"featured_media":82282,"template":"","meta":[],"product_brand":[],"product_cat":[297,411,391,386,1047,384,412],"product_tag":[],"class_list":{"0":"post-45842","1":"product","2":"type-product","3":"status-publish","4":"has-post-thumbnail","6":"product_cat-all-products","7":"product_cat-energy-pills","8":"product_cat-extracts","9":"product_cat-party-pills","10":"product_cat-party-shots","11":"product_cat-smartshop","12":"product_cat-trippy-pills","13":"product_shipping_class-not-allowed-group-1","15":"first","16":"instock","17":"taxable","18":"shipping-taxable","19":"purchasable","20":"product-type-simple"},"_links":{"self":[{"href":"https:\/\/www.headshop.nl\/fr\/wp-json\/wp\/v2\/product\/45842","targetHints":{"allow":["GET"]}}],"collection":[{"href":"https:\/\/www.headshop.nl\/fr\/wp-json\/wp\/v2\/product"}],"about":[{"href":"https:\/\/www.headshop.nl\/fr\/wp-json\/wp\/v2\/types\/product"}],"wp:featuredmedia":[{"embeddable":true,"href":"https:\/\/www.headshop.nl\/fr\/wp-json\/wp\/v2\/media\/82282"}],"wp:attachment":[{"href":"https:\/\/www.headshop.nl\/fr\/wp-json\/wp\/v2\/media?parent=45842"}],"wp:term":[{"taxonomy":"product_brand","embeddable":true,"href":"https:\/\/www.headshop.nl\/fr\/wp-json\/wp\/v2\/product_brand?post=45842"},{"taxonomy":"product_cat","embeddable":true,"href":"https:\/\/www.headshop.nl\/fr\/wp-json\/wp\/v2\/product_cat?post=45842"},{"taxonomy":"product_tag","embeddable":true,"href":"https:\/\/www.headshop.nl\/fr\/wp-json\/wp\/v2\/product_tag?post=45842"}],"curies":[{"name":"wp","href":"https:\/\/api.w.org\/{rel}","templated":true}]}}