{"id":41719,"date":"2022-03-14T10:03:47","date_gmt":"2022-03-14T10:03:47","guid":{"rendered":"https:\/\/www.headshop.nl\/?post_type=product&#038;p=41719"},"modified":"2025-05-23T09:39:36","modified_gmt":"2025-05-23T09:39:36","slug":"jumbo-pro-gold-rolls-with-prerolled-tips","status":"publish","type":"product","link":"https:\/\/www.headshop.nl\/fr\/jumbo-pro-gold-rolls-with-prerolled-tips\/","title":{"rendered":"Jumbo Pro Gold Rolls avec Tips pr\u00e9roul\u00e9e"},"content":{"rendered":"<h2>Jumbo Smoking Fournitures<\/h2>\n<p>Jumbo est une marque n\u00e9erlandaise de papier \u00e0 rouler et de produits pour fumeurs qui vise \u00e0 permettre aux fumeurs d'obtenir des produits de qualit\u00e9 \u00e0 un prix abordable. Les cr\u00e9ateurs de Jumbo affirment que tous leurs produits sont fabriqu\u00e9s dans les m\u00eames usines que d'autres marques plus populaires et mieux \u00e9tablies, de sorte que leur qualit\u00e9 devrait correspondre \u00e0 celle de n'importe quel producteur de produits pour fumeurs sur le march\u00e9 ! Jumbo est \u00e9galement connu pour son papier \u00e0 rouler multicolore unique.<\/p>","protected":false},"excerpt":{"rendered":"<p>Le papier \u00e0 rouler Jumbo Gold Pro a pour objectif de fournir un papier \u00e0 rouler de la plus haute qualit\u00e9 \u00e0 un prix abordable. Ces rouleaux sont \u00e9galement livr\u00e9s avec un paquet de tips pr\u00e9roul\u00e9s, afin que vous puissiez rouler vos joints encore plus rapidement. Il vous suffit donc de prendre la quantit\u00e9 de papier dont vous avez besoin, d'ajouter un embout et de rouler votre joint en quelques secondes ! Pratique !<\/p>","protected":false},"featured_media":44173,"template":"","meta":[],"product_brand":[],"product_cat":[810,297,414,447,421,803],"product_tag":[],"class_list":{"0":"post-41719","1":"product","2":"type-product","3":"status-publish","4":"has-post-thumbnail","6":"product_cat-jumbo","7":"product_cat-all-products","8":"product_cat-headshop","9":"product_cat-papers-with-tips","10":"product_cat-rolling-papers","11":"product_cat-rolls","12":"product_shipping_class-creditcard-on","14":"first","15":"instock","16":"taxable","17":"shipping-taxable","18":"purchasable","19":"product-type-variable","20":"has-default-attributes"},"_links":{"self":[{"href":"https:\/\/www.headshop.nl\/fr\/wp-json\/wp\/v2\/product\/41719","targetHints":{"allow":["GET"]}}],"collection":[{"href":"https:\/\/www.headshop.nl\/fr\/wp-json\/wp\/v2\/product"}],"about":[{"href":"https:\/\/www.headshop.nl\/fr\/wp-json\/wp\/v2\/types\/product"}],"wp:featuredmedia":[{"embeddable":true,"href":"https:\/\/www.headshop.nl\/fr\/wp-json\/wp\/v2\/media\/44173"}],"wp:attachment":[{"href":"https:\/\/www.headshop.nl\/fr\/wp-json\/wp\/v2\/media?parent=41719"}],"wp:term":[{"taxonomy":"product_brand","embeddable":true,"href":"https:\/\/www.headshop.nl\/fr\/wp-json\/wp\/v2\/product_brand?post=41719"},{"taxonomy":"product_cat","embeddable":true,"href":"https:\/\/www.headshop.nl\/fr\/wp-json\/wp\/v2\/product_cat?post=41719"},{"taxonomy":"product_tag","embeddable":true,"href":"https:\/\/www.headshop.nl\/fr\/wp-json\/wp\/v2\/product_tag?post=41719"}],"curies":[{"name":"wp","href":"https:\/\/api.w.org\/{rel}","templated":true}]}}