{"id":41700,"date":"2022-03-14T10:03:43","date_gmt":"2022-03-14T10:03:43","guid":{"rendered":"https:\/\/www.headshop.nl\/?post_type=product&#038;p=41700"},"modified":"2024-09-17T10:58:49","modified_gmt":"2024-09-17T10:58:49","slug":"jumbo-pink-king-size-cones-prerolled-34x","status":"publish","type":"product","link":"https:\/\/www.headshop.nl\/fr\/jumbo-pink-king-size-cones-prerolled-34x\/","title":{"rendered":"Jumbo Rose King Size Cones Pr\u00e9roul\u00e9 34x"},"content":{"rendered":"<h2>Rose Rolling Papers<\/h2>\n<p>Envie de rouler et de fumer un joint rose ? La collection de papier \u00e0 rouler et d'embouts Jumbo Pink contient tout ce dont vous avez besoin pour fumer vos joints \u00e0 la mode rose ! Ils ont m\u00eame des c\u00f4nes pr\u00e9-roul\u00e9s roses pour les fumeurs paresseux... Si vous aimez le rose, vous aimerez l'id\u00e9e que tous vos joints, \u00e0 partir de maintenant, peuvent \u00eatre roses ! Achetez tout votre mat\u00e9riel de roulage rose chez Jumbo.<\/p>\n<h2>Jumbo Smoking Fournitures<\/h2>\n<p>Jumbo est une marque n\u00e9erlandaise de papier \u00e0 rouler et de produits pour fumeurs qui vise \u00e0 permettre aux fumeurs d'obtenir des produits de qualit\u00e9 \u00e0 un prix abordable. Les cr\u00e9ateurs de Jumbo affirment que tous leurs produits sont fabriqu\u00e9s dans les m\u00eames usines que d'autres marques plus populaires et mieux \u00e9tablies, de sorte que leur qualit\u00e9 devrait correspondre \u00e0 celle de n'importe quel producteur de produits pour fumeurs sur le march\u00e9 ! Jumbo est \u00e9galement connu pour son papier \u00e0 rouler multicolore unique.<\/p>","protected":false},"excerpt":{"rendered":"<p>Classic king-size cones, mais en rose ! Oui, ces c\u00f4nes sont roses et vous permettront de rouler des joints roses de la mani\u00e8re la plus rapide et la plus facile qui soit. Tous vos joints roses seront uniformes et br\u00fbleront lentement. La fa\u00e7on la plus simple de rouler des joints roses glamour en ville !<\/p>","protected":false},"featured_media":44046,"template":"","meta":[],"product_brand":[],"product_cat":[483,297,793,414,810,807,421],"product_tag":[],"class_list":{"0":"post-41700","1":"product","2":"type-product","3":"status-publish","4":"has-post-thumbnail","6":"product_cat-cones","7":"product_cat-all-products","8":"product_cat-color-papers","9":"product_cat-headshop","10":"product_cat-jumbo","11":"product_cat-pink-papers","12":"product_cat-rolling-papers","13":"product_shipping_class-creditcard-on","15":"first","16":"instock","17":"taxable","18":"shipping-taxable","19":"purchasable","20":"product-type-variable","21":"has-default-attributes"},"_links":{"self":[{"href":"https:\/\/www.headshop.nl\/fr\/wp-json\/wp\/v2\/product\/41700","targetHints":{"allow":["GET"]}}],"collection":[{"href":"https:\/\/www.headshop.nl\/fr\/wp-json\/wp\/v2\/product"}],"about":[{"href":"https:\/\/www.headshop.nl\/fr\/wp-json\/wp\/v2\/types\/product"}],"wp:featuredmedia":[{"embeddable":true,"href":"https:\/\/www.headshop.nl\/fr\/wp-json\/wp\/v2\/media\/44046"}],"wp:attachment":[{"href":"https:\/\/www.headshop.nl\/fr\/wp-json\/wp\/v2\/media?parent=41700"}],"wp:term":[{"taxonomy":"product_brand","embeddable":true,"href":"https:\/\/www.headshop.nl\/fr\/wp-json\/wp\/v2\/product_brand?post=41700"},{"taxonomy":"product_cat","embeddable":true,"href":"https:\/\/www.headshop.nl\/fr\/wp-json\/wp\/v2\/product_cat?post=41700"},{"taxonomy":"product_tag","embeddable":true,"href":"https:\/\/www.headshop.nl\/fr\/wp-json\/wp\/v2\/product_tag?post=41700"}],"curies":[{"name":"wp","href":"https:\/\/api.w.org\/{rel}","templated":true}]}}