{"id":41695,"date":"2022-03-14T10:03:42","date_gmt":"2022-03-14T10:03:42","guid":{"rendered":"https:\/\/www.headshop.nl\/?post_type=product&#038;p=41695"},"modified":"2025-05-23T09:43:39","modified_gmt":"2025-05-23T09:43:39","slug":"mascotte-original-tips","status":"publish","type":"product","link":"https:\/\/www.headshop.nl\/fr\/mascotte-original-tips\/","title":{"rendered":"Mascotte Original Tips"},"content":{"rendered":"<h2>Mascotte Tips<\/h2>\n<p>Si vous recherchez une s\u00e9lection d'embouts de haute qualit\u00e9 qui correspond \u00e0 toutes vos tailles de papier \u00e0 rouler pr\u00e9f\u00e9r\u00e9es, prenez un carnet d'embouts de Mascotte. Avec des d\u00e9cennies d'exp\u00e9rience dans la fabrication de produits pour fumeurs, l'\u00e9quipe de Mascotte s'assure que chaque produit qu'elle met sur le march\u00e9 est de premi\u00e8re qualit\u00e9. Cela signifie que vous pouvez vous attendre \u00e0 de tr\u00e8s belles bouff\u00e9es si vous d\u00e9cidez d'utiliser les embouts de papier \u00e0 rouler de Mascotte !<\/p>\n<h2>Mascotte Mat\u00e9riel roulant<\/h2>\n<p>Mascotte est un fabricant n\u00e9erlandais de papier \u00e0 rouler et d'articles pour fumeurs bien connu de la communaut\u00e9 des fumeurs aux Pays-Bas. Vous trouverez ces papiers \u00e0 rouler de qualit\u00e9 de Mascotte dans presque tous les magasins du coin. Et ce n'est pas pour rien ! Mascotte produit des papiers \u00e0 rouler de haute qualit\u00e9 qui r\u00e9pondent aux besoins de tous les fumeurs. La collection de produits pour fumeurs de Mascotte est remplie de diff\u00e9rents produits qui peuvent convenir \u00e0 toutes les pr\u00e9f\u00e9rences des fumeurs !<\/p>","protected":false},"excerpt":{"rendered":"<p>Les innovations les plus simples peuvent \u00eatre g\u00e9niales ! Un simple livret de conseils pour rouler qui correspond \u00e0 toutes les tailles de papier \u00e0 rouler les plus populaires est la chose simple dont tout fumeur a besoin. Plus besoin de d\u00e9couper des cartes de visite ou de d\u00e9chirer des magazines. Prenez un embout, roulez-le et utilisez-le dans votre joint, c'est aussi simple que cela !<\/p>","protected":false},"featured_media":44601,"template":"","meta":[],"product_brand":[],"product_cat":[445,297,414,627,816,421],"product_tag":[],"class_list":{"0":"post-41695","1":"product","2":"type-product","3":"status-publish","4":"has-post-thumbnail","6":"product_cat-rolling-tips","7":"product_cat-all-products","8":"product_cat-headshop","9":"product_cat-headshop-top-10","10":"product_cat-mascotte","11":"product_cat-rolling-papers","12":"product_shipping_class-creditcard-on","14":"first","15":"instock","16":"taxable","17":"shipping-taxable","18":"purchasable","19":"product-type-variable","20":"has-default-attributes"},"_links":{"self":[{"href":"https:\/\/www.headshop.nl\/fr\/wp-json\/wp\/v2\/product\/41695","targetHints":{"allow":["GET"]}}],"collection":[{"href":"https:\/\/www.headshop.nl\/fr\/wp-json\/wp\/v2\/product"}],"about":[{"href":"https:\/\/www.headshop.nl\/fr\/wp-json\/wp\/v2\/types\/product"}],"wp:featuredmedia":[{"embeddable":true,"href":"https:\/\/www.headshop.nl\/fr\/wp-json\/wp\/v2\/media\/44601"}],"wp:attachment":[{"href":"https:\/\/www.headshop.nl\/fr\/wp-json\/wp\/v2\/media?parent=41695"}],"wp:term":[{"taxonomy":"product_brand","embeddable":true,"href":"https:\/\/www.headshop.nl\/fr\/wp-json\/wp\/v2\/product_brand?post=41695"},{"taxonomy":"product_cat","embeddable":true,"href":"https:\/\/www.headshop.nl\/fr\/wp-json\/wp\/v2\/product_cat?post=41695"},{"taxonomy":"product_tag","embeddable":true,"href":"https:\/\/www.headshop.nl\/fr\/wp-json\/wp\/v2\/product_tag?post=41695"}],"curies":[{"name":"wp","href":"https:\/\/api.w.org\/{rel}","templated":true}]}}