{"id":41694,"date":"2022-03-14T10:03:42","date_gmt":"2022-03-14T10:03:42","guid":{"rendered":"https:\/\/www.headshop.nl\/?post_type=product&#038;p=41694"},"modified":"2025-05-23T09:43:26","modified_gmt":"2025-05-23T09:43:26","slug":"mascotte-active-34-filters","status":"publish","type":"product","link":"https:\/\/www.headshop.nl\/fr\/mascotte-active-34-filters\/","title":{"rendered":"Mascotte Actif 34 Filters"},"content":{"rendered":"<h2>Mascotte Fusain actif Tips<\/h2>\n<p>Ceux qui recherchent une exp\u00e9rience de fumage plus propre, sans rien perdre des bonnes choses... devraient commencer \u00e0 utiliser des filtres actifs au charbon de bois et ne jamais revenir en arri\u00e8re ! Ils font des merveilles en filtrant chaque bouff\u00e9e que vous tirez et en vous offrant une fum\u00e9e plus propre et un meilleur go\u00fbt. Si vous ne les avez jamais essay\u00e9s, vous devriez absolument le faire ! Tous ceux qui essaient les filtres \u00e0 charbon tombent instantan\u00e9ment amoureux d'eux.<\/p>\n<h2>Mascotte Mat\u00e9riel roulant<\/h2>\n<p>Mascotte est un fabricant n\u00e9erlandais de papier \u00e0 rouler et d'articles pour fumeurs bien connu de la communaut\u00e9 des fumeurs aux Pays-Bas. Vous trouverez ces papiers \u00e0 rouler de qualit\u00e9 de Mascotte dans presque tous les magasins du coin. Et ce n'est pas pour rien ! Mascotte produit des papiers \u00e0 rouler de haute qualit\u00e9 qui r\u00e9pondent aux besoins de tous les fumeurs. La collection de produits pour fumeurs de Mascotte est remplie de diff\u00e9rents produits qui peuvent convenir \u00e0 toutes les pr\u00e9f\u00e9rences des fumeurs !<\/p>","protected":false},"excerpt":{"rendered":"<p>Les conseils en mati\u00e8re de charbon de bois pour les articulations font fureur dans le monde entier. Et ce n'est pas sans raison ! Ils filtrent toutes les mauvaises substances de votre fum\u00e9e, sans modifier les effets que vous obtiendrez de votre joint. Cela permet non seulement de fumer plus proprement, mais aussi d'am\u00e9liorer le go\u00fbt de vos joints. Essayez-les si vous ne les avez jamais essay\u00e9s !<\/p>","protected":false},"featured_media":44605,"template":"","meta":[],"product_brand":[],"product_cat":[445,297,414,816,421],"product_tag":[],"class_list":{"0":"post-41694","1":"product","2":"type-product","3":"status-publish","4":"has-post-thumbnail","6":"product_cat-rolling-tips","7":"product_cat-all-products","8":"product_cat-headshop","9":"product_cat-mascotte","10":"product_cat-rolling-papers","11":"product_shipping_class-creditcard-on","13":"first","14":"instock","15":"taxable","16":"shipping-taxable","17":"purchasable","18":"product-type-variable","19":"has-default-attributes"},"_links":{"self":[{"href":"https:\/\/www.headshop.nl\/fr\/wp-json\/wp\/v2\/product\/41694","targetHints":{"allow":["GET"]}}],"collection":[{"href":"https:\/\/www.headshop.nl\/fr\/wp-json\/wp\/v2\/product"}],"about":[{"href":"https:\/\/www.headshop.nl\/fr\/wp-json\/wp\/v2\/types\/product"}],"wp:featuredmedia":[{"embeddable":true,"href":"https:\/\/www.headshop.nl\/fr\/wp-json\/wp\/v2\/media\/44605"}],"wp:attachment":[{"href":"https:\/\/www.headshop.nl\/fr\/wp-json\/wp\/v2\/media?parent=41694"}],"wp:term":[{"taxonomy":"product_brand","embeddable":true,"href":"https:\/\/www.headshop.nl\/fr\/wp-json\/wp\/v2\/product_brand?post=41694"},{"taxonomy":"product_cat","embeddable":true,"href":"https:\/\/www.headshop.nl\/fr\/wp-json\/wp\/v2\/product_cat?post=41694"},{"taxonomy":"product_tag","embeddable":true,"href":"https:\/\/www.headshop.nl\/fr\/wp-json\/wp\/v2\/product_tag?post=41694"}],"curies":[{"name":"wp","href":"https:\/\/api.w.org\/{rel}","templated":true}]}}