{"id":41693,"date":"2022-03-14T10:03:35","date_gmt":"2022-03-14T10:03:35","guid":{"rendered":"https:\/\/www.headshop.nl\/?post_type=product&#038;p=41693"},"modified":"2025-05-23T09:43:50","modified_gmt":"2025-05-23T09:43:50","slug":"mascotte-active-10-filters","status":"publish","type":"product","link":"https:\/\/www.headshop.nl\/fr\/mascotte-active-10-filters\/","title":{"rendered":"Mascotte Actif 10 Filters"},"content":{"rendered":"<h2>Mascotte Fusain actif Tips<\/h2>\n<p>Ceux qui recherchent une exp\u00e9rience de fumage plus propre, sans rien perdre des bonnes choses... devraient commencer \u00e0 utiliser des filtres actifs au charbon de bois et ne jamais revenir en arri\u00e8re ! Ils font des merveilles en filtrant chaque bouff\u00e9e que vous tirez et offrent une fum\u00e9e plus propre et un meilleur go\u00fbt. Si vous ne les avez jamais essay\u00e9s, vous devriez absolument le faire ! Tous ceux qui essaient les filtres \u00e0 charbon tombent instantan\u00e9ment amoureux d'eux.<\/p>\n<h2>Mascotte Mat\u00e9riel roulant<\/h2>\n<p>Mascotte est un fabricant n\u00e9erlandais de papier \u00e0 rouler et d'articles pour fumeurs bien connu de la communaut\u00e9 des fumeurs aux Pays-Bas. Vous trouverez ces papiers \u00e0 rouler de qualit\u00e9 de Mascotte dans presque tous les magasins du coin. Et ce n'est pas pour rien ! Mascotte produit des papiers \u00e0 rouler de haute qualit\u00e9 qui r\u00e9pondent aux besoins de tous les fumeurs. La collection de produits pour fumeurs de Mascotte est remplie de diff\u00e9rents produits qui peuvent convenir \u00e0 toutes les pr\u00e9f\u00e9rences des fumeurs !<\/p>","protected":false},"excerpt":{"rendered":"<p>Ce petit paquet d'embouts de filtre \u00e0 charbon actif changera \u00e0 jamais votre fa\u00e7on de fumer vos joints. Une fum\u00e9e plus propre, un go\u00fbt plus agr\u00e9able et une exp\u00e9rience globale de fumage am\u00e9lior\u00e9e sont garantis ! Ces filtres nettoient activement chaque bouff\u00e9e que vous prenez et ceux qui les essaient ne reviennent jamais en arri\u00e8re. Le meilleur investissement en mati\u00e8re d'\u00e9quipement pour fumeurs !<\/p>","protected":false},"featured_media":44611,"template":"","meta":[],"product_brand":[],"product_cat":[445,297,414,816,421],"product_tag":[],"class_list":{"0":"post-41693","1":"product","2":"type-product","3":"status-publish","4":"has-post-thumbnail","6":"product_cat-rolling-tips","7":"product_cat-all-products","8":"product_cat-headshop","9":"product_cat-mascotte","10":"product_cat-rolling-papers","11":"product_shipping_class-creditcard-on","13":"first","14":"instock","15":"taxable","16":"shipping-taxable","17":"purchasable","18":"product-type-variable","19":"has-default-attributes"},"_links":{"self":[{"href":"https:\/\/www.headshop.nl\/fr\/wp-json\/wp\/v2\/product\/41693","targetHints":{"allow":["GET"]}}],"collection":[{"href":"https:\/\/www.headshop.nl\/fr\/wp-json\/wp\/v2\/product"}],"about":[{"href":"https:\/\/www.headshop.nl\/fr\/wp-json\/wp\/v2\/types\/product"}],"wp:featuredmedia":[{"embeddable":true,"href":"https:\/\/www.headshop.nl\/fr\/wp-json\/wp\/v2\/media\/44611"}],"wp:attachment":[{"href":"https:\/\/www.headshop.nl\/fr\/wp-json\/wp\/v2\/media?parent=41693"}],"wp:term":[{"taxonomy":"product_brand","embeddable":true,"href":"https:\/\/www.headshop.nl\/fr\/wp-json\/wp\/v2\/product_brand?post=41693"},{"taxonomy":"product_cat","embeddable":true,"href":"https:\/\/www.headshop.nl\/fr\/wp-json\/wp\/v2\/product_cat?post=41693"},{"taxonomy":"product_tag","embeddable":true,"href":"https:\/\/www.headshop.nl\/fr\/wp-json\/wp\/v2\/product_tag?post=41693"}],"curies":[{"name":"wp","href":"https:\/\/api.w.org\/{rel}","templated":true}]}}