{"id":41690,"date":"2022-03-14T10:03:34","date_gmt":"2022-03-14T10:03:34","guid":{"rendered":"https:\/\/www.headshop.nl\/?post_type=product&#038;p=41690"},"modified":"2025-05-23T09:44:29","modified_gmt":"2025-05-23T09:44:29","slug":"mascotte-original-combi-slim-size","status":"publish","type":"product","link":"https:\/\/www.headshop.nl\/fr\/mascotte-original-combi-slim-size\/","title":{"rendered":"Mascotte Original Combi Slim Size"},"content":{"rendered":"<h2>Mascotte Tips et Papers<\/h2>\n<p>Si vous aimez avoir tout ce dont vous avez besoin pour rouler un joint \u00e0 tout moment, vous avez besoin d'un combi pack de Mascotte. Il s'agit d'un pack combi qui contient \u00e0 la fois du papier \u00e0 rouler de qualit\u00e9 et des embouts assortis, afin qu'il soit facile de rouler vos joints en d\u00e9placement !<\/p>\n<h2>Mascotte Mat\u00e9riel roulant<\/h2>\n<p>Mascotte est un fabricant n\u00e9erlandais de papier \u00e0 rouler et d'articles pour fumeurs bien connu de la communaut\u00e9 des fumeurs aux Pays-Bas. Vous trouverez ces papiers \u00e0 rouler de qualit\u00e9 de Mascotte dans presque tous les magasins du coin. Et ce n'est pas pour rien ! Mascotte produit des papiers \u00e0 rouler de haute qualit\u00e9 qui r\u00e9pondent aux besoins de tous les fumeurs. La collection de produits pour fumeurs de Mascotte est remplie de diff\u00e9rents produits qui peuvent convenir \u00e0 toutes les pr\u00e9f\u00e9rences des fumeurs !<\/p>","protected":false},"excerpt":{"rendered":"<p>Tips et des papiers fabriqu\u00e9s \u00e0 partir de mati\u00e8res premi\u00e8res pour fumeurs de la plus haute qualit\u00e9 ? C'est certain ! Ce petit paquet contient tout ce dont vous avez besoin pour rouler un joint parfait. C'est donc un produit parfait pour ceux qui aiment rouler leurs joints sur le pouce. Et vous pouvez faire confiance aux papiers Mascotte pour obtenir une combustion lente et r\u00e9guli\u00e8re et une exp\u00e9rience de fumage digne de confiance !<\/p>","protected":false},"featured_media":44633,"template":"","meta":[],"product_brand":[],"product_cat":[421,297,414,816,447,802],"product_tag":[],"class_list":{"0":"post-41690","1":"product","2":"type-product","3":"status-publish","4":"has-post-thumbnail","6":"product_cat-rolling-papers","7":"product_cat-all-products","8":"product_cat-headshop","9":"product_cat-mascotte","10":"product_cat-papers-with-tips","11":"product_cat-slim-size","12":"product_shipping_class-creditcard-on","14":"first","15":"instock","16":"taxable","17":"shipping-taxable","18":"purchasable","19":"product-type-variable","20":"has-default-attributes"},"_links":{"self":[{"href":"https:\/\/www.headshop.nl\/fr\/wp-json\/wp\/v2\/product\/41690","targetHints":{"allow":["GET"]}}],"collection":[{"href":"https:\/\/www.headshop.nl\/fr\/wp-json\/wp\/v2\/product"}],"about":[{"href":"https:\/\/www.headshop.nl\/fr\/wp-json\/wp\/v2\/types\/product"}],"wp:featuredmedia":[{"embeddable":true,"href":"https:\/\/www.headshop.nl\/fr\/wp-json\/wp\/v2\/media\/44633"}],"wp:attachment":[{"href":"https:\/\/www.headshop.nl\/fr\/wp-json\/wp\/v2\/media?parent=41690"}],"wp:term":[{"taxonomy":"product_brand","embeddable":true,"href":"https:\/\/www.headshop.nl\/fr\/wp-json\/wp\/v2\/product_brand?post=41690"},{"taxonomy":"product_cat","embeddable":true,"href":"https:\/\/www.headshop.nl\/fr\/wp-json\/wp\/v2\/product_cat?post=41690"},{"taxonomy":"product_tag","embeddable":true,"href":"https:\/\/www.headshop.nl\/fr\/wp-json\/wp\/v2\/product_tag?post=41690"}],"curies":[{"name":"wp","href":"https:\/\/api.w.org\/{rel}","templated":true}]}}