{"id":41687,"date":"2022-03-14T10:03:34","date_gmt":"2022-03-14T10:03:34","guid":{"rendered":"https:\/\/www.headshop.nl\/?post_type=product&#038;p=41687"},"modified":"2025-05-23T09:44:09","modified_gmt":"2025-05-23T09:44:09","slug":"mascotte-brown-king-size-rolling-papers","status":"publish","type":"product","link":"https:\/\/www.headshop.nl\/fr\/mascotte-brown-king-size-rolling-papers\/","title":{"rendered":"Mascotte Marron King Size Rolling Papers"},"content":{"rendered":"<h2>King Size Papers<\/h2>\n<p>Le papier \u00e0 rouler king-size est en quelque sorte l'OG du march\u00e9 des articles pour fumeurs. Les papiers king-size ont peut-\u00eatre perdu un peu de leur popularit\u00e9 d'antan apr\u00e8s que les papiers slim ont pris le dessus, mais le format king-size est toujours appr\u00e9ci\u00e9 par des millions de fumeurs dans le monde entier. Pourquoi ? Parce que le king-size vous permet de rouler des joints vraiment gros ou de les enrouler tr\u00e8s serr\u00e9s pour une exp\u00e9rience de fumage plus lente.<\/p>\n<h2>Mascotte Mat\u00e9riel roulant<\/h2>\n<p>Mascotte est un fabricant n\u00e9erlandais de papier \u00e0 rouler et d'articles pour fumeurs bien connu de la communaut\u00e9 des fumeurs aux Pays-Bas. Vous trouverez ces papiers \u00e0 rouler de qualit\u00e9 de Mascotte dans presque tous les magasins du coin. Et ce n'est pas pour rien ! Mascotte produit des papiers \u00e0 rouler de haute qualit\u00e9 qui r\u00e9pondent aux besoins de tous les fumeurs. La collection de produits pour fumeurs de Mascotte est remplie de diff\u00e9rents produits qui peuvent convenir \u00e0 toutes les pr\u00e9f\u00e9rences des fumeurs !<\/p>","protected":false},"excerpt":{"rendered":"<p>Ceux qui recherchent des papiers \u00e0 rouler king-size et qui aiment les joints \u00e9pais et robustes appr\u00e9cieront encore plus les papiers non blanchis ! L'absence d'additifs et un processus de fabrication du papier enti\u00e8rement naturel se traduisent par un go\u00fbt de fum\u00e9e plus naturel. Aucune qualit\u00e9 n'est perdue en cours de route, alors essayez-les si vous voulez que vos joints aient un go\u00fbt aussi pur que possible !<\/p>","protected":false},"featured_media":44657,"template":"","meta":[],"product_brand":[],"product_cat":[421,297,414,801,816],"product_tag":[],"class_list":{"0":"post-41687","1":"product","2":"type-product","3":"status-publish","4":"has-post-thumbnail","6":"product_cat-rolling-papers","7":"product_cat-all-products","8":"product_cat-headshop","9":"product_cat-king-size","10":"product_cat-mascotte","11":"product_shipping_class-creditcard-on","13":"first","14":"instock","15":"taxable","16":"shipping-taxable","17":"purchasable","18":"product-type-variable","19":"has-default-attributes"},"_links":{"self":[{"href":"https:\/\/www.headshop.nl\/fr\/wp-json\/wp\/v2\/product\/41687","targetHints":{"allow":["GET"]}}],"collection":[{"href":"https:\/\/www.headshop.nl\/fr\/wp-json\/wp\/v2\/product"}],"about":[{"href":"https:\/\/www.headshop.nl\/fr\/wp-json\/wp\/v2\/types\/product"}],"wp:featuredmedia":[{"embeddable":true,"href":"https:\/\/www.headshop.nl\/fr\/wp-json\/wp\/v2\/media\/44657"}],"wp:attachment":[{"href":"https:\/\/www.headshop.nl\/fr\/wp-json\/wp\/v2\/media?parent=41687"}],"wp:term":[{"taxonomy":"product_brand","embeddable":true,"href":"https:\/\/www.headshop.nl\/fr\/wp-json\/wp\/v2\/product_brand?post=41687"},{"taxonomy":"product_cat","embeddable":true,"href":"https:\/\/www.headshop.nl\/fr\/wp-json\/wp\/v2\/product_cat?post=41687"},{"taxonomy":"product_tag","embeddable":true,"href":"https:\/\/www.headshop.nl\/fr\/wp-json\/wp\/v2\/product_tag?post=41687"}],"curies":[{"name":"wp","href":"https:\/\/api.w.org\/{rel}","templated":true}]}}