{"id":41686,"date":"2022-03-14T10:03:34","date_gmt":"2022-03-14T10:03:34","guid":{"rendered":"https:\/\/www.headshop.nl\/?post_type=product&#038;p=41686"},"modified":"2025-05-23T09:44:00","modified_gmt":"2025-05-23T09:44:00","slug":"mascotte-brown-slim-size-rolling-papers","status":"publish","type":"product","link":"https:\/\/www.headshop.nl\/fr\/mascotte-brown-slim-size-rolling-papers\/","title":{"rendered":"Mascotte Marron Slim Size Rolling Papers"},"content":{"rendered":"<h2>Slim Mascotte Papers<\/h2>\n<p>Le papier \u00e0 rouler slim est probablement le papier \u00e0 rouler le plus r\u00e9pandu sur la plan\u00e8te \u00e0 l'heure actuelle. Avec une telle demande de papier slim, des marques comme Mascotte ont besoin de cr\u00e9er le papier \u00e0 rouler slim parfait. Et nous pensons que l'\u00e9quipe de Mascotte a mis \u00e0 profit ses d\u00e9cennies d'exp\u00e9rience dans la fabrication de produits pour fumeurs pour fournir ce papier \u00e0 rouler slim id\u00e9al que tout le monde aime !<\/p>\n<h2>Mascotte Mat\u00e9riel roulant<\/h2>\n<p>Mascotte est un fabricant n\u00e9erlandais de papier \u00e0 rouler et d'articles pour fumeurs bien connu de la communaut\u00e9 des fumeurs aux Pays-Bas. Vous trouverez ces papiers \u00e0 rouler de qualit\u00e9 de Mascotte dans presque tous les magasins du coin. Et ce n'est pas pour rien ! Mascotte produit des papiers \u00e0 rouler de haute qualit\u00e9 qui r\u00e9pondent aux besoins de tous les fumeurs. La collection de produits pour fumeurs de Mascotte est remplie de diff\u00e9rents produits qui peuvent convenir \u00e0 toutes les pr\u00e9f\u00e9rences des fumeurs !<\/p>","protected":false},"excerpt":{"rendered":"<p>Le format Slim est l'un des formats de papier \u00e0 rouler les plus populaires de la plan\u00e8te et ces papiers Slim de Mascotte sont non raffin\u00e9s et non blanchis ! Cela signifie que leur processus de fabrication est aussi propre et naturel qu'il peut l'\u00eatre. Cela signifie \u00e9galement que votre exp\u00e9rience de fumeur sera pure et que les papiers n'auront pratiquement pas de go\u00fbt suppl\u00e9mentaire, ce qui vous permettra d'appr\u00e9cier encore plus vos joints !<\/p>","protected":false},"featured_media":44643,"template":"","meta":[],"product_brand":[],"product_cat":[421,297,414,816,802],"product_tag":[],"class_list":{"0":"post-41686","1":"product","2":"type-product","3":"status-publish","4":"has-post-thumbnail","6":"product_cat-rolling-papers","7":"product_cat-all-products","8":"product_cat-headshop","9":"product_cat-mascotte","10":"product_cat-slim-size","11":"product_shipping_class-creditcard-on","13":"first","14":"instock","15":"taxable","16":"shipping-taxable","17":"purchasable","18":"product-type-variable","19":"has-default-attributes"},"_links":{"self":[{"href":"https:\/\/www.headshop.nl\/fr\/wp-json\/wp\/v2\/product\/41686","targetHints":{"allow":["GET"]}}],"collection":[{"href":"https:\/\/www.headshop.nl\/fr\/wp-json\/wp\/v2\/product"}],"about":[{"href":"https:\/\/www.headshop.nl\/fr\/wp-json\/wp\/v2\/types\/product"}],"wp:featuredmedia":[{"embeddable":true,"href":"https:\/\/www.headshop.nl\/fr\/wp-json\/wp\/v2\/media\/44643"}],"wp:attachment":[{"href":"https:\/\/www.headshop.nl\/fr\/wp-json\/wp\/v2\/media?parent=41686"}],"wp:term":[{"taxonomy":"product_brand","embeddable":true,"href":"https:\/\/www.headshop.nl\/fr\/wp-json\/wp\/v2\/product_brand?post=41686"},{"taxonomy":"product_cat","embeddable":true,"href":"https:\/\/www.headshop.nl\/fr\/wp-json\/wp\/v2\/product_cat?post=41686"},{"taxonomy":"product_tag","embeddable":true,"href":"https:\/\/www.headshop.nl\/fr\/wp-json\/wp\/v2\/product_tag?post=41686"}],"curies":[{"name":"wp","href":"https:\/\/api.w.org\/{rel}","templated":true}]}}