{"id":41671,"date":"2022-03-14T10:03:31","date_gmt":"2022-03-14T10:03:31","guid":{"rendered":"https:\/\/www.headshop.nl\/?post_type=product&#038;p=41671"},"modified":"2025-05-23T09:46:20","modified_gmt":"2025-05-23T09:46:20","slug":"foldable-rolling-stand","status":"publish","type":"product","link":"https:\/\/www.headshop.nl\/fr\/foldable-rolling-stand\/","title":{"rendered":"Support roulant pliable"},"content":{"rendered":"<h2>Mallette coquine<\/h2>\n<p>Le monde du cannabis n'a pas toujours besoin d'\u00eatre innov\u00e9 par des technologies haut de gamme et co\u00fbteuses comme les vaporisateurs. Parfois, il existe un nouveau produit qui peut \u00eatre fabriqu\u00e9 \u00e0 partir d'un simple morceau de carton et de quelques petits aimants. C'est exactement ce qu'a fait l'\u00e9quipe \u00e0 l'origine du support roulant Naughty Briefcase. Une id\u00e9e simple et g\u00e9niale qui s'adapte \u00e0 la taille de vos papiers !<\/p>","protected":false},"excerpt":{"rendered":"<p>Qu'est-ce qu'un support \u00e0 roulettes magn\u00e9tique portable ? Il s'agit d'un petit appareil fonctionnel en carton qui a exactement la taille de votre paquet de papier \u00e0 rouler, ce qui le rend extr\u00eamement facile \u00e0 transporter. Cet \u00e9quipement pliable a \u00e9t\u00e9 con\u00e7u pour faciliter le roulage d'un joint parfait, car il maintient le papier \u00e0 rouler pendant que vous ajoutez votre m\u00e9lange d'herbe et de tabac. Une fois que vous avez fini d'\u00e9taler les bonnes choses, prenez le papier et roulez le joint. Simple et g\u00e9nial !<\/p>","protected":false},"featured_media":44885,"template":"","meta":[],"product_brand":[],"product_cat":[448,297,414,421],"product_tag":[],"class_list":{"0":"post-41671","1":"product","2":"type-product","3":"status-publish","4":"has-post-thumbnail","6":"product_cat-rolling-machines","7":"product_cat-all-products","8":"product_cat-headshop","9":"product_cat-rolling-papers","10":"product_shipping_class-creditcard-on","12":"first","13":"instock","14":"taxable","15":"shipping-taxable","16":"purchasable","17":"product-type-variable","18":"has-default-attributes"},"_links":{"self":[{"href":"https:\/\/www.headshop.nl\/fr\/wp-json\/wp\/v2\/product\/41671","targetHints":{"allow":["GET"]}}],"collection":[{"href":"https:\/\/www.headshop.nl\/fr\/wp-json\/wp\/v2\/product"}],"about":[{"href":"https:\/\/www.headshop.nl\/fr\/wp-json\/wp\/v2\/types\/product"}],"wp:featuredmedia":[{"embeddable":true,"href":"https:\/\/www.headshop.nl\/fr\/wp-json\/wp\/v2\/media\/44885"}],"wp:attachment":[{"href":"https:\/\/www.headshop.nl\/fr\/wp-json\/wp\/v2\/media?parent=41671"}],"wp:term":[{"taxonomy":"product_brand","embeddable":true,"href":"https:\/\/www.headshop.nl\/fr\/wp-json\/wp\/v2\/product_brand?post=41671"},{"taxonomy":"product_cat","embeddable":true,"href":"https:\/\/www.headshop.nl\/fr\/wp-json\/wp\/v2\/product_cat?post=41671"},{"taxonomy":"product_tag","embeddable":true,"href":"https:\/\/www.headshop.nl\/fr\/wp-json\/wp\/v2\/product_tag?post=41671"}],"curies":[{"name":"wp","href":"https:\/\/api.w.org\/{rel}","templated":true}]}}