{"id":41668,"date":"2022-03-14T10:03:30","date_gmt":"2022-03-14T10:03:30","guid":{"rendered":"https:\/\/www.headshop.nl\/?post_type=product&#038;p=41668"},"modified":"2025-05-23T09:46:48","modified_gmt":"2025-05-23T09:46:48","slug":"elements-artesano-with-tips-and-tray","status":"publish","type":"product","link":"https:\/\/www.headshop.nl\/fr\/elements-artesano-with-tips-and-tray\/","title":{"rendered":"Elements Artesano avec Tips et plateau"},"content":{"rendered":"<h2>Elements Rolling Papers<\/h2>\n<p>Avec des milliers d'ann\u00e9es d'exp\u00e9rience, l'humanit\u00e9 peut fabriquer du papier dans presque tous les mat\u00e9riaux. Elements smoking supplies s'inspire de cette exp\u00e9rience humaine et l'applique \u00e0 la fabrication de son papier \u00e0 rouler de qualit\u00e9. C'est pourquoi leurs papiers \u00e0 rouler d'origine biologique ont tant d'adeptes dans le monde entier ! Essayez-le, nous sommes s\u00fbrs qu'il vous plaira.<\/p>","protected":false},"excerpt":{"rendered":"<p>Il s'agit d'un paquet pratique de petits papiers \u00e0 rouler, accompagn\u00e9s de conseils et d'un plateau pliable dans lequel vous pouvez m\u00e9langer votre herbe et votre tabac. En d'autres termes, c'est tout ce dont vous avez besoin pour rouler un spliff ou un petit joint sur le pouce. Ouvrez le paquet, m\u00e9langez vos produits dans le plateau, faites un tip et roulez-le. Vous fumerez ce joint en un rien de temps !<\/p>","protected":false},"featured_media":45104,"template":"","meta":[],"product_brand":[],"product_cat":[421,297,414,447],"product_tag":[],"class_list":{"0":"post-41668","1":"product","2":"type-product","3":"status-publish","4":"has-post-thumbnail","6":"product_cat-rolling-papers","7":"product_cat-all-products","8":"product_cat-headshop","9":"product_cat-papers-with-tips","10":"product_shipping_class-creditcard-on","12":"first","13":"instock","14":"taxable","15":"shipping-taxable","16":"purchasable","17":"product-type-variable","18":"has-default-attributes"},"_links":{"self":[{"href":"https:\/\/www.headshop.nl\/fr\/wp-json\/wp\/v2\/product\/41668","targetHints":{"allow":["GET"]}}],"collection":[{"href":"https:\/\/www.headshop.nl\/fr\/wp-json\/wp\/v2\/product"}],"about":[{"href":"https:\/\/www.headshop.nl\/fr\/wp-json\/wp\/v2\/types\/product"}],"wp:featuredmedia":[{"embeddable":true,"href":"https:\/\/www.headshop.nl\/fr\/wp-json\/wp\/v2\/media\/45104"}],"wp:attachment":[{"href":"https:\/\/www.headshop.nl\/fr\/wp-json\/wp\/v2\/media?parent=41668"}],"wp:term":[{"taxonomy":"product_brand","embeddable":true,"href":"https:\/\/www.headshop.nl\/fr\/wp-json\/wp\/v2\/product_brand?post=41668"},{"taxonomy":"product_cat","embeddable":true,"href":"https:\/\/www.headshop.nl\/fr\/wp-json\/wp\/v2\/product_cat?post=41668"},{"taxonomy":"product_tag","embeddable":true,"href":"https:\/\/www.headshop.nl\/fr\/wp-json\/wp\/v2\/product_tag?post=41668"}],"curies":[{"name":"wp","href":"https:\/\/api.w.org\/{rel}","templated":true}]}}