{"id":41666,"date":"2022-03-14T10:03:30","date_gmt":"2022-03-14T10:03:30","guid":{"rendered":"https:\/\/www.headshop.nl\/?post_type=product&#038;p=41666"},"modified":"2025-05-23T09:46:38","modified_gmt":"2025-05-23T09:46:38","slug":"elements-king-size-slim-thin","status":"publish","type":"product","link":"https:\/\/www.headshop.nl\/fr\/elements-king-size-slim-thin\/","title":{"rendered":"Elements King Size Mince Mince"},"content":{"rendered":"<h2>Elements Riz fin Rolling Papers<\/h2>\n<p>Avec des milliers d'ann\u00e9es d'exp\u00e9rience, l'humanit\u00e9 peut fabriquer du papier dans presque tous les mat\u00e9riaux. Elements smoking supplies s'inspire de cette exp\u00e9rience humaine et l'applique \u00e0 la fabrication de son papier \u00e0 rouler de qualit\u00e9. C'est pourquoi leurs papiers \u00e0 rouler d'origine biologique ont tant d'adeptes dans le monde entier ! Essayez-le, nous sommes s\u00fbrs qu'il vous plaira.<\/p>","protected":false},"excerpt":{"rendered":"<p>Amateurs de papier \u00e0 rouler fin, r\u00e9jouissez-vous ! Fabriqu\u00e9s \u00e0 partir de riz, ces papiers sont l'une des solutions de papier \u00e0 rouler les plus minces que vous puissiez trouver sur le march\u00e9 de l'approvisionnement en tabac. Avec cette taille fine que tout le monde aime, une fois roul\u00e9s, ces papiers donneront un joint \u00e0 combustion lente et une exp\u00e9rience de fumage globale \u00e9tonnante.<\/p>","protected":false},"featured_media":45090,"template":"","meta":[],"product_brand":[],"product_cat":[421,297,414,446,802],"product_tag":[],"class_list":{"0":"post-41666","1":"product","2":"type-product","3":"status-publish","4":"has-post-thumbnail","6":"product_cat-rolling-papers","7":"product_cat-all-products","8":"product_cat-headshop","9":"product_cat-papers","10":"product_cat-slim-size","11":"product_shipping_class-creditcard-on","13":"first","14":"instock","15":"taxable","16":"shipping-taxable","17":"purchasable","18":"product-type-variable","19":"has-default-attributes"},"_links":{"self":[{"href":"https:\/\/www.headshop.nl\/fr\/wp-json\/wp\/v2\/product\/41666","targetHints":{"allow":["GET"]}}],"collection":[{"href":"https:\/\/www.headshop.nl\/fr\/wp-json\/wp\/v2\/product"}],"about":[{"href":"https:\/\/www.headshop.nl\/fr\/wp-json\/wp\/v2\/types\/product"}],"wp:featuredmedia":[{"embeddable":true,"href":"https:\/\/www.headshop.nl\/fr\/wp-json\/wp\/v2\/media\/45090"}],"wp:attachment":[{"href":"https:\/\/www.headshop.nl\/fr\/wp-json\/wp\/v2\/media?parent=41666"}],"wp:term":[{"taxonomy":"product_brand","embeddable":true,"href":"https:\/\/www.headshop.nl\/fr\/wp-json\/wp\/v2\/product_brand?post=41666"},{"taxonomy":"product_cat","embeddable":true,"href":"https:\/\/www.headshop.nl\/fr\/wp-json\/wp\/v2\/product_cat?post=41666"},{"taxonomy":"product_tag","embeddable":true,"href":"https:\/\/www.headshop.nl\/fr\/wp-json\/wp\/v2\/product_tag?post=41666"}],"curies":[{"name":"wp","href":"https:\/\/api.w.org\/{rel}","templated":true}]}}