{"id":41665,"date":"2022-03-14T10:03:29","date_gmt":"2022-03-14T10:03:29","guid":{"rendered":"https:\/\/www.headshop.nl\/?post_type=product&#038;p=41665"},"modified":"2025-05-23T09:46:55","modified_gmt":"2025-05-23T09:46:55","slug":"elements-king-size-thin","status":"publish","type":"product","link":"https:\/\/www.headshop.nl\/fr\/elements-king-size-thin\/","title":{"rendered":"Elements King Size Mince"},"content":{"rendered":"<h2>Elements mince Rolling Papers<\/h2>\n<p>Avec des milliers d'ann\u00e9es d'exp\u00e9rience, l'humanit\u00e9 peut fabriquer du papier dans presque tous les mat\u00e9riaux. Elements smoking supplies s'inspire de cette exp\u00e9rience humaine et l'applique \u00e0 la fabrication de son papier \u00e0 rouler de qualit\u00e9. C'est pourquoi leurs papiers \u00e0 rouler d'origine biologique ont tant d'adeptes dans le monde entier ! Essayez-le, nous sommes s\u00fbrs qu'il vous plaira.<\/p>","protected":false},"excerpt":{"rendered":"<p>Des papiers \u00e0 rouler king size fabriqu\u00e9s \u00e0 partir de riz, pour une exp\u00e9rience de combustion lente ! C'est l'une des raisons pour lesquelles la plupart des amateurs de papier fin choisissent elements, ils savent comment utiliser les mat\u00e9riaux organiques de la bonne mani\u00e8re pour obtenir le papier id\u00e9al qui vous donne de la joie lorsque vous fumez votre joint.<\/p>","protected":false},"featured_media":45120,"template":"","meta":[],"product_brand":[],"product_cat":[421,297,414,801,446],"product_tag":[],"class_list":{"0":"post-41665","1":"product","2":"type-product","3":"status-publish","4":"has-post-thumbnail","6":"product_cat-rolling-papers","7":"product_cat-all-products","8":"product_cat-headshop","9":"product_cat-king-size","10":"product_cat-papers","11":"product_shipping_class-creditcard-on","13":"first","14":"instock","15":"taxable","16":"shipping-taxable","17":"purchasable","18":"product-type-variable","19":"has-default-attributes"},"_links":{"self":[{"href":"https:\/\/www.headshop.nl\/fr\/wp-json\/wp\/v2\/product\/41665","targetHints":{"allow":["GET"]}}],"collection":[{"href":"https:\/\/www.headshop.nl\/fr\/wp-json\/wp\/v2\/product"}],"about":[{"href":"https:\/\/www.headshop.nl\/fr\/wp-json\/wp\/v2\/types\/product"}],"wp:featuredmedia":[{"embeddable":true,"href":"https:\/\/www.headshop.nl\/fr\/wp-json\/wp\/v2\/media\/45120"}],"wp:attachment":[{"href":"https:\/\/www.headshop.nl\/fr\/wp-json\/wp\/v2\/media?parent=41665"}],"wp:term":[{"taxonomy":"product_brand","embeddable":true,"href":"https:\/\/www.headshop.nl\/fr\/wp-json\/wp\/v2\/product_brand?post=41665"},{"taxonomy":"product_cat","embeddable":true,"href":"https:\/\/www.headshop.nl\/fr\/wp-json\/wp\/v2\/product_cat?post=41665"},{"taxonomy":"product_tag","embeddable":true,"href":"https:\/\/www.headshop.nl\/fr\/wp-json\/wp\/v2\/product_tag?post=41665"}],"curies":[{"name":"wp","href":"https:\/\/api.w.org\/{rel}","templated":true}]}}