{"id":41656,"date":"2022-03-14T10:03:21","date_gmt":"2022-03-14T10:03:21","guid":{"rendered":"https:\/\/www.headshop.nl\/?post_type=product&#038;p=41656"},"modified":"2025-05-23T09:47:47","modified_gmt":"2025-05-23T09:47:47","slug":"raw-organic-hemp-king-size-slim-rolling-papers","status":"publish","type":"product","link":"https:\/\/www.headshop.nl\/fr\/raw-organic-hemp-king-size-slim-rolling-papers\/","title":{"rendered":"Raw Chanvre bio King Size Slim Rolling Papers"},"content":{"rendered":"<h2>Raw Organic Hemp Papers<\/h2>\n<p>La ligne de produits Raw Organic Hemp vise \u00e0 procurer cette sensation de fum\u00e9e de cannabis enti\u00e8rement naturelle qui se d\u00e9gage lorsque vous utilisez des feuilles \u00e0 rouler en chanvre pour rouler vos joints. Rien ne correspond mieux au go\u00fbt de l'herbe que... l'herbe elle-m\u00eame ! Les papiers \u00e0 rouler en chanvre sont un excellent moyen biologique et non raffin\u00e9 de rouler vos joints !<\/p>\n<h2>Raw Smoking Fournitures<\/h2>\n<p>Raw est connu pour son papier \u00e0 fumer authentique de haute qualit\u00e9, appr\u00e9ci\u00e9 par des millions de fumeurs dans le monde entier. Raw est l'une des marques de papier \u00e0 fumer les plus reconnues, \u00e0 laquelle on peut faire confiance pour le papier \u00e0 fumer le plus organique, le plus naturel et le plus haut de gamme.<\/p>","protected":false},"excerpt":{"rendered":"<p>Vous \u00eates \u00e0 la recherche d'un papier de chanvre king size de la plus haute qualit\u00e9 ? Ne cherchez plus, Raw vous couvre ! La taille du papier \u00e0 rouler Classic et les mat\u00e9riaux naturels de la plus haute qualit\u00e9 que vous pouvez imaginer. Rien ne br\u00fble mieux et plus doucement qu'un papier \u00e0 rouler king-size de qualit\u00e9 Raw !<\/p>","protected":false},"featured_media":43336,"template":"","meta":[],"product_brand":[],"product_cat":[421,297,414,791,801,446,771],"product_tag":[],"class_list":{"0":"post-41656","1":"product","2":"type-product","3":"status-publish","4":"has-post-thumbnail","6":"product_cat-rolling-papers","7":"product_cat-all-products","8":"product_cat-headshop","9":"product_cat-hemp-papers","10":"product_cat-king-size","11":"product_cat-papers","12":"product_cat-raw","13":"product_shipping_class-creditcard-on","15":"first","16":"instock","17":"taxable","18":"shipping-taxable","19":"purchasable","20":"product-type-variable","21":"has-default-attributes"},"_links":{"self":[{"href":"https:\/\/www.headshop.nl\/fr\/wp-json\/wp\/v2\/product\/41656","targetHints":{"allow":["GET"]}}],"collection":[{"href":"https:\/\/www.headshop.nl\/fr\/wp-json\/wp\/v2\/product"}],"about":[{"href":"https:\/\/www.headshop.nl\/fr\/wp-json\/wp\/v2\/types\/product"}],"wp:featuredmedia":[{"embeddable":true,"href":"https:\/\/www.headshop.nl\/fr\/wp-json\/wp\/v2\/media\/43336"}],"wp:attachment":[{"href":"https:\/\/www.headshop.nl\/fr\/wp-json\/wp\/v2\/media?parent=41656"}],"wp:term":[{"taxonomy":"product_brand","embeddable":true,"href":"https:\/\/www.headshop.nl\/fr\/wp-json\/wp\/v2\/product_brand?post=41656"},{"taxonomy":"product_cat","embeddable":true,"href":"https:\/\/www.headshop.nl\/fr\/wp-json\/wp\/v2\/product_cat?post=41656"},{"taxonomy":"product_tag","embeddable":true,"href":"https:\/\/www.headshop.nl\/fr\/wp-json\/wp\/v2\/product_tag?post=41656"}],"curies":[{"name":"wp","href":"https:\/\/api.w.org\/{rel}","templated":true}]}}