{"id":41650,"date":"2022-03-14T10:03:19","date_gmt":"2022-03-14T10:03:19","guid":{"rendered":"https:\/\/www.headshop.nl\/?post_type=product&#038;p=41650"},"modified":"2025-05-23T09:50:14","modified_gmt":"2025-05-23T09:50:14","slug":"raw-connoisseur-king-size-slim-rolling-papers-and-tips","status":"publish","type":"product","link":"https:\/\/www.headshop.nl\/fr\/raw-connoisseur-king-size-slim-rolling-papers-and-tips\/","title":{"rendered":"Raw Connoisseur King Size Slim Rolling Papers et Tips"},"content":{"rendered":"<h2>BRUT Classic Rolling Papers<\/h2>\n<p>Raw classic propose des produits que tous les fumeurs aimeront et appr\u00e9cieront ! Tous les papiers \u00e0 rouler RAW sont fabriqu\u00e9s \u00e0 partir de mat\u00e9riaux organiques, tout est non blanchi et rien n'est trait\u00e9 avec des produits chimiques, c'est pourquoi toute exp\u00e9rience de fumage RAW donne une sensation de puret\u00e9 et le go\u00fbt est incroyable ! Tous les papiers \u00e0 rouler Classic RAW et les autres produits pour fumeurs sont appr\u00e9ci\u00e9s par des millions de personnes et seront appr\u00e9ci\u00e9s par tous les fumeurs qui les essaieront !<\/p>\n<h2>Raw Smoking Fournitures<\/h2>\n<p>Raw est connu pour son papier \u00e0 fumer authentique de haute qualit\u00e9, appr\u00e9ci\u00e9 par des millions de fumeurs dans le monde entier. Raw est l'une des marques de papier \u00e0 fumer les plus reconnues, \u00e0 laquelle on peut faire confiance avec le papier \u00e0 fumer le plus organique, le plus naturel et de la plus haute qualit\u00e9. Les meilleures fournitures que vous puissiez trouver en tant que fumeur !<\/p>","protected":false},"excerpt":{"rendered":"<p>Des feuilles \u00e0 rouler king size de RAW ? Oui, c'est \u00e7a ! Livr\u00e9 avec des embouts \u00e0 rouler ? Et comment ! La meilleure qualit\u00e9 de papier \u00e0 rouler rencontre la fa\u00e7on la plus organique de produire du papier pour vous donner la meilleure exp\u00e9rience de fumer. Ceux qui ont essay\u00e9 les papiers king size classiques de RAW savent que ce sont certainement les meilleurs papiers que vous puissiez esp\u00e9rer !<\/p>","protected":false},"featured_media":43573,"template":"","meta":[],"product_brand":[],"product_cat":[421,297,414,447,771],"product_tag":[],"class_list":{"0":"post-41650","1":"product","2":"type-product","3":"status-publish","4":"has-post-thumbnail","6":"product_cat-rolling-papers","7":"product_cat-all-products","8":"product_cat-headshop","9":"product_cat-papers-with-tips","10":"product_cat-raw","11":"product_shipping_class-creditcard-on","13":"first","14":"instock","15":"taxable","16":"shipping-taxable","17":"purchasable","18":"product-type-variable","19":"has-default-attributes"},"_links":{"self":[{"href":"https:\/\/www.headshop.nl\/fr\/wp-json\/wp\/v2\/product\/41650","targetHints":{"allow":["GET"]}}],"collection":[{"href":"https:\/\/www.headshop.nl\/fr\/wp-json\/wp\/v2\/product"}],"about":[{"href":"https:\/\/www.headshop.nl\/fr\/wp-json\/wp\/v2\/types\/product"}],"wp:featuredmedia":[{"embeddable":true,"href":"https:\/\/www.headshop.nl\/fr\/wp-json\/wp\/v2\/media\/43573"}],"wp:attachment":[{"href":"https:\/\/www.headshop.nl\/fr\/wp-json\/wp\/v2\/media?parent=41650"}],"wp:term":[{"taxonomy":"product_brand","embeddable":true,"href":"https:\/\/www.headshop.nl\/fr\/wp-json\/wp\/v2\/product_brand?post=41650"},{"taxonomy":"product_cat","embeddable":true,"href":"https:\/\/www.headshop.nl\/fr\/wp-json\/wp\/v2\/product_cat?post=41650"},{"taxonomy":"product_tag","embeddable":true,"href":"https:\/\/www.headshop.nl\/fr\/wp-json\/wp\/v2\/product_tag?post=41650"}],"curies":[{"name":"wp","href":"https:\/\/api.w.org\/{rel}","templated":true}]}}