{"id":41642,"date":"2022-03-14T10:03:18","date_gmt":"2022-03-14T10:03:18","guid":{"rendered":"https:\/\/www.headshop.nl\/?post_type=product&#038;p=41642"},"modified":"2025-05-23T09:50:26","modified_gmt":"2025-05-23T09:50:26","slug":"tattoo-movie-flipbook-tips","status":"publish","type":"product","link":"https:\/\/www.headshop.nl\/fr\/tattoo-movie-flipbook-tips\/","title":{"rendered":"Tattoo Movie Flipbook Tips"},"content":{"rendered":"<h2>Rolling Tips<\/h2>\n<p>Il fut un temps o\u00f9 nous roulions des joints en fabriquant des tuyaux \u00e0 partir de cartes de visite, de magazines et de tout papier solide qui nous tombait sous la main. Ce temps est r\u00e9volu ! Tout fumeur devrait d\u00e9sormais utiliser l'invention la plus simple et la plus g\u00e9niale qui soit, le carnet de tips. Il suffit de d\u00e9chirer un embout, de le rouler et de l'utiliser pour votre joint. Dites adieu \u00e0 l'utilisation accidentelle d'une carte de visite importante pour quelques joints. Dites bonjour aux embouts de taille et de solidit\u00e9 parfaites, sp\u00e9cialement con\u00e7us pour rouler les joints !<\/p>","protected":false},"excerpt":{"rendered":"<p>Ces conseils ne sont pas seulement parfaits pour rouler les articulations, mais ils permettent \u00e9galement d'engager la conversation avec vos amis. Pourquoi ? Parce que ce livret est aussi un petit film flipbook. Si tu le feuillettes rapidement, tu verras une petite animation se produire, car chaque astuce a un design diff\u00e9rent qui cr\u00e9e la s\u00e9quence du petit film !<\/p>","protected":false},"featured_media":44871,"template":"","meta":[],"product_brand":[],"product_cat":[445,297,414,421],"product_tag":[],"class_list":{"0":"post-41642","1":"product","2":"type-product","3":"status-publish","4":"has-post-thumbnail","6":"product_cat-rolling-tips","7":"product_cat-all-products","8":"product_cat-headshop","9":"product_cat-rolling-papers","10":"product_shipping_class-creditcard-on","12":"first","13":"instock","14":"taxable","15":"shipping-taxable","16":"purchasable","17":"product-type-variable","18":"has-default-attributes"},"_links":{"self":[{"href":"https:\/\/www.headshop.nl\/fr\/wp-json\/wp\/v2\/product\/41642","targetHints":{"allow":["GET"]}}],"collection":[{"href":"https:\/\/www.headshop.nl\/fr\/wp-json\/wp\/v2\/product"}],"about":[{"href":"https:\/\/www.headshop.nl\/fr\/wp-json\/wp\/v2\/types\/product"}],"wp:featuredmedia":[{"embeddable":true,"href":"https:\/\/www.headshop.nl\/fr\/wp-json\/wp\/v2\/media\/44871"}],"wp:attachment":[{"href":"https:\/\/www.headshop.nl\/fr\/wp-json\/wp\/v2\/media?parent=41642"}],"wp:term":[{"taxonomy":"product_brand","embeddable":true,"href":"https:\/\/www.headshop.nl\/fr\/wp-json\/wp\/v2\/product_brand?post=41642"},{"taxonomy":"product_cat","embeddable":true,"href":"https:\/\/www.headshop.nl\/fr\/wp-json\/wp\/v2\/product_cat?post=41642"},{"taxonomy":"product_tag","embeddable":true,"href":"https:\/\/www.headshop.nl\/fr\/wp-json\/wp\/v2\/product_tag?post=41642"}],"curies":[{"name":"wp","href":"https:\/\/api.w.org\/{rel}","templated":true}]}}