{"id":41633,"date":"2022-03-14T10:03:09","date_gmt":"2022-03-14T10:03:09","guid":{"rendered":"https:\/\/www.headshop.nl\/?post_type=product&#038;p=41633"},"modified":"2025-05-23T09:52:26","modified_gmt":"2025-05-23T09:52:26","slug":"cyclones-hemp-wonderberry-blunt-cones","status":"publish","type":"product","link":"https:\/\/www.headshop.nl\/fr\/cyclones-hemp-wonderberry-blunt-cones\/","title":{"rendered":"Cyclones Chanvre Wonderberry Blunt Cones"},"content":{"rendered":"<h2>Emoussoir en chanvre Cones<\/h2>\n<p>Bien que l'utilisation d'une feuille de tabac pour rouler un blunt \u00e0 l'ancienne soit encore tr\u00e8s classe, vous pouvez avoir une exp\u00e9rience de fumage encore meilleure en utilisant des blunt wraps fabriqu\u00e9s \u00e0 partir de plantes de cannabis. Et comme ces feuilles se pr\u00e9sentent sous forme de c\u00f4nes, vous n'avez m\u00eame pas besoin de vous battre pour les rouler. Ajoutez votre herbe et fumez !<\/p>","protected":false},"excerpt":{"rendered":"<p>Nous connaissons tous la chose la plus ennuyeuse quand il s'agit de rouler un blunt... C'est la partie \u00e0 rouler ! Pourquoi ne pas utiliser un c\u00f4ne pr\u00e9-roul\u00e9 fabriqu\u00e9 \u00e0 partir de chanvre biologique et dot\u00e9 d'un joli embout en bois. Il vous suffit d'y glisser votre herbe et de la fumer. C'est aussi simple que cela ! L'exp\u00e9rience d'un blunt \u00e0 combustion lente sans la difficult\u00e9 de rouler !<\/p>","protected":false},"featured_media":44984,"template":"","meta":[],"product_brand":[],"product_cat":[483,297,443,414,444,421],"product_tag":[],"class_list":{"0":"post-41633","1":"product","2":"type-product","3":"status-publish","4":"has-post-thumbnail","6":"product_cat-cones","7":"product_cat-all-products","8":"product_cat-blunts","9":"product_cat-headshop","10":"product_cat-hemp-wraps","11":"product_cat-rolling-papers","12":"product_shipping_class-creditcard-on","14":"first","15":"instock","16":"taxable","17":"shipping-taxable","18":"purchasable","19":"product-type-variable","20":"has-default-attributes"},"_links":{"self":[{"href":"https:\/\/www.headshop.nl\/fr\/wp-json\/wp\/v2\/product\/41633","targetHints":{"allow":["GET"]}}],"collection":[{"href":"https:\/\/www.headshop.nl\/fr\/wp-json\/wp\/v2\/product"}],"about":[{"href":"https:\/\/www.headshop.nl\/fr\/wp-json\/wp\/v2\/types\/product"}],"wp:featuredmedia":[{"embeddable":true,"href":"https:\/\/www.headshop.nl\/fr\/wp-json\/wp\/v2\/media\/44984"}],"wp:attachment":[{"href":"https:\/\/www.headshop.nl\/fr\/wp-json\/wp\/v2\/media?parent=41633"}],"wp:term":[{"taxonomy":"product_brand","embeddable":true,"href":"https:\/\/www.headshop.nl\/fr\/wp-json\/wp\/v2\/product_brand?post=41633"},{"taxonomy":"product_cat","embeddable":true,"href":"https:\/\/www.headshop.nl\/fr\/wp-json\/wp\/v2\/product_cat?post=41633"},{"taxonomy":"product_tag","embeddable":true,"href":"https:\/\/www.headshop.nl\/fr\/wp-json\/wp\/v2\/product_tag?post=41633"}],"curies":[{"name":"wp","href":"https:\/\/api.w.org\/{rel}","templated":true}]}}