{"id":41610,"date":"2022-03-14T10:03:05","date_gmt":"2022-03-14T10:03:05","guid":{"rendered":"https:\/\/www.headshop.nl\/?post_type=product&#038;p=41610"},"modified":"2025-05-23T09:56:38","modified_gmt":"2025-05-23T09:56:38","slug":"ocb-premium-rolls","status":"publish","type":"product","link":"https:\/\/www.headshop.nl\/fr\/ocb-premium-rolls\/","title":{"rendered":"OCB Premium Rolls"},"content":{"rendered":"<h2>OCB Papier \u00e0 rouler<\/h2>\n<p>Bien qu'il s'agisse d'une marque de papier \u00e0 rouler tr\u00e8s populaire dans certains pays, peu de gens connaissent le papier \u00e0 rouler fran\u00e7ais OCB. C'est dommage, car en ce qui concerne la qualit\u00e9 du papier et la qualit\u00e9 de la gomme, il n'y a pas beaucoup d'\u00e9quivalents sur le march\u00e9. Cela vaut particuli\u00e8rement la peine d'essayer si vous ne l\u00e9chez pas assez ou trop votre ligne gingivale. Ces papiers r\u00e9soudront automatiquement ce probl\u00e8me pour vous !<\/p>","protected":false},"excerpt":{"rendered":"<p>Tout le monde veut dire que son papier \u00e0 rouler est le meilleur, mais tout devient \u00e9vident lorsque vous essayez de rouler avec et de fumer. Si vous n'avez jamais essay\u00e9 OCB Rolls, vous devriez absolument le faire ! C'est l'une des gommes les plus fiables de la ville, impossible \u00e0 surligner, et la vraie affaire quand il s'agit de la solidit\u00e9 des joints et de la combustion lente. Si vous lisez ceci et que vous n'avez jamais essay\u00e9 le OCB, laissez tout tomber et achetez-en maintenant, cela pourrait changer votre perspective de ce que peut \u00eatre le meilleur papier \u00e0 rouler !<\/p>","protected":false},"featured_media":45015,"template":"","meta":[],"product_brand":[],"product_cat":[421,297,414,803],"product_tag":[],"class_list":{"0":"post-41610","1":"product","2":"type-product","3":"status-publish","4":"has-post-thumbnail","6":"product_cat-rolling-papers","7":"product_cat-all-products","8":"product_cat-headshop","9":"product_cat-rolls","10":"product_shipping_class-creditcard-on","12":"first","13":"instock","14":"taxable","15":"shipping-taxable","16":"purchasable","17":"product-type-variable","18":"has-default-attributes"},"_links":{"self":[{"href":"https:\/\/www.headshop.nl\/fr\/wp-json\/wp\/v2\/product\/41610","targetHints":{"allow":["GET"]}}],"collection":[{"href":"https:\/\/www.headshop.nl\/fr\/wp-json\/wp\/v2\/product"}],"about":[{"href":"https:\/\/www.headshop.nl\/fr\/wp-json\/wp\/v2\/types\/product"}],"wp:featuredmedia":[{"embeddable":true,"href":"https:\/\/www.headshop.nl\/fr\/wp-json\/wp\/v2\/media\/45015"}],"wp:attachment":[{"href":"https:\/\/www.headshop.nl\/fr\/wp-json\/wp\/v2\/media?parent=41610"}],"wp:term":[{"taxonomy":"product_brand","embeddable":true,"href":"https:\/\/www.headshop.nl\/fr\/wp-json\/wp\/v2\/product_brand?post=41610"},{"taxonomy":"product_cat","embeddable":true,"href":"https:\/\/www.headshop.nl\/fr\/wp-json\/wp\/v2\/product_cat?post=41610"},{"taxonomy":"product_tag","embeddable":true,"href":"https:\/\/www.headshop.nl\/fr\/wp-json\/wp\/v2\/product_tag?post=41610"}],"curies":[{"name":"wp","href":"https:\/\/api.w.org\/{rel}","templated":true}]}}