{"id":41589,"date":"2022-03-14T10:02:52","date_gmt":"2022-03-14T10:02:52","guid":{"rendered":"https:\/\/www.headshop.nl\/?post_type=product&#038;p=41589"},"modified":"2025-05-23T09:58:16","modified_gmt":"2025-05-23T09:58:16","slug":"blueberry-prerolled-juicy-jones-cone","status":"publish","type":"product","link":"https:\/\/www.headshop.nl\/fr\/blueberry-prerolled-juicy-jones-cone\/","title":{"rendered":"Bleuet Pr\u00e9roul\u00e9 Juicy Jones Cone"},"content":{"rendered":"<h2>Juicy Jay's Joint Cones<\/h2>\n<p>Juicy Jay's ou simplement Juicy est l'une de ces marques de papier \u00e0 rouler que l'on aime ou que l'on d\u00e9teste. Leur collection de papier \u00e0 rouler est unique en raison du fait que tous les papiers Juicy sont accompagn\u00e9s d'une saveur et d'un design color\u00e9. Tous les parfums que vous pouvez imaginer, ils les ont !<\/p>\n<p>C'est pourquoi rouler des joints avec des papiers aromatis\u00e9s est une activit\u00e9 passionnante, car le papier de votre choix influencera le go\u00fbt et l'odeur de votre joint. Choisissez votre saveur pr\u00e9f\u00e9r\u00e9e et fumez vos joints avec style !<\/p>","protected":false},"excerpt":{"rendered":"<p>Un joint aromatis\u00e9 \u00e0 la myrtille ? Comptez sur moi ! Ce c\u00f4ne permet de rouler facilement un joint \u00e0 la myrtille tr\u00e8s savoureux. Il est pr\u00e9roul\u00e9, donc la seule chose \u00e0 faire est d'ajouter de l'herbe et de le fumer. Non seulement ton joint aura l'air cool, mais il aura aussi le go\u00fbt et l'odeur des myrtilles. Savoureux !<\/p>","protected":false},"featured_media":45428,"template":"","meta":[],"product_brand":[],"product_cat":[483,297,809,414,421],"product_tag":[],"class_list":{"0":"post-41589","1":"product","2":"type-product","3":"status-publish","4":"has-post-thumbnail","6":"product_cat-cones","7":"product_cat-all-products","8":"product_cat-flavored-papers","9":"product_cat-headshop","10":"product_cat-rolling-papers","11":"product_shipping_class-creditcard-on","13":"first","14":"instock","15":"taxable","16":"shipping-taxable","17":"purchasable","18":"product-type-variable","19":"has-default-attributes"},"_links":{"self":[{"href":"https:\/\/www.headshop.nl\/fr\/wp-json\/wp\/v2\/product\/41589","targetHints":{"allow":["GET"]}}],"collection":[{"href":"https:\/\/www.headshop.nl\/fr\/wp-json\/wp\/v2\/product"}],"about":[{"href":"https:\/\/www.headshop.nl\/fr\/wp-json\/wp\/v2\/types\/product"}],"wp:featuredmedia":[{"embeddable":true,"href":"https:\/\/www.headshop.nl\/fr\/wp-json\/wp\/v2\/media\/45428"}],"wp:attachment":[{"href":"https:\/\/www.headshop.nl\/fr\/wp-json\/wp\/v2\/media?parent=41589"}],"wp:term":[{"taxonomy":"product_brand","embeddable":true,"href":"https:\/\/www.headshop.nl\/fr\/wp-json\/wp\/v2\/product_brand?post=41589"},{"taxonomy":"product_cat","embeddable":true,"href":"https:\/\/www.headshop.nl\/fr\/wp-json\/wp\/v2\/product_cat?post=41589"},{"taxonomy":"product_tag","embeddable":true,"href":"https:\/\/www.headshop.nl\/fr\/wp-json\/wp\/v2\/product_tag?post=41589"}],"curies":[{"name":"wp","href":"https:\/\/api.w.org\/{rel}","templated":true}]}}