{"id":41582,"date":"2022-03-14T10:02:51","date_gmt":"2022-03-14T10:02:51","guid":{"rendered":"https:\/\/www.headshop.nl\/?post_type=product&#038;p=41582"},"modified":"2025-05-23T09:59:11","modified_gmt":"2025-05-23T09:59:11","slug":"clear-cellulose-king-size-rolling-papers","status":"publish","type":"product","link":"https:\/\/www.headshop.nl\/fr\/clear-cellulose-king-size-rolling-papers\/","title":{"rendered":"Cellulose claire King Size Rolling Papers"},"content":{"rendered":"<h2>Transparent Rolling Papers<\/h2>\n<p>Vous \u00eates-vous d\u00e9j\u00e0 demand\u00e9 ce qu'ils utilisaient pour rouler ces joints transparents ? Pour rouler ce joint de weed transparent et sexy, vous avez besoin de ces papiers \u00e0 rouler ! En fait, le mot \"papier\" ne convient pas ici, car il n'est pas vraiment fabriqu\u00e9 \u00e0 partir de papier. Le coton mauve asiatique a \u00e9t\u00e9 utilis\u00e9 pour obtenir ce mat\u00e9riau transparent naturel 100% qui peut \u00eatre utilis\u00e9 pour rouler des joints transparents. Ceux qui les appr\u00e9cient ne jurent que par leur utilisation \u00e0 vie !<\/p>","protected":false},"excerpt":{"rendered":"<p>Joint d'herbe transparent de grande taille ? Vous avez besoin de ce produit si c'est quelque chose que vous voulez essayer ! Bien qu'il ne s'agisse pas de papier, ces enveloppes en cellulose transparente sont fabriqu\u00e9es \u00e0 partir de 100% mat\u00e9riaux naturels et organiques, de sorte qu'elles n'ajoutent aucun go\u00fbt suppl\u00e9mentaire \u00e0 votre joint. Gr\u00e2ce \u00e0 eux, vous verrez clairement ce qu'il y a \u00e0 l'int\u00e9rieur de votre joint et c'est une exp\u00e9rience que tous les fumeurs devraient essayer !<\/p>","protected":false},"featured_media":44937,"template":"","meta":[],"product_brand":[],"product_cat":[421,297,414,446],"product_tag":[],"class_list":{"0":"post-41582","1":"product","2":"type-product","3":"status-publish","4":"has-post-thumbnail","6":"product_cat-rolling-papers","7":"product_cat-all-products","8":"product_cat-headshop","9":"product_cat-papers","10":"product_shipping_class-creditcard-on","12":"first","13":"instock","14":"taxable","15":"shipping-taxable","16":"purchasable","17":"product-type-variable","18":"has-default-attributes"},"_links":{"self":[{"href":"https:\/\/www.headshop.nl\/fr\/wp-json\/wp\/v2\/product\/41582","targetHints":{"allow":["GET"]}}],"collection":[{"href":"https:\/\/www.headshop.nl\/fr\/wp-json\/wp\/v2\/product"}],"about":[{"href":"https:\/\/www.headshop.nl\/fr\/wp-json\/wp\/v2\/types\/product"}],"wp:featuredmedia":[{"embeddable":true,"href":"https:\/\/www.headshop.nl\/fr\/wp-json\/wp\/v2\/media\/44937"}],"wp:attachment":[{"href":"https:\/\/www.headshop.nl\/fr\/wp-json\/wp\/v2\/media?parent=41582"}],"wp:term":[{"taxonomy":"product_brand","embeddable":true,"href":"https:\/\/www.headshop.nl\/fr\/wp-json\/wp\/v2\/product_brand?post=41582"},{"taxonomy":"product_cat","embeddable":true,"href":"https:\/\/www.headshop.nl\/fr\/wp-json\/wp\/v2\/product_cat?post=41582"},{"taxonomy":"product_tag","embeddable":true,"href":"https:\/\/www.headshop.nl\/fr\/wp-json\/wp\/v2\/product_tag?post=41582"}],"curies":[{"name":"wp","href":"https:\/\/api.w.org\/{rel}","templated":true}]}}