{"id":41576,"date":"2022-03-14T10:02:50","date_gmt":"2022-03-14T10:02:50","guid":{"rendered":"https:\/\/www.headshop.nl\/?post_type=product&#038;p=41576"},"modified":"2025-05-23T09:59:56","modified_gmt":"2025-05-23T09:59:56","slug":"actitube-activated-charcoal-slim-filter-tip","status":"publish","type":"product","link":"https:\/\/www.headshop.nl\/fr\/actitube-activated-charcoal-slim-filter-tip\/","title":{"rendered":"ActiTube Charbon actif Slim Filter Embout"},"content":{"rendered":"<h2>ActiTube Charbon actif Filters<\/h2>\n<p>L'ing\u00e9niosit\u00e9 allemande rencontre l'exp\u00e9rience de fumer de l'herbe la plus qualitative de votre vie ! ActiTube facilite la vie des fumeurs en utilisant du charbon actif pour filtrer chaque fum\u00e9e, chaque bouff\u00e9e et chaque bouff\u00e9e que vous prenez. Ces filtres rendent votre exp\u00e9rience de fumeur plus propre sans \u00e9liminer les bonnes choses ou diminuer les effets. Plus vous en apprendrez sur ce que ces petits embouts sp\u00e9ciaux peuvent faire, plus vous voudrez les utiliser pour chaque joint que vous roulerez !<\/p>","protected":false},"excerpt":{"rendered":"<p>Parfaites pour les joints minces, ces pointes contiennent du charbon actif qui filtre chaque bouff\u00e9e que vous tirez. Ainsi, non seulement votre consommation de tabac sera moins nocive, mais chaque bouff\u00e9e aura un go\u00fbt plus agr\u00e9able que jamais. Attention, la plupart des fumeurs qui les essaient ne reviennent jamais en arri\u00e8re. Il est tellement plus agr\u00e9able et plus rationnel d'utiliser ces embouts plut\u00f4t qu'un simple embout en papier !<\/p>","protected":false},"featured_media":44945,"template":"","meta":[],"product_brand":[],"product_cat":[445,297,414,421],"product_tag":[],"class_list":{"0":"post-41576","1":"product","2":"type-product","3":"status-publish","4":"has-post-thumbnail","6":"product_cat-rolling-tips","7":"product_cat-all-products","8":"product_cat-headshop","9":"product_cat-rolling-papers","10":"product_shipping_class-creditcard-on","12":"first","13":"instock","14":"taxable","15":"shipping-taxable","16":"purchasable","17":"product-type-variable","18":"has-default-attributes"},"_links":{"self":[{"href":"https:\/\/www.headshop.nl\/fr\/wp-json\/wp\/v2\/product\/41576","targetHints":{"allow":["GET"]}}],"collection":[{"href":"https:\/\/www.headshop.nl\/fr\/wp-json\/wp\/v2\/product"}],"about":[{"href":"https:\/\/www.headshop.nl\/fr\/wp-json\/wp\/v2\/types\/product"}],"wp:featuredmedia":[{"embeddable":true,"href":"https:\/\/www.headshop.nl\/fr\/wp-json\/wp\/v2\/media\/44945"}],"wp:attachment":[{"href":"https:\/\/www.headshop.nl\/fr\/wp-json\/wp\/v2\/media?parent=41576"}],"wp:term":[{"taxonomy":"product_brand","embeddable":true,"href":"https:\/\/www.headshop.nl\/fr\/wp-json\/wp\/v2\/product_brand?post=41576"},{"taxonomy":"product_cat","embeddable":true,"href":"https:\/\/www.headshop.nl\/fr\/wp-json\/wp\/v2\/product_cat?post=41576"},{"taxonomy":"product_tag","embeddable":true,"href":"https:\/\/www.headshop.nl\/fr\/wp-json\/wp\/v2\/product_tag?post=41576"}],"curies":[{"name":"wp","href":"https:\/\/api.w.org\/{rel}","templated":true}]}}