{"id":41575,"date":"2022-03-14T10:02:49","date_gmt":"2022-03-14T10:02:49","guid":{"rendered":"https:\/\/www.headshop.nl\/?post_type=product&#038;p=41575"},"modified":"2025-05-23T10:00:36","modified_gmt":"2025-05-23T10:00:36","slug":"raw-rolls-3m","status":"publish","type":"product","link":"https:\/\/www.headshop.nl\/fr\/raw-rolls-3m\/","title":{"rendered":"Raw Rolls 3m"},"content":{"rendered":"<h2>Raw Rolls<\/h2>\n<p>Raw produit du papier de haute qualit\u00e9 \u00e0 partir des meilleurs mat\u00e9riaux possibles ! Cela fait des rouleaux de papier \u00e0 rouler Raw l'un des meilleurs produits de papier \u00e0 rouler sur le march\u00e9. Rien ne vaut un joint de haute qualit\u00e9 roul\u00e9 \u00e0 partir d'un rouleau Raw.<\/p>\n<h2>Raw Smoking Fournitures<\/h2>\n<p>Raw est connu pour son papier \u00e0 fumer authentique de haute qualit\u00e9, appr\u00e9ci\u00e9 par des millions de fumeurs dans le monde entier. Raw est l'une des marques de papier \u00e0 fumer les plus reconnues, \u00e0 laquelle on peut faire confiance pour le papier \u00e0 fumer le plus organique, le plus naturel et le plus haut de gamme.<\/p>","protected":false},"excerpt":{"rendered":"<p>Le meilleur paquet de 3 m\u00e8tres de papier \u00e0 rouler de qualit\u00e9 ? C'est celui-l\u00e0 ! Non blanchi et non raffin\u00e9, ce papier \u00e0 rouler est tout ce dont vous avez besoin pour une combustion lente et r\u00e9guli\u00e8re. La meilleure qualit\u00e9, c'est ce que fait Raw et ce rouleau de papier \u00e0 rouler ne fait pas exception !<\/p>","protected":false},"featured_media":43310,"template":"","meta":[],"product_brand":[],"product_cat":[421,297,414,446,771,803],"product_tag":[],"class_list":{"0":"post-41575","1":"product","2":"type-product","3":"status-publish","4":"has-post-thumbnail","6":"product_cat-rolling-papers","7":"product_cat-all-products","8":"product_cat-headshop","9":"product_cat-papers","10":"product_cat-raw","11":"product_cat-rolls","12":"product_shipping_class-creditcard-on","14":"first","15":"instock","16":"taxable","17":"shipping-taxable","18":"purchasable","19":"product-type-variable","20":"has-default-attributes"},"_links":{"self":[{"href":"https:\/\/www.headshop.nl\/fr\/wp-json\/wp\/v2\/product\/41575","targetHints":{"allow":["GET"]}}],"collection":[{"href":"https:\/\/www.headshop.nl\/fr\/wp-json\/wp\/v2\/product"}],"about":[{"href":"https:\/\/www.headshop.nl\/fr\/wp-json\/wp\/v2\/types\/product"}],"wp:featuredmedia":[{"embeddable":true,"href":"https:\/\/www.headshop.nl\/fr\/wp-json\/wp\/v2\/media\/43310"}],"wp:attachment":[{"href":"https:\/\/www.headshop.nl\/fr\/wp-json\/wp\/v2\/media?parent=41575"}],"wp:term":[{"taxonomy":"product_brand","embeddable":true,"href":"https:\/\/www.headshop.nl\/fr\/wp-json\/wp\/v2\/product_brand?post=41575"},{"taxonomy":"product_cat","embeddable":true,"href":"https:\/\/www.headshop.nl\/fr\/wp-json\/wp\/v2\/product_cat?post=41575"},{"taxonomy":"product_tag","embeddable":true,"href":"https:\/\/www.headshop.nl\/fr\/wp-json\/wp\/v2\/product_tag?post=41575"}],"curies":[{"name":"wp","href":"https:\/\/api.w.org\/{rel}","templated":true}]}}