{"id":41571,"date":"2022-03-14T10:02:42","date_gmt":"2022-03-14T10:02:42","guid":{"rendered":"https:\/\/www.headshop.nl\/?post_type=product&#038;p=41571"},"modified":"2025-05-23T10:00:54","modified_gmt":"2025-05-23T10:00:54","slug":"raw-maestro-cone-tips","status":"publish","type":"product","link":"https:\/\/www.headshop.nl\/fr\/raw-maestro-cone-tips\/","title":{"rendered":"Raw Maestro Cone Tips"},"content":{"rendered":"<h2>Raw Tips pour Smoking<\/h2>\n<p>Raw produit des papiers \u00e0 fumer de la plus haute qualit\u00e9, c'est pourquoi c'est aussi une bonne id\u00e9e d'associer ces papiers \u00e0 des bouts \u00e0 rouler de qualit\u00e9. Tous les tuyaux \u00e0 rouler de Raw sont non raffin\u00e9s et il est possible de choisir parmi diff\u00e9rents carnets de tuyaux fantastiques. Il y en a pour tous les go\u00fbts, du perfor\u00e9 au pr\u00e9roul\u00e9, du carnet de 100 conseils au carnet de 480 conseils. Chaque fumeur trouvera ce dont il a besoin !<\/p>\n<h2>Raw Smoking Fournitures<\/h2>\n<p>Raw est connu pour son papier \u00e0 fumer authentique de haute qualit\u00e9, appr\u00e9ci\u00e9 par des millions de fumeurs dans le monde entier. Raw est l'une des marques de papier \u00e0 fumer les plus reconnues, \u00e0 laquelle on peut faire confiance avec le papier \u00e0 fumer le plus organique, le plus naturel et de la plus haute qualit\u00e9.<\/p>","protected":false},"excerpt":{"rendered":"<p>Vous aimez rouler de gros joints ? Une simple pointe ne suffira pas, mais celle-ci vous permettra de rouler vos joints aussi gros que vous le souhaitez ! Ces embouts \u00e0 rouler ont une forme sp\u00e9ciale, chaque embout a une extr\u00e9mit\u00e9 plus \u00e9paisse et une extr\u00e9mit\u00e9 plus fine, ce qui signifie que vous pouvez rouler de gros joints qui se fumeront bien !<\/p>","protected":false},"featured_media":43489,"template":"","meta":[],"product_brand":[],"product_cat":[445,297,414,771,421],"product_tag":[],"class_list":{"0":"post-41571","1":"product","2":"type-product","3":"status-publish","4":"has-post-thumbnail","6":"product_cat-rolling-tips","7":"product_cat-all-products","8":"product_cat-headshop","9":"product_cat-raw","10":"product_cat-rolling-papers","11":"product_shipping_class-creditcard-on","13":"first","14":"instock","15":"taxable","16":"shipping-taxable","17":"purchasable","18":"product-type-variable","19":"has-default-attributes"},"_links":{"self":[{"href":"https:\/\/www.headshop.nl\/fr\/wp-json\/wp\/v2\/product\/41571","targetHints":{"allow":["GET"]}}],"collection":[{"href":"https:\/\/www.headshop.nl\/fr\/wp-json\/wp\/v2\/product"}],"about":[{"href":"https:\/\/www.headshop.nl\/fr\/wp-json\/wp\/v2\/types\/product"}],"wp:featuredmedia":[{"embeddable":true,"href":"https:\/\/www.headshop.nl\/fr\/wp-json\/wp\/v2\/media\/43489"}],"wp:attachment":[{"href":"https:\/\/www.headshop.nl\/fr\/wp-json\/wp\/v2\/media?parent=41571"}],"wp:term":[{"taxonomy":"product_brand","embeddable":true,"href":"https:\/\/www.headshop.nl\/fr\/wp-json\/wp\/v2\/product_brand?post=41571"},{"taxonomy":"product_cat","embeddable":true,"href":"https:\/\/www.headshop.nl\/fr\/wp-json\/wp\/v2\/product_cat?post=41571"},{"taxonomy":"product_tag","embeddable":true,"href":"https:\/\/www.headshop.nl\/fr\/wp-json\/wp\/v2\/product_tag?post=41571"}],"curies":[{"name":"wp","href":"https:\/\/api.w.org\/{rel}","templated":true}]}}