{"id":41567,"date":"2022-03-14T10:02:41","date_gmt":"2022-03-14T10:02:41","guid":{"rendered":"https:\/\/www.headshop.nl\/?post_type=product&#038;p=41567"},"modified":"2024-09-17T11:01:17","modified_gmt":"2024-09-17T11:01:17","slug":"bubblegum-flavored-rolls","status":"publish","type":"product","link":"https:\/\/www.headshop.nl\/fr\/bubblegum-flavored-rolls\/","title":{"rendered":"Aromatis\u00e9 au chewing-gum Rolls"},"content":{"rendered":"<h2>Juicy Jay's Rolls<\/h2>\n<p>Juicy Jay's ou simplement Juicy est l'une de ces marques de papier \u00e0 rouler que l'on aime ou que l'on d\u00e9teste. Leur collection de papier \u00e0 rouler est unique en raison du fait que tous les papiers Juicy sont accompagn\u00e9s d'une saveur et d'un design color\u00e9. Tous les parfums que vous pouvez imaginer, ils les ont !<\/p>\n<p>C'est pourquoi rouler des joints avec des papiers aromatis\u00e9s est une activit\u00e9 passionnante, car le papier de votre choix influencera le go\u00fbt et l'odeur de votre joint. Choisissez votre saveur pr\u00e9f\u00e9r\u00e9e et fumez vos joints avec style !<\/p>","protected":false},"excerpt":{"rendered":"<p>\u00c9patez vos amis en apportant un joint aromatis\u00e9 au chewing-gum \u00e0 la f\u00eate ! Ces rouleaux donnent \u00e0 n'importe quel joint le go\u00fbt de chewing-gum et sont dot\u00e9s d'un design rose insolent. Pas de magie ici, il suffit de prendre un papier, de rouler votre joint, puis d'appr\u00e9cier l'odeur et le go\u00fbt du bubblegum.<\/p>","protected":false},"featured_media":45455,"template":"","meta":[],"product_brand":[],"product_cat":[297,793,809,414,421,803],"product_tag":[],"class_list":{"0":"post-41567","1":"product","2":"type-product","3":"status-publish","4":"has-post-thumbnail","6":"product_cat-all-products","7":"product_cat-color-papers","8":"product_cat-flavored-papers","9":"product_cat-headshop","10":"product_cat-rolling-papers","11":"product_cat-rolls","12":"product_shipping_class-creditcard-on","14":"first","15":"instock","16":"taxable","17":"shipping-taxable","18":"purchasable","19":"product-type-variable","20":"has-default-attributes"},"_links":{"self":[{"href":"https:\/\/www.headshop.nl\/fr\/wp-json\/wp\/v2\/product\/41567","targetHints":{"allow":["GET"]}}],"collection":[{"href":"https:\/\/www.headshop.nl\/fr\/wp-json\/wp\/v2\/product"}],"about":[{"href":"https:\/\/www.headshop.nl\/fr\/wp-json\/wp\/v2\/types\/product"}],"wp:featuredmedia":[{"embeddable":true,"href":"https:\/\/www.headshop.nl\/fr\/wp-json\/wp\/v2\/media\/45455"}],"wp:attachment":[{"href":"https:\/\/www.headshop.nl\/fr\/wp-json\/wp\/v2\/media?parent=41567"}],"wp:term":[{"taxonomy":"product_brand","embeddable":true,"href":"https:\/\/www.headshop.nl\/fr\/wp-json\/wp\/v2\/product_brand?post=41567"},{"taxonomy":"product_cat","embeddable":true,"href":"https:\/\/www.headshop.nl\/fr\/wp-json\/wp\/v2\/product_cat?post=41567"},{"taxonomy":"product_tag","embeddable":true,"href":"https:\/\/www.headshop.nl\/fr\/wp-json\/wp\/v2\/product_tag?post=41567"}],"curies":[{"name":"wp","href":"https:\/\/api.w.org\/{rel}","templated":true}]}}