{"id":41563,"date":"2022-03-14T10:02:40","date_gmt":"2022-03-14T10:02:40","guid":{"rendered":"https:\/\/www.headshop.nl\/?post_type=product&#038;p=41563"},"modified":"2024-09-17T11:01:20","modified_gmt":"2024-09-17T11:01:20","slug":"raspberry-flavored-papers","status":"publish","type":"product","link":"https:\/\/www.headshop.nl\/fr\/raspberry-flavored-papers\/","title":{"rendered":"Framboise Flavored Papers"},"content":{"rendered":"<h2>Juicy Jay's Rolling Papers<\/h2>\n<p>Juicy Jay's ou simplement Juicy est l'une de ces marques de papier \u00e0 rouler que l'on aime ou que l'on d\u00e9teste. Leur collection de papier \u00e0 rouler est unique en raison du fait que tous les papiers Juicy sont accompagn\u00e9s d'une saveur et d'un design color\u00e9. Tous les parfums que vous pouvez imaginer, ils les ont !<\/p>\n<p>C'est pourquoi rouler des joints avec des papiers aromatis\u00e9s est une activit\u00e9 passionnante, car le papier de votre choix influencera le go\u00fbt et l'odeur de votre joint. Choisissez votre saveur pr\u00e9f\u00e9r\u00e9e et fumez vos joints avec style !<\/p>","protected":false},"excerpt":{"rendered":"<p>Vous voulez ajouter de nouvelles saveurs \u00e0 votre exp\u00e9rience de fumeur ? Pourquoi pas la framboise ? Tout le monde aime le go\u00fbt de la framboise ! Pr\u00e9parez-vous \u00e0 ce que votre nouveau joint rouge ait le go\u00fbt et l'odeur de la framboise. Prenez simplement votre papier, roulez votre joint et appr\u00e9ciez l'ar\u00f4me magique !<\/p>","protected":false},"featured_media":45471,"template":"","meta":[],"product_brand":[],"product_cat":[297,793,809,414,446,421,802],"product_tag":[],"class_list":{"0":"post-41563","1":"product","2":"type-product","3":"status-publish","4":"has-post-thumbnail","6":"product_cat-all-products","7":"product_cat-color-papers","8":"product_cat-flavored-papers","9":"product_cat-headshop","10":"product_cat-papers","11":"product_cat-rolling-papers","12":"product_cat-slim-size","13":"product_shipping_class-creditcard-on","15":"first","16":"instock","17":"taxable","18":"shipping-taxable","19":"purchasable","20":"product-type-variable","21":"has-default-attributes"},"_links":{"self":[{"href":"https:\/\/www.headshop.nl\/fr\/wp-json\/wp\/v2\/product\/41563","targetHints":{"allow":["GET"]}}],"collection":[{"href":"https:\/\/www.headshop.nl\/fr\/wp-json\/wp\/v2\/product"}],"about":[{"href":"https:\/\/www.headshop.nl\/fr\/wp-json\/wp\/v2\/types\/product"}],"wp:featuredmedia":[{"embeddable":true,"href":"https:\/\/www.headshop.nl\/fr\/wp-json\/wp\/v2\/media\/45471"}],"wp:attachment":[{"href":"https:\/\/www.headshop.nl\/fr\/wp-json\/wp\/v2\/media?parent=41563"}],"wp:term":[{"taxonomy":"product_brand","embeddable":true,"href":"https:\/\/www.headshop.nl\/fr\/wp-json\/wp\/v2\/product_brand?post=41563"},{"taxonomy":"product_cat","embeddable":true,"href":"https:\/\/www.headshop.nl\/fr\/wp-json\/wp\/v2\/product_cat?post=41563"},{"taxonomy":"product_tag","embeddable":true,"href":"https:\/\/www.headshop.nl\/fr\/wp-json\/wp\/v2\/product_tag?post=41563"}],"curies":[{"name":"wp","href":"https:\/\/api.w.org\/{rel}","templated":true}]}}