{"id":41546,"date":"2022-03-14T10:02:37","date_gmt":"2022-03-14T10:02:37","guid":{"rendered":"https:\/\/www.headshop.nl\/?post_type=product&#038;p=41546"},"modified":"2024-09-17T11:01:34","modified_gmt":"2024-09-17T11:01:34","slug":"natural-flavored-hemp-wraps","status":"publish","type":"product","link":"https:\/\/www.headshop.nl\/fr\/natural-flavored-hemp-wraps\/","title":{"rendered":"Ar\u00f4me naturel Hemp Wraps"},"content":{"rendered":"<h2>Juicy Jay's Hemp Wraps<\/h2>\n<p>Juicy Jay's ou simplement Juicy est l'une de ces marques de papier \u00e0 rouler que l'on aime ou que l'on d\u00e9teste. Leur collection de papier \u00e0 rouler est unique en raison du fait que tous les papiers Juicy sont accompagn\u00e9s d'une saveur et d'un design color\u00e9. Tous les parfums que vous pouvez imaginer, ils les ont !<\/p>\n<p>C'est pourquoi rouler des joints avec des papiers aromatis\u00e9s est une activit\u00e9 passionnante, car le papier de votre choix influencera le go\u00fbt et l'odeur de votre joint. Choisissez votre saveur pr\u00e9f\u00e9r\u00e9e et fumez vos joints avec style !<\/p>","protected":false},"excerpt":{"rendered":"<p>Tout le monde aime cette exp\u00e9rience de combustion lente que seuls les blunts peuvent offrir. Et si, au lieu de blunts, nous utilisions le chanvre lui-m\u00eame ? C'est exactement ce que propose ce produit. Des feuilles de chanvre de qualit\u00e9, fabriqu\u00e9es uniquement \u00e0 partir de plantes de cannabis. Ces enveloppes n'ont pas de go\u00fbt suppl\u00e9mentaire, alors pr\u00e9parez-vous \u00e0 ce que votre blunt ait le go\u00fbt de l'herbe pure !<\/p>","protected":false},"featured_media":45592,"template":"","meta":[],"product_brand":[],"product_cat":[297,443,414,444,421],"product_tag":[],"class_list":{"0":"post-41546","1":"product","2":"type-product","3":"status-publish","4":"has-post-thumbnail","6":"product_cat-all-products","7":"product_cat-blunts","8":"product_cat-headshop","9":"product_cat-hemp-wraps","10":"product_cat-rolling-papers","11":"product_shipping_class-creditcard-on","13":"first","14":"instock","15":"taxable","16":"shipping-taxable","17":"purchasable","18":"product-type-variable","19":"has-default-attributes"},"_links":{"self":[{"href":"https:\/\/www.headshop.nl\/fr\/wp-json\/wp\/v2\/product\/41546","targetHints":{"allow":["GET"]}}],"collection":[{"href":"https:\/\/www.headshop.nl\/fr\/wp-json\/wp\/v2\/product"}],"about":[{"href":"https:\/\/www.headshop.nl\/fr\/wp-json\/wp\/v2\/types\/product"}],"wp:featuredmedia":[{"embeddable":true,"href":"https:\/\/www.headshop.nl\/fr\/wp-json\/wp\/v2\/media\/45592"}],"wp:attachment":[{"href":"https:\/\/www.headshop.nl\/fr\/wp-json\/wp\/v2\/media?parent=41546"}],"wp:term":[{"taxonomy":"product_brand","embeddable":true,"href":"https:\/\/www.headshop.nl\/fr\/wp-json\/wp\/v2\/product_brand?post=41546"},{"taxonomy":"product_cat","embeddable":true,"href":"https:\/\/www.headshop.nl\/fr\/wp-json\/wp\/v2\/product_cat?post=41546"},{"taxonomy":"product_tag","embeddable":true,"href":"https:\/\/www.headshop.nl\/fr\/wp-json\/wp\/v2\/product_tag?post=41546"}],"curies":[{"name":"wp","href":"https:\/\/api.w.org\/{rel}","templated":true}]}}