{"id":40195,"date":"2022-01-04T08:33:33","date_gmt":"2022-01-04T08:33:33","guid":{"rendered":"https:\/\/www.headshop.nl\/?post_type=product&#038;p=40195"},"modified":"2024-09-17T11:01:47","modified_gmt":"2024-09-17T11:01:47","slug":"amsterdam-xxx-flag-small-rolling-tray","status":"publish","type":"product","link":"https:\/\/www.headshop.nl\/fr\/amsterdam-xxx-flag-small-rolling-tray\/","title":{"rendered":"Amsterdam XXX Flag Small Rolling Tray"},"content":{"rendered":"<h2>Qu'est-ce qu'un plateau roulant ?<\/h2>\n<p>Un plateau \u00e0 rouler est un outil parfait pour les fumeurs quotidiens et, plus g\u00e9n\u00e9ralement, pour les fumeurs qui s\u00e8ment le d\u00e9sordre dans la maison. Vous savez de quoi nous parlons : des morceaux de papier \u00e0 rouler, de minuscules particules d'herbe ou de tabac, des embouts et tous les autres \"restes de roulage\".<\/p>\n<p>Offrez-vous un plateau \u00e0 rouler et vous r\u00e9soudrez deux probl\u00e8mes en m\u00eame temps : vous pourrez rouler directement \u00e0 l'int\u00e9rieur ou au-dessus de votre plateau \u00e0 rouler. Vous pourrez \u00e9galement y ranger votre papier \u00e0 rouler, vos embouts, votre moulin \u00e0 caf\u00e9, vos bo\u00eetes de rangement et tous vos autres accessoires de fumeur. Il vous suffira ensuite de les ranger jusqu'\u00e0 ce que vous en ayez besoin.<\/p>\n<p>Ce plateau \u00e0 rouler est indispensable car les joints \u00e0 rouler impliquent un grand nombre de produits \u00e0 fumer. Avec un plateau \u00e0 rouler, vous les garderez au m\u00eame endroit. De plus, vous aurez moins de d\u00e9sordre dans la maison lorsque vous roulerez sur votre plateau \u00e0 rouler.<\/p>\n<h2>Diff\u00e9rentes tailles de plateaux roulants<\/h2>\n<p>Il existe deux tailles principales de plateaux : le petit et le grand. Choisissez small si vous roulez de petits spliffs tout seul et que vous vous consid\u00e9rez comme un rouleur ordonn\u00e9. Choisissez le grand si vous roulez aussi des joints pour vos amis ou si vous avez simplement l'impression d'\u00eatre un rouleur d\u00e9sordonn\u00e9. En th\u00e9orie, nous recommandons toujours un grand plateau \u00e0 rouler pour tout le monde, mais n'h\u00e9sitez pas \u00e0 choisir un petit plateau \u00e0 rouler si vous estimez qu'un petit plateau est suffisant.<\/p>","protected":false},"excerpt":{"rendered":"<p>Petit plateau roulant avec le drapeau noir, rouge et blanc d'Amsterdam et le motif XXX ? Fini le d\u00e9sordre et la poussi\u00e8re d'herbe dans toute la maison ! Le bac \u00e0 rouler sp\u00e9cial joint-rolling permet de r\u00e9duire le d\u00e9sordre dans vos efforts de roulage. Ce plateau \u00e0 rouler est fabriqu\u00e9 en m\u00e9tal l\u00e9ger et recouvert d'un rev\u00eatement non-stick. Attendez-vous \u00e0 une exp\u00e9rience de roulage meilleure et moins salissante. C'est aussi l'endroit id\u00e9al pour garder toutes vos fournitures de roulage au m\u00eame endroit !<\/p>","protected":false},"featured_media":40309,"template":"","meta":[],"product_brand":[],"product_cat":[297,414,416],"product_tag":[],"class_list":{"0":"post-40195","1":"product","2":"type-product","3":"status-publish","4":"has-post-thumbnail","6":"product_cat-all-products","7":"product_cat-headshop","8":"product_cat-rolling-trays","9":"product_shipping_class-creditcard-on","11":"first","12":"instock","13":"taxable","14":"shipping-taxable","15":"purchasable","16":"product-type-variable","17":"has-default-attributes"},"_links":{"self":[{"href":"https:\/\/www.headshop.nl\/fr\/wp-json\/wp\/v2\/product\/40195","targetHints":{"allow":["GET"]}}],"collection":[{"href":"https:\/\/www.headshop.nl\/fr\/wp-json\/wp\/v2\/product"}],"about":[{"href":"https:\/\/www.headshop.nl\/fr\/wp-json\/wp\/v2\/types\/product"}],"wp:featuredmedia":[{"embeddable":true,"href":"https:\/\/www.headshop.nl\/fr\/wp-json\/wp\/v2\/media\/40309"}],"wp:attachment":[{"href":"https:\/\/www.headshop.nl\/fr\/wp-json\/wp\/v2\/media?parent=40195"}],"wp:term":[{"taxonomy":"product_brand","embeddable":true,"href":"https:\/\/www.headshop.nl\/fr\/wp-json\/wp\/v2\/product_brand?post=40195"},{"taxonomy":"product_cat","embeddable":true,"href":"https:\/\/www.headshop.nl\/fr\/wp-json\/wp\/v2\/product_cat?post=40195"},{"taxonomy":"product_tag","embeddable":true,"href":"https:\/\/www.headshop.nl\/fr\/wp-json\/wp\/v2\/product_tag?post=40195"}],"curies":[{"name":"wp","href":"https:\/\/api.w.org\/{rel}","templated":true}]}}