{"id":39530,"date":"2021-12-06T11:47:01","date_gmt":"2021-12-06T11:47:01","guid":{"rendered":"https:\/\/www.headshop.nl\/?post_type=product&#038;p=39530"},"modified":"2026-02-05T13:26:18","modified_gmt":"2026-02-05T13:26:18","slug":"joint-roller-futurola-grey-blue","status":"publish","type":"product","link":"https:\/\/www.headshop.nl\/fr\/joint-roller-futurola-grey-blue\/","title":{"rendered":"Joint Roller Futurola Bleu"},"content":{"rendered":"<h2>Machine \u00e0 rouler les joints de Futurola<\/h2>\n<p><span style=\"color: #000000; font-size: 14.4px;\">Comment rouler facilement un joint ? Avec la machine \u00e0 rouler les joints Futurola, oubliez les joints mal roul\u00e9s ou mal br\u00fbl\u00e9s. Chaque joint sera roul\u00e9 rapidement et tous les joints auront la m\u00eame apparence.\u00a0<\/span><\/p>\n<p>Il s'agit d'un dispositif de roulage de joints de cannabis qui est appr\u00e9ci\u00e9 par de nombreux stoners dans le monde entier.<\/p>","protected":false},"excerpt":{"rendered":"<p><span style=\"font-size: 100%; color: #000000;\">Ajoutez simplement votre papier \u00e0 rouler king-size, la pointe du filtre, mettez le weedmix dedans, tordez-le, l\u00e9chez-le et voil\u00e0 votre joint parfaitement roul\u00e9 ! Le Cannabis Joint Roller est un appareil parfait si vous avez besoin de rouler des joints rapidement ou si vous n'avez pas d'exp\u00e9rience en la mati\u00e8re. Rendre le roulage de joints plus facile et plus rapide !<\/span><\/p>","protected":false},"featured_media":39515,"template":"","meta":[],"product_brand":[],"product_cat":[414,297,704,448],"product_tag":[],"class_list":{"0":"post-39530","1":"product","2":"type-product","3":"status-publish","4":"has-post-thumbnail","6":"product_cat-headshop","7":"product_cat-all-products","8":"product_cat-joint-roller","9":"product_cat-rolling-machines","10":"product_shipping_class-creditcard-on","12":"first","13":"instock","14":"taxable","15":"shipping-taxable","16":"purchasable","17":"product-type-variable","18":"has-default-attributes"},"_links":{"self":[{"href":"https:\/\/www.headshop.nl\/fr\/wp-json\/wp\/v2\/product\/39530","targetHints":{"allow":["GET"]}}],"collection":[{"href":"https:\/\/www.headshop.nl\/fr\/wp-json\/wp\/v2\/product"}],"about":[{"href":"https:\/\/www.headshop.nl\/fr\/wp-json\/wp\/v2\/types\/product"}],"wp:featuredmedia":[{"embeddable":true,"href":"https:\/\/www.headshop.nl\/fr\/wp-json\/wp\/v2\/media\/39515"}],"wp:attachment":[{"href":"https:\/\/www.headshop.nl\/fr\/wp-json\/wp\/v2\/media?parent=39530"}],"wp:term":[{"taxonomy":"product_brand","embeddable":true,"href":"https:\/\/www.headshop.nl\/fr\/wp-json\/wp\/v2\/product_brand?post=39530"},{"taxonomy":"product_cat","embeddable":true,"href":"https:\/\/www.headshop.nl\/fr\/wp-json\/wp\/v2\/product_cat?post=39530"},{"taxonomy":"product_tag","embeddable":true,"href":"https:\/\/www.headshop.nl\/fr\/wp-json\/wp\/v2\/product_tag?post=39530"}],"curies":[{"name":"wp","href":"https:\/\/api.w.org\/{rel}","templated":true}]}}