{"id":38234,"date":"2021-10-26T07:46:42","date_gmt":"2021-10-26T07:46:42","guid":{"rendered":"https:\/\/www.headshop.nl\/?post_type=product&#038;p=38234"},"modified":"2025-02-14T08:06:30","modified_gmt":"2025-02-14T08:06:30","slug":"wild-lettuce-50x-extract","status":"publish","type":"product","link":"https:\/\/www.headshop.nl\/fr\/wild-lettuce-50x-extract\/","title":{"rendered":"Wild Lettuce 50X Extract"},"content":{"rendered":"<h2 data-start=\"0\" data-end=\"40\">Qu'est-ce que Wild Lettuce - 50x Extract ?<\/h2>\n<p data-start=\"42\" data-end=\"317\">Wild Lettuce - 50x Extract est une forme tr\u00e8s concentr\u00e9e de <em data-start=\"102\" data-end=\"118\">Lactuca Virosa<\/em>Cette plante est connue pour ses propri\u00e9t\u00e9s calmantes et apaisantes. Cet extrait est 50 fois plus puissant que le Wild Lettuce brut, ce qui en fait un choix efficace pour ceux qui recherchent une exp\u00e9rience forte mais naturelle.<\/p>\n<p data-start=\"319\" data-end=\"550\">Riche en compos\u00e9s actifs tels que la lactucopicrine et la lactucine, le Wild Lettuce favoriserait la relaxation et la tranquillit\u00e9. De nombreux utilisateurs font \u00e9tat d'un l\u00e9ger effet calmant sans risque d'accoutumance, ce qui en fait un rem\u00e8de naturel tr\u00e8s pris\u00e9.<\/p>\n<p data-start=\"552\" data-end=\"778\">Cet extrait peut \u00eatre consomm\u00e9 sous forme de tisane ou utilis\u00e9 dans un vaporisateur, ce qui permet de personnaliser l'exp\u00e9rience. Qu'il soit infus\u00e9 dans un th\u00e9 apaisant ou inhal\u00e9 sous forme de vapeur, Wild Lettuce - 50x Extract offre un moyen naturel de se d\u00e9tendre.<\/p>\n<h2 data-start=\"780\" data-end=\"822\">Historique de Wild Lettuce - 50x Extract<\/h2>\n<p data-start=\"824\" data-end=\"1068\">Le Wild Lettuce est appr\u00e9ci\u00e9 depuis des si\u00e8cles, son utilisation historique remontant \u00e0 l'\u00c9gypte et \u00e0 la Gr\u00e8ce antiques, o\u00f9 il \u00e9tait pris\u00e9 pour ses propri\u00e9t\u00e9s s\u00e9datives et m\u00e9dicinales. Les herboristes traditionnels l'utilisaient souvent pour favoriser la relaxation et le bien-\u00eatre.<\/p>\n<p data-start=\"1070\" data-end=\"1316\">Au XIXe si\u00e8cle, des scientifiques allemands ont \u00e9tudi\u00e9 la plante de mani\u00e8re approfondie et ont identifi\u00e9 la lactucopicrine et la lactucine comme les principaux compos\u00e9s responsables de ses effets. Leurs recherches ont valid\u00e9 l'utilisation de longue date du Wild Lettuce comme relaxant naturel.<\/p>\n<p data-start=\"1318\" data-end=\"1562\">Aujourd'hui, le Wild Lettuce - 50x Extract a gagn\u00e9 en popularit\u00e9 en tant qu'alternative puissante et non addictive \u00e0 d'autres herbes calmantes. Sa forme concentr\u00e9e permet aux utilisateurs de profiter plus efficacement de ses bienfaits, ce qui en fait un produit botanique recherch\u00e9.<\/p>\n<h2 data-start=\"1564\" data-end=\"1606\">Comment utiliser Wild Lettuce - 50x Extract<\/h2>\n<p data-start=\"1608\" data-end=\"1756\">Wild Lettuce - 50x Extract est un produit v\u00e9g\u00e9tal polyvalent qui peut \u00eatre consomm\u00e9 de diff\u00e9rentes mani\u00e8res, le dosage variant en fonction des pr\u00e9f\u00e9rences personnelles.<\/p>\n<ul data-start=\"1758\" data-end=\"2194\">\n<li data-start=\"1758\" data-end=\"1930\"><strong data-start=\"1760\" data-end=\"1775\">Tisane :<\/strong> Ajoutez 1 \u00e0 2 grammes d'extrait \u00e0 de l'eau chaude, remuez et laissez infuser quelques minutes avant de boire. Cette m\u00e9thode permet d'obtenir un effet doux et apaisant.<\/li>\n<li data-start=\"1931\" data-end=\"2194\"><strong data-start=\"1933\" data-end=\"1950\">Vaporisation :<\/strong> L'extrait peut \u00eatre utilis\u00e9 dans un vaporisateur, mais en raison de sa texture collante lorsqu'il est chauff\u00e9, il est recommand\u00e9 d'utiliser de la fibre de chanvre d\u00e9gomm\u00e9e (laine \u00e0 vaper) pour \u00e9viter l'obstruction et assurer une vaporisation en douceur. La vaporisation permet une apparition plus rapide des effets.<\/li>\n<\/ul>\n<p data-start=\"2196\" data-end=\"2332\">Le Wild Lettuce \u00e9tant un extrait concentr\u00e9, il est pr\u00e9f\u00e9rable de commencer par une petite dose et de l'ajuster progressivement en fonction de l'exp\u00e9rience personnelle.<\/p>\n<h2 data-start=\"2334\" data-end=\"2380\">Ingr\u00e9dients de Wild Lettuce - 50x Extract<\/h2>\n<p data-start=\"2382\" data-end=\"2530\">Wild Lettuce - 50x Extract est d\u00e9riv\u00e9 de <em data-start=\"2425\" data-end=\"2441\">Lactuca Virosa<\/em>La laitue est une vari\u00e9t\u00e9 de laitue sauvage riche en compos\u00e9s naturels. Ses principaux ingr\u00e9dients actifs sont les suivants :<\/p>\n<ul data-start=\"2532\" data-end=\"2678\">\n<li data-start=\"2532\" data-end=\"2607\"><strong data-start=\"2534\" data-end=\"2551\">Lactucopicrine<\/strong> - Connu pour ses effets calmants et l\u00e9g\u00e8rement psychoactifs<\/li>\n<li data-start=\"2608\" data-end=\"2678\"><strong data-start=\"2610\" data-end=\"2622\">Lactucine<\/strong> - Contribuerait \u00e0 la relaxation et au bien-\u00eatre<\/li>\n<\/ul>\n<p data-start=\"2680\" data-end=\"2875\">Cet extrait est enti\u00e8rement \u00e0 base de plantes et subit un processus d'extraction minutieux pour maximiser sa puissance. Sa concentration 50x garantit que seule une petite quantit\u00e9 est n\u00e9cessaire pour b\u00e9n\u00e9ficier de ses bienfaits.<\/p>\n<p data-start=\"2877\" data-end=\"2889\"><strong>Avertissement<\/strong><\/p>\n<p data-start=\"2891\" data-end=\"2984\">Wild Lettuce - 50x Extract est un produit tr\u00e8s concentr\u00e9 et doit \u00eatre utilis\u00e9 de mani\u00e8re responsable.<\/p>\n<ul data-start=\"2986\" data-end=\"3343\" data-is-last-node=\"\">\n<li data-start=\"2986\" data-end=\"3037\">Ne s'adresse pas aux personnes \u00e2g\u00e9es de moins de 18 ans<\/li>\n<li data-start=\"3038\" data-end=\"3190\">Les femmes enceintes ou allaitantes, les personnes souffrant de troubles m\u00e9dicaux ou prenant des m\u00e9dicaments doivent consulter un professionnel de la sant\u00e9 avant d'utiliser ce produit.<\/li>\n<li data-start=\"3191\" data-end=\"3280\">\u00c9viter la consommation excessive, car des doses \u00e9lev\u00e9es peuvent provoquer des vertiges, des naus\u00e9es ou de la somnolence.<\/li>\n<li data-start=\"3281\" data-end=\"3343\" data-is-last-node=\"\">Conserver dans un endroit frais et sec et tenir hors de port\u00e9e des enfants.<\/li>\n<\/ul>","protected":false},"excerpt":{"rendered":"<p>Wild Lettuce - 50x Extract (2.5g) est un puissant concentr\u00e9 d'herbes provenant de <em data-start=\"78\" data-end=\"94\">Lactuca Virosa<\/em>Cette plante est historiquement appr\u00e9ci\u00e9e pour ses propri\u00e9t\u00e9s m\u00e9dicinales. Riche en compos\u00e9s actifs, ce rem\u00e8de naturel est connu pour ses effets calmants et ses l\u00e9g\u00e8res propri\u00e9t\u00e9s psychoactives sans risque d'accoutumance. Traditionnellement consomm\u00e9 sous forme de th\u00e9 ou par vaporisation, le Wild Lettuce procure une exp\u00e9rience unique et relaxante qui favorise le bien-\u00eatre g\u00e9n\u00e9ral.<\/p>","protected":false},"featured_media":81903,"template":"","meta":[],"product_brand":[],"product_cat":[384,297,391,389,457,818,406],"product_tag":[],"class_list":{"0":"post-38234","1":"product","2":"type-product","3":"status-publish","4":"has-post-thumbnail","6":"product_cat-smartshop","7":"product_cat-all-products","8":"product_cat-extracts","9":"product_cat-herbs","10":"product_cat-herbs-healthshop","11":"product_cat-mcmystic","12":"product_cat-psychedelic-herbs","14":"first","15":"instock","16":"taxable","17":"shipping-taxable","18":"purchasable","19":"product-type-variable","20":"has-default-attributes"},"_links":{"self":[{"href":"https:\/\/www.headshop.nl\/fr\/wp-json\/wp\/v2\/product\/38234","targetHints":{"allow":["GET"]}}],"collection":[{"href":"https:\/\/www.headshop.nl\/fr\/wp-json\/wp\/v2\/product"}],"about":[{"href":"https:\/\/www.headshop.nl\/fr\/wp-json\/wp\/v2\/types\/product"}],"wp:featuredmedia":[{"embeddable":true,"href":"https:\/\/www.headshop.nl\/fr\/wp-json\/wp\/v2\/media\/81903"}],"wp:attachment":[{"href":"https:\/\/www.headshop.nl\/fr\/wp-json\/wp\/v2\/media?parent=38234"}],"wp:term":[{"taxonomy":"product_brand","embeddable":true,"href":"https:\/\/www.headshop.nl\/fr\/wp-json\/wp\/v2\/product_brand?post=38234"},{"taxonomy":"product_cat","embeddable":true,"href":"https:\/\/www.headshop.nl\/fr\/wp-json\/wp\/v2\/product_cat?post=38234"},{"taxonomy":"product_tag","embeddable":true,"href":"https:\/\/www.headshop.nl\/fr\/wp-json\/wp\/v2\/product_tag?post=38234"}],"curies":[{"name":"wp","href":"https:\/\/api.w.org\/{rel}","templated":true}]}}