{"id":38221,"date":"2021-10-26T07:07:31","date_gmt":"2021-10-26T07:07:31","guid":{"rendered":"https:\/\/www.headshop.nl\/?post_type=product&#038;p=38221"},"modified":"2025-11-18T14:37:56","modified_gmt":"2025-11-18T14:37:56","slug":"kratom-15x-extract","status":"publish","type":"product","link":"https:\/\/www.headshop.nl\/fr\/kratom-15x-extract\/","title":{"rendered":"Kratom 15X Extract"},"content":{"rendered":"<h2 data-pm-slice=\"1 3 []\">Qu'est-ce que Thaise Mitragyna Speciosa - Kratom 15x ?<\/h2>\n<p>Thaise Mitragyna Speciosa - Kratom L'extrait 15x est une forme hautement concentr\u00e9e de kratom, d\u00e9riv\u00e9e de feuilles de Mitragyna Speciosa de premi\u00e8re qualit\u00e9, originaire de Thailand. Cet extrait est significativement plus puissant que les feuilles de kratom s\u00e9ch\u00e9es ordinaires, offrant un effet puissant et durable. Kratom contient plusieurs alcalo\u00efdes actifs, principalement la mitragynine et la 7-hydroxymitragynine, qui interagissent avec le corps pour offrir un \u00e9quilibre unique de stimulation et de relaxation.<\/p>\n<p>Les effets de Thaise Mitragyna Speciosa - Kratom 15x varient en fonction du dosage. \u00c0 faible dose, il am\u00e9liore la concentration, augmente l'\u00e9nergie et favorise une humeur positive. \u00c0 des doses plus \u00e9lev\u00e9es, il procure une relaxation et un soulagement du stress. En raison de sa nature concentr\u00e9e, seule une petite quantit\u00e9 est n\u00e9cessaire pour obtenir les effets d\u00e9sir\u00e9s, ce qui en fait une option efficace pour les utilisateurs exp\u00e9riment\u00e9s comme pour les d\u00e9butants.<\/p>\n<h2>Historique de Thaise Mitragyna Speciosa - Kratom 15x<\/h2>\n<p>Kratom a une riche histoire en Asie du Sud-Est, en particulier en Thailand, en Indon\u00e9sie et en Malaisie, o\u00f9 elle est utilis\u00e9e depuis des si\u00e8cles. Traditionnellement, les ouvriers et les agriculteurs m\u00e2chaient des feuilles brutes de Mitragyna Speciosa pour combattre la fatigue, soulager la douleur et stimuler l'endurance pendant les longues heures de travail. Au fil du temps, le kratom est devenu un \u00e9l\u00e9ment essentiel de la m\u00e9decine traditionnelle, appr\u00e9ci\u00e9 pour sa capacit\u00e9 \u00e0 favoriser la relaxation, \u00e0 am\u00e9liorer la clart\u00e9 mentale et \u00e0 promouvoir le bien-\u00eatre g\u00e9n\u00e9ral.<\/p>\n<p>Lorsque le kratom a \u00e9t\u00e9 reconnu en dehors de l'Asie, les chercheurs et les amateurs d'herbes ont d\u00e9velopp\u00e9 des extraits puissants comme Thaise Mitragyna Speciosa - Kratom 15x. Ces extraits offrent des effets plus puissants \u00e0 des doses plus faibles, rendant le kratom plus accessible et plus pratique \u00e0 consommer tout en conservant sa puissance naturelle.<\/p>\n<p>Aujourd'hui, le kratom est largement utilis\u00e9 en Occident pour la relaxation, l'am\u00e9lioration de l'humeur et comme stimulant \u00e9nerg\u00e9tique naturel. Sa capacit\u00e9 \u00e0 produire des effets \u00e0 la fois stimulants et calmants en a fait l'un des produits botaniques les plus recherch\u00e9s au monde.<\/p>\n<h2>Comment utiliser Thaise Mitragyna Speciosa - Kratom 15x<\/h2>\n<p>En raison de sa puissance \u00e9lev\u00e9e, l'extrait Thaise Mitragyna Speciosa - Kratom 15x doit \u00eatre utilis\u00e9 avec pr\u00e9caution. La m\u00e9thode de consommation la plus courante consiste \u00e0 le pr\u00e9parer sous forme de th\u00e9. Pour pr\u00e9parer un th\u00e9 de kratom, il faut dissoudre environ 0,2 gramme d'extrait dans de l'eau chaude et bien remuer. Laisser infuser pendant quelques minutes permet de lib\u00e9rer les alcalo\u00efdes actifs, ce qui am\u00e9liore l'exp\u00e9rience globale.<\/p>\n<p>Pour ceux qui trouvent l'amertume naturelle du kratom d\u00e9sagr\u00e9able, le m\u00e9langer avec du jus de fruit, comme le jus d'orange, peut aider \u00e0 masquer le go\u00fbt sans affecter les effets du kratom. A faible dose, Thaise Mitragyna Speciosa - Kratom 15x procure un regain d'\u00e9nergie, ce qui en fait un produit id\u00e9al pour la journ\u00e9e. A des doses plus \u00e9lev\u00e9es, il induit une relaxation et peut \u00eatre plus appropri\u00e9 pour une utilisation en soir\u00e9e.<\/p>\n<p>Les effets varient en fonction de la tol\u00e9rance individuelle, du m\u00e9tabolisme et de la chimie du corps. Certains utilisateurs font \u00e9tat d'une concentration et d'une motivation accrues, tandis que d'autres estiment qu'il est efficace pour soulager le stress et assurer un bien-\u00eatre g\u00e9n\u00e9ral. Il est recommand\u00e9 de commencer par une faible dose et de l'ajuster progressivement pour trouver la quantit\u00e9 id\u00e9ale qui convient le mieux \u00e0 ses besoins personnels.<\/p>\n<h2>Ingr\u00e9dients de Thaise Mitragyna Speciosa - Kratom 15x<\/h2>\n<p>Thaise Mitragyna Speciosa - Kratom L'extrait 15x est fabriqu\u00e9 \u00e0 partir de feuilles de kratom soigneusement s\u00e9lectionn\u00e9es, provenant d'arbres Mitragyna Speciosa de haute qualit\u00e9 dans le Thailand. Cet extrait contient une quantit\u00e9 concentr\u00e9e de mitragynine et de 7-hydroxymitragynine, les deux principaux alcalo\u00efdes responsables des effets du kratom.<\/p>\n<ul data-spread=\"false\">\n<li><strong>Mitragynine<\/strong>: L'alcalo\u00efde dominant connu pour ses propri\u00e9t\u00e9s stimulantes et sa capacit\u00e9 \u00e0 am\u00e9liorer l'humeur. \u00c0 plus petite dose, il favorise la vigilance, la concentration et un sentiment g\u00e9n\u00e9ral de bien-\u00eatre.<\/li>\n<li><strong>7-Hydroxymitragynine<\/strong>: Un alcalo\u00efde puissant aux effets plus relaxants et calmants, b\u00e9n\u00e9fique pour le soulagement du stress et la relaxation.<\/li>\n<\/ul>\n<p>Contrairement \u00e0 la poudre de kratom traditionnelle, l'extrait 15x est soumis \u00e0 un processus d'extraction sp\u00e9cialis\u00e9 qui augmente consid\u00e9rablement sa puissance. En cons\u00e9quence, des doses beaucoup plus petites sont n\u00e9cessaires par rapport \u00e0 la poudre de kratom ordinaire, ce qui fait de Thaise Mitragyna Speciosa - Kratom 15x une option efficace et pratique pour ceux qui recherchent tous les avantages du kratom sous une forme concentr\u00e9e.<\/p>\n<h2>Avertissement<\/h2>\n<p>Thaise Mitragyna Speciosa - Kratom L'extrait 15x est un produit tr\u00e8s concentr\u00e9 et doit \u00eatre utilis\u00e9 de mani\u00e8re responsable.<\/p>\n<ul data-spread=\"false\">\n<li>Ne convient pas aux personnes de moins de 18 ans.<\/li>\n<li>\u00c9vitez une consommation excessive, car des doses \u00e9lev\u00e9es peuvent provoquer des naus\u00e9es, des vertiges ou une s\u00e9cheresse de la bouche.<\/li>\n<li>Les femmes enceintes ou allaitantes, les personnes souffrant de troubles cardiaques ou prenant des m\u00e9dicaments doivent consulter un professionnel de la sant\u00e9 avant d'utiliser ce produit.<\/li>\n<li>Conserver dans un endroit frais et sec et tenir hors de port\u00e9e des enfants.<\/li>\n<\/ul>","protected":false},"excerpt":{"rendered":"<p>Il s'av\u00e8re que les habitants de l'Asie du Sud-Est explorent les moyens d'am\u00e9liorer leur vie avec le Kratom depuis des centaines d'ann\u00e9es ! Vous pouvez profiter de nombreux effets \u00e9tonnants, tels que des niveaux d'\u00e9nergie plus \u00e9lev\u00e9s et une meilleure concentration. Si vous avez simplement besoin d'un peu de d\u00e9tente ou d'une diminution de la douleur, le Kratom est \u00e9galement pr\u00eat \u00e0 vous aider. Tout commence par la compr\u00e9hension de la polyvalence de cette plante fascinante !<\/p>","protected":false},"featured_media":81915,"template":"","meta":[],"product_brand":[],"product_cat":[390,297,391,389,818,396,405,384],"product_tag":[],"class_list":{"0":"post-38221","1":"product","2":"type-product","3":"status-publish","4":"has-post-thumbnail","6":"product_cat-kratom","7":"product_cat-all-products","8":"product_cat-extracts","9":"product_cat-herbs","10":"product_cat-mcmystic","11":"product_cat-relax","12":"product_cat-relax-herbs","13":"product_cat-smartshop","14":"product_shipping_class-group-7","16":"first","17":"instock","18":"taxable","19":"shipping-taxable","20":"purchasable","21":"product-type-variable","22":"has-default-attributes"},"_links":{"self":[{"href":"https:\/\/www.headshop.nl\/fr\/wp-json\/wp\/v2\/product\/38221","targetHints":{"allow":["GET"]}}],"collection":[{"href":"https:\/\/www.headshop.nl\/fr\/wp-json\/wp\/v2\/product"}],"about":[{"href":"https:\/\/www.headshop.nl\/fr\/wp-json\/wp\/v2\/types\/product"}],"wp:featuredmedia":[{"embeddable":true,"href":"https:\/\/www.headshop.nl\/fr\/wp-json\/wp\/v2\/media\/81915"}],"wp:attachment":[{"href":"https:\/\/www.headshop.nl\/fr\/wp-json\/wp\/v2\/media?parent=38221"}],"wp:term":[{"taxonomy":"product_brand","embeddable":true,"href":"https:\/\/www.headshop.nl\/fr\/wp-json\/wp\/v2\/product_brand?post=38221"},{"taxonomy":"product_cat","embeddable":true,"href":"https:\/\/www.headshop.nl\/fr\/wp-json\/wp\/v2\/product_cat?post=38221"},{"taxonomy":"product_tag","embeddable":true,"href":"https:\/\/www.headshop.nl\/fr\/wp-json\/wp\/v2\/product_tag?post=38221"}],"curies":[{"name":"wp","href":"https:\/\/api.w.org\/{rel}","templated":true}]}}