{"id":37913,"date":"2021-10-16T10:42:42","date_gmt":"2021-10-16T10:42:42","guid":{"rendered":"https:\/\/www.headshop.nl\/?post_type=product&#038;p=37913"},"modified":"2025-11-18T14:37:57","modified_gmt":"2025-11-18T14:37:57","slug":"bali-kratom-white-capsules","status":"publish","type":"product","link":"https:\/\/www.headshop.nl\/fr\/bali-kratom-white-capsules\/","title":{"rendered":"Bali Kratom Blanc Capsules"},"content":{"rendered":"<h2 data-start=\"0\" data-end=\"31\">Qu'est-ce que Kratom Capsules ?<\/h2>\n<p data-start=\"32\" data-end=\"581\">Kratom Capsules offrent un moyen pratique et efficace de profiter des bienfaits naturels de l'huile d'olive. <em data-start=\"123\" data-end=\"143\">Mitragyna speciosa<\/em>une plante originaire d'Asie du Sud-Est. Ces g\u00e9lules contiennent un puissant m\u00e9lange de <em data-start=\"222\" data-end=\"242\">Mitragyna speciosa<\/em> 15x, de la poudre de White Bali et une petite quantit\u00e9 de caf\u00e9ine, cr\u00e9ant ainsi un m\u00e9lange \u00e9quilibr\u00e9 d'\u00e9nergie et de relaxation. L'extrait concentr\u00e9 garantit un effet plus puissant et plus rapide que les feuilles traditionnelles de Kratom. La poudre de White Bali renforce les propri\u00e9t\u00e9s calmantes, tandis que la caf\u00e9ine stimule l\u00e9g\u00e8rement la vigilance.<\/p>\n<p data-start=\"583\" data-end=\"973\">Con\u00e7ues pour \u00eatre faciles \u00e0 utiliser, les capsules Kratom Capsules sont id\u00e9ales pour les d\u00e9butants comme pour les utilisateurs exp\u00e9riment\u00e9s. Chaque g\u00e9lule contient une dose de 505 mg mesur\u00e9e avec pr\u00e9cision, ce qui \u00e9vite d'avoir \u00e0 mesurer des poudres ou \u00e0 pr\u00e9parer des th\u00e9s. Que vous recherchiez une relaxation l\u00e9g\u00e8re ou un effet plus fort, ces g\u00e9lules constituent un moyen simple et fiable de profiter des bienfaits uniques du Kratom sans pr\u00e9paration suppl\u00e9mentaire.<\/p>\n<h2 data-start=\"975\" data-end=\"1007\">Historique de Kratom Capsules<\/h2>\n<p data-start=\"1008\" data-end=\"1419\">Le Kratom est profond\u00e9ment enracin\u00e9 dans l'histoire de l'Asie du Sud-Est, o\u00f9 il est traditionnellement utilis\u00e9 depuis des si\u00e8cles par les agriculteurs et les ouvriers qui cherchent \u00e0 soulager la fatigue et la douleur. Les feuilles du <em data-start=\"1191\" data-end=\"1211\">Mitragyna speciosa<\/em> Les feuilles de l'arbre \u00e9taient souvent m\u00e2ch\u00e9es ou infus\u00e9es sous forme de th\u00e9 pour leurs effets \u00e9nergisants et apaisants. Au fil du temps, la r\u00e9putation du Kratom s'est \u00e9tendue au-del\u00e0 de ses r\u00e9gions d'origine, gagnant en popularit\u00e9 en Occident en tant que suppl\u00e9ment \u00e0 base de plantes.<\/p>\n<p data-start=\"1421\" data-end=\"1951\">Le d\u00e9veloppement de Kratom Capsules est une innovation moderne con\u00e7ue pour rendre Kratom plus accessible et plus pratique. Au lieu de demander aux utilisateurs de mesurer des poudres ou de pr\u00e9parer des th\u00e9s, les g\u00e9lules offrent une alternative portable et facile \u00e0 doser. L'introduction d'extraits hautement concentr\u00e9s, comme l'extrait 15x utilis\u00e9 dans ces g\u00e9lules, a encore renforc\u00e9 leur puissance et leur efficacit\u00e9. Aujourd'hui, les Kratom Capsules sont l'un des produits Kratom les plus utilis\u00e9s, offrant une exp\u00e9rience coh\u00e9rente et contr\u00f4l\u00e9e aux utilisateurs du monde entier.<\/p>\n<h2 data-start=\"1953\" data-end=\"1985\">Comment utiliser Kratom Capsules<\/h2>\n<p data-start=\"1986\" data-end=\"2338\">L'utilisation de Kratom Capsules est simple et ne n\u00e9cessite aucune pr\u00e9paration suppl\u00e9mentaire. Le dosage recommand\u00e9 varie en fonction de la tol\u00e9rance individuelle et des effets d\u00e9sir\u00e9s. Les d\u00e9butants devraient commencer par une g\u00e9lule pour une exp\u00e9rience l\u00e9g\u00e8re, tandis que les utilisateurs plus exp\u00e9riment\u00e9s peuvent prendre 2 \u00e0 3 g\u00e9lules pour un effet mod\u00e9r\u00e9. Un effet plus fort est g\u00e9n\u00e9ralement obtenu avec 3 \u00e0 5 g\u00e9lules.<\/p>\n<p data-start=\"2340\" data-end=\"2771\">Pour prendre Kratom Capsules, il suffit de les avaler avec un verre d'eau. Elles peuvent \u00eatre prises avec ou sans nourriture, bien qu'un estomac vide permette d'obtenir des r\u00e9sultats plus rapides. Comme ces g\u00e9lules contiennent un extrait concentr\u00e9, il est essentiel de commencer par une dose faible et de l'augmenter progressivement en fonction des besoins. La surconsommation doit \u00eatre \u00e9vit\u00e9e afin de pr\u00e9venir les effets secondaires ind\u00e9sirables. Pour de meilleurs r\u00e9sultats, utilisez Kratom Capsules de mani\u00e8re responsable et avec mod\u00e9ration.<\/p>\n<h2 data-start=\"2773\" data-end=\"2809\">Ingr\u00e9dients de Bali Kratom Blanc Capsules<\/h2>\n<p data-start=\"2810\" data-end=\"2920\">Chaque g\u00e9lule de Kratom est formul\u00e9e avec un m\u00e9lange pr\u00e9cis d'ingr\u00e9dients con\u00e7us pour am\u00e9liorer son efficacit\u00e9 :<\/p>\n<ul data-start=\"2922\" data-end=\"3349\">\n<li data-start=\"2922\" data-end=\"3084\"><strong data-start=\"2924\" data-end=\"2958\">Extrait de Mitragyna speciosa 15x<\/strong> - Un extrait hautement concentr\u00e9 de Kratom qui d\u00e9livre des effets puissants avec un dosage plus faible que les feuilles brutes ou la poudre.<\/li>\n<li data-start=\"3085\" data-end=\"3235\"><strong data-start=\"3087\" data-end=\"3115\">Blanc Bali Kratom poudre<\/strong> - Connue pour ses propri\u00e9t\u00e9s stimulantes et sa capacit\u00e9 \u00e0 am\u00e9liorer l'humeur, cette vari\u00e9t\u00e9 de Kratom contribue \u00e0 une exp\u00e9rience \u00e9quilibr\u00e9e.<\/li>\n<li data-start=\"3236\" data-end=\"3349\"><strong data-start=\"3238\" data-end=\"3256\">Caf\u00e9ine (5mg)<\/strong> - Un stimulant l\u00e9ger qui am\u00e9liore la concentration et la vigilance, compl\u00e9tant les effets du Kratom.<\/li>\n<\/ul>\n<p data-start=\"3351\" data-end=\"3505\">Ces ingr\u00e9dients soigneusement s\u00e9lectionn\u00e9s agissent ensemble pour fournir une combinaison unique de relaxation, d'\u00e9nergie et de clart\u00e9 mentale dans une capsule facile \u00e0 utiliser.<\/p>\n<p data-start=\"3507\" data-end=\"3913\" data-is-last-node=\"\"><strong data-start=\"3507\" data-end=\"3518\">Avertissement<\/strong><br data-start=\"3518\" data-end=\"3521\" \/>A utiliser avec pr\u00e9caution. Kratom Capsules ne sont pas destin\u00e9s aux personnes de moins de 18 ans. Ne pas utiliser en conduisant un v\u00e9hicule \u00e0 moteur ou une machine. \u00c9vitez d'utiliser ce produit si vous \u00eates enceinte, si vous allaitez ou si vous prenez des m\u00e9dicaments sur ordonnance ou en vente libre. Tenir hors de port\u00e9e des enfants. Ce produit n'a pas \u00e9t\u00e9 \u00e9valu\u00e9 par la FDA et n'est pas destin\u00e9 \u00e0 diagnostiquer, traiter, gu\u00e9rir ou pr\u00e9venir une quelconque maladie.<\/p>","protected":false},"excerpt":{"rendered":"<p>Nos Kratom Capsules sont formul\u00e9s de mani\u00e8re experte avec un m\u00e9lange puissant de <em data-start=\"69\" data-end=\"89\">Mitragyna speciosa<\/em> 15x, de la poudre de White Bali et une touche de caf\u00e9ine, offrant une combinaison \u00e9quilibr\u00e9e d'\u00e9nergie et de relaxation. Chaque g\u00e9lule contient 505 mg, offrant un moyen pratique et pr\u00e9cis d'exp\u00e9rimenter les bienfaits du Kratom sans avoir besoin d'une pr\u00e9paration traditionnelle. Con\u00e7ues pour les d\u00e9butants et les utilisateurs exp\u00e9riment\u00e9s, ces g\u00e9lules offrent une exp\u00e9rience personnalisable allant d'effets l\u00e9gers \u00e0 forts. Conditionn\u00e9es en lot de 20, elles constituent une option facile et efficace pour ceux qui recherchent un stimulant naturel.<\/p>","protected":false},"featured_media":82191,"template":"","meta":[],"product_brand":[],"product_cat":[390,297,389,817,396,405,384],"product_tag":[],"class_list":{"0":"post-37913","1":"product","2":"type-product","3":"status-publish","4":"has-post-thumbnail","6":"product_cat-kratom","7":"product_cat-all-products","8":"product_cat-herbs","9":"product_cat-kratopia","10":"product_cat-relax","11":"product_cat-relax-herbs","12":"product_cat-smartshop","13":"product_shipping_class-group-7","15":"first","16":"instock","17":"taxable","18":"shipping-taxable","19":"purchasable","20":"product-type-variable","21":"has-default-attributes"},"_links":{"self":[{"href":"https:\/\/www.headshop.nl\/fr\/wp-json\/wp\/v2\/product\/37913","targetHints":{"allow":["GET"]}}],"collection":[{"href":"https:\/\/www.headshop.nl\/fr\/wp-json\/wp\/v2\/product"}],"about":[{"href":"https:\/\/www.headshop.nl\/fr\/wp-json\/wp\/v2\/types\/product"}],"wp:featuredmedia":[{"embeddable":true,"href":"https:\/\/www.headshop.nl\/fr\/wp-json\/wp\/v2\/media\/82191"}],"wp:attachment":[{"href":"https:\/\/www.headshop.nl\/fr\/wp-json\/wp\/v2\/media?parent=37913"}],"wp:term":[{"taxonomy":"product_brand","embeddable":true,"href":"https:\/\/www.headshop.nl\/fr\/wp-json\/wp\/v2\/product_brand?post=37913"},{"taxonomy":"product_cat","embeddable":true,"href":"https:\/\/www.headshop.nl\/fr\/wp-json\/wp\/v2\/product_cat?post=37913"},{"taxonomy":"product_tag","embeddable":true,"href":"https:\/\/www.headshop.nl\/fr\/wp-json\/wp\/v2\/product_tag?post=37913"}],"curies":[{"name":"wp","href":"https:\/\/api.w.org\/{rel}","templated":true}]}}