{"id":37911,"date":"2021-10-16T10:42:41","date_gmt":"2021-10-16T10:42:41","guid":{"rendered":"https:\/\/www.headshop.nl\/?post_type=product&#038;p=37911"},"modified":"2025-11-18T14:37:58","modified_gmt":"2025-11-18T14:37:58","slug":"maeng-da-kratom-capsules-copy","status":"publish","type":"product","link":"https:\/\/www.headshop.nl\/fr\/maeng-da-kratom-capsules-copy\/","title":{"rendered":"Thai Kratom Rouge Capsules"},"content":{"rendered":"<h2 data-start=\"0\" data-end=\"31\">Qu'est-ce que Kratom Capsules ?<\/h2>\n<p data-start=\"32\" data-end=\"517\">Kratom Capsules est un moyen simple et pratique de profiter des avantages de la technologie de l'information. <em data-start=\"114\" data-end=\"134\">Mitragyna speciosa<\/em>Le Kratom est une plante originaire d'Asie du Sud-Est. Chaque g\u00e9lule contient un puissant extrait de Kratom 15x, offrant un effet plus concentr\u00e9 et plus efficace que les poudres ou feuilles de Kratom traditionnelles. En outre, ces g\u00e9lules contiennent du Red Thai Kratom, connu pour ses propri\u00e9t\u00e9s calmantes, ainsi qu'une petite dose de caf\u00e9ine pour fournir un subtil regain d'\u00e9nergie, cr\u00e9ant ainsi une exp\u00e9rience bien \u00e9quilibr\u00e9e.<\/p>\n<p data-start=\"519\" data-end=\"873\">Con\u00e7us pour \u00eatre faciles \u00e0 utiliser, les Kratom Capsules offrent une dose pr\u00e9mesur\u00e9e, \u00e9liminant le besoin de pr\u00e9paration ou de mesure. Elles sont id\u00e9ales pour ceux qui recherchent une alternative portable et non salissante \u00e0 la consommation traditionnelle de Kratom. Que vous soyez un nouvel utilisateur ou un utilisateur exp\u00e9riment\u00e9, ces capsules offrent un moyen contr\u00f4l\u00e9 et accessible de profiter des effets uniques du Kratom.<\/p>\n<h2 data-start=\"875\" data-end=\"907\">Historique de Kratom Capsules<\/h2>\n<p data-start=\"908\" data-end=\"1341\">Le Kratom est utilis\u00e9 depuis des si\u00e8cles en Asie du Sud-Est, o\u00f9 les communaut\u00e9s locales m\u00e2chent traditionnellement ses feuilles ou en font du th\u00e9 pour leurs propri\u00e9t\u00e9s stimulantes et analg\u00e9siques. Les travailleurs comptaient souvent sur le Kratom pour augmenter leur \u00e9nergie, r\u00e9duire la fatigue et am\u00e9liorer leur concentration pendant les longues heures de travail. Au fil du temps, les effets relaxants du Kratom ont \u00e9galement \u00e9t\u00e9 reconnus, le rendant populaire pour favoriser la clart\u00e9 mentale et soulager le stress.<\/p>\n<p data-start=\"1343\" data-end=\"1809\">L'introduction de Kratom Capsules est une innovation moderne visant \u00e0 am\u00e9liorer la commodit\u00e9 et l'accessibilit\u00e9 de la consommation de Kratom. Gr\u00e2ce aux progr\u00e8s des techniques d'extraction, les extraits concentr\u00e9s de Kratom, comme la version 15x utilis\u00e9e dans ces g\u00e9lules, ont une puissance accrue tout en conservant un dosage contr\u00f4l\u00e9. Au fur et \u00e0 mesure que le Kratom gagnait en popularit\u00e9 dans le monde, les g\u00e9lules sont devenues une option privil\u00e9gi\u00e9e pour les utilisateurs \u00e0 la recherche d'un moyen coh\u00e9rent et sans d\u00e9sordre de profiter de ses bienfaits.<\/p>\n<h2 data-start=\"1811\" data-end=\"1843\">Comment utiliser Kratom Capsules<\/h2>\n<p data-start=\"1844\" data-end=\"1960\">L'utilisation de Kratom Capsules est simple. La dose recommand\u00e9e d\u00e9pend de la sensibilit\u00e9 individuelle et des effets souhait\u00e9s :<\/p>\n<ul data-start=\"1961\" data-end=\"2192\">\n<li data-start=\"1961\" data-end=\"2025\"><strong data-start=\"1963\" data-end=\"1977\">D\u00e9butants :<\/strong> Commencer par <strong data-start=\"1989\" data-end=\"2004\">une g\u00e9lule<\/strong> pour un effet l\u00e9ger.<\/li>\n<li data-start=\"2026\" data-end=\"2112\"><strong data-start=\"2028\" data-end=\"2047\">Utilisateurs mod\u00e9r\u00e9s :<\/strong> Prendre <strong data-start=\"2053\" data-end=\"2069\">2-3 g\u00e9lules<\/strong> pour une stimulation et une relaxation \u00e9quilibr\u00e9es.<\/li>\n<li data-start=\"2113\" data-end=\"2192\"><strong data-start=\"2115\" data-end=\"2137\">Utilisateurs exp\u00e9riment\u00e9s :<\/strong> Jusqu'\u00e0 <strong data-start=\"2144\" data-end=\"2160\">4-5 g\u00e9lules<\/strong> peut avoir des effets plus importants.<\/li>\n<\/ul>\n<p data-start=\"2194\" data-end=\"2552\">Pour l'utiliser, avaler les g\u00e9lules avec de l'eau. Les prendre \u00e0 jeun peut conduire \u00e0 une absorption plus rapide, tandis que les consommer avec de la nourriture peut ralentir l'apparition des effets mais peut fournir une exp\u00e9rience plus r\u00e9guli\u00e8re. Comme chaque g\u00e9lule contient une dose pr\u00e9mesur\u00e9e, il n'est pas n\u00e9cessaire de la peser ou de la m\u00e9langer, ce qui en fait une option facile et coh\u00e9rente pour la consommation de Kratom.<\/p>\n<p data-start=\"2554\" data-end=\"2722\">Il est important d'\u00e9viter de d\u00e9passer la dose recommand\u00e9e afin de pr\u00e9venir les effets secondaires ind\u00e9sirables. Commencez par une dose plus faible et ajustez-la si n\u00e9cessaire en fonction de la r\u00e9ponse de votre corps.<\/p>\n<h2 data-start=\"2724\" data-end=\"2760\">Ingr\u00e9dients dans Thai Kratom Rouge Capsules<\/h2>\n<p data-start=\"2761\" data-end=\"2817\">Chaque g\u00e9lule contient un m\u00e9lange soigneusement formul\u00e9 de.. :<\/p>\n<ul data-start=\"2818\" data-end=\"3217\">\n<li data-start=\"2818\" data-end=\"2957\"><strong data-start=\"2820\" data-end=\"2854\">Mitragyna speciosa 15x Extract<\/strong> - Un extrait concentr\u00e9 de Kratom, offrant un effet plus puissant et plus efficace que la poudre brute de Kratom.<\/li>\n<li data-start=\"2958\" data-end=\"3098\"><strong data-start=\"2960\" data-end=\"2986\">Rouge Thai Kratom Poudre<\/strong> - Connu pour ses propri\u00e9t\u00e9s calmantes et anti-douleur, il compl\u00e8te les effets stimulants de l'extrait.<\/li>\n<li data-start=\"3099\" data-end=\"3217\"><strong data-start=\"3101\" data-end=\"3131\">Caf\u00e9ine (5mg par g\u00e9lule)<\/strong> - Fournit un l\u00e9ger regain d'\u00e9nergie, aidant \u00e0 \u00e9quilibrer les effets globaux de Kratom.<\/li>\n<\/ul>\n<p data-start=\"3219\" data-end=\"3346\">Avec <strong data-start=\"3224\" data-end=\"3245\">505 mg par g\u00e9lule<\/strong>Ce m\u00e9lange offre une combinaison unique de relaxation et d'\u00e9nergie dans un format pr\u00e9cis et facile \u00e0 utiliser.<\/p>\n<h3 data-start=\"3348\" data-end=\"3361\">Avertissement<\/h3>\n<p data-start=\"3362\" data-end=\"3731\" data-is-last-node=\"\">Utiliser de mani\u00e8re responsable. Ce produit est <strong data-start=\"3395\" data-end=\"3442\">ne pas vendre ou utiliser par des personnes de moins de 18 ans<\/strong>. Ne pas consommer en conduisant, en utilisant des machines, ou si vous \u00eates enceinte, si vous allaitez ou si vous prenez des m\u00e9dicaments sur ordonnance ou en vente libre. Tenir hors de port\u00e9e des enfants. Ce produit n'a pas \u00e9t\u00e9 \u00e9valu\u00e9 par la FDA et n'est pas destin\u00e9 \u00e0 diagnostiquer, traiter, gu\u00e9rir ou pr\u00e9venir une quelconque maladie.<\/p>","protected":false},"excerpt":{"rendered":"<p>D\u00e9tendez-vous. Ralentissez avec ce caf\u00e9 et prenez un peu de Kratom Thai Red Capsule \u00e0 la place. Ok, restez calme pendant que nous vous parlons de ces capsules rouges : cette vari\u00e9t\u00e9 puissante vient de la for\u00eat tropicale de Thailand ; elle offre tout le meilleur du kratom Thai ; et lorsqu'elle est utilis\u00e9e, elle donne un effet euphorique et de concentration qui \u00e9l\u00e8ve votre humeur et vous donne de grandes id\u00e9es. Parfait pour donner un coup de fouet \u00e0 vos fesses fatigu\u00e9es !<\/p>","protected":false},"featured_media":82192,"template":"","meta":[],"product_brand":[],"product_cat":[390,297,389,817,396,405,384],"product_tag":[],"class_list":{"0":"post-37911","1":"product","2":"type-product","3":"status-publish","4":"has-post-thumbnail","6":"product_cat-kratom","7":"product_cat-all-products","8":"product_cat-herbs","9":"product_cat-kratopia","10":"product_cat-relax","11":"product_cat-relax-herbs","12":"product_cat-smartshop","13":"product_shipping_class-group-7","15":"first","16":"instock","17":"taxable","18":"shipping-taxable","19":"purchasable","20":"product-type-variable","21":"has-default-attributes"},"_links":{"self":[{"href":"https:\/\/www.headshop.nl\/fr\/wp-json\/wp\/v2\/product\/37911","targetHints":{"allow":["GET"]}}],"collection":[{"href":"https:\/\/www.headshop.nl\/fr\/wp-json\/wp\/v2\/product"}],"about":[{"href":"https:\/\/www.headshop.nl\/fr\/wp-json\/wp\/v2\/types\/product"}],"wp:featuredmedia":[{"embeddable":true,"href":"https:\/\/www.headshop.nl\/fr\/wp-json\/wp\/v2\/media\/82192"}],"wp:attachment":[{"href":"https:\/\/www.headshop.nl\/fr\/wp-json\/wp\/v2\/media?parent=37911"}],"wp:term":[{"taxonomy":"product_brand","embeddable":true,"href":"https:\/\/www.headshop.nl\/fr\/wp-json\/wp\/v2\/product_brand?post=37911"},{"taxonomy":"product_cat","embeddable":true,"href":"https:\/\/www.headshop.nl\/fr\/wp-json\/wp\/v2\/product_cat?post=37911"},{"taxonomy":"product_tag","embeddable":true,"href":"https:\/\/www.headshop.nl\/fr\/wp-json\/wp\/v2\/product_tag?post=37911"}],"curies":[{"name":"wp","href":"https:\/\/api.w.org\/{rel}","templated":true}]}}