{"id":37907,"date":"2021-10-16T09:00:42","date_gmt":"2021-10-16T09:00:42","guid":{"rendered":"https:\/\/www.headshop.nl\/?post_type=product&#038;p=37907"},"modified":"2026-04-17T13:26:15","modified_gmt":"2026-04-17T13:26:15","slug":"maeng-da-kratom-capsules","status":"publish","type":"product","link":"https:\/\/www.headshop.nl\/fr\/maeng-da-kratom-capsules\/","title":{"rendered":"Maeng Da Kratom Capsules"},"content":{"rendered":"<h2 data-start=\"0\" data-end=\"30\">Qu'est-ce que Kratom Capsules ?<\/h2>\n<p data-start=\"32\" data-end=\"432\">Kratom Capsules offrent un moyen simple et pratique de b\u00e9n\u00e9ficier des avantages de <em data-start=\"107\" data-end=\"127\">Mitragyna speciosa<\/em>une plante tropicale originaire d'Asie du Sud-Est. Chaque g\u00e9lule contient un puissant m\u00e9lange de <strong data-start=\"212\" data-end=\"246\">Extrait de Mitragyna speciosa 15x<\/strong> et <strong data-start=\"251\" data-end=\"281\">Poudre Maeng Da Red Kratom<\/strong>Ces deux substances sont connues pour leurs propri\u00e9t\u00e9s \u00e9nergisantes et calmantes. Une petite quantit\u00e9 de <strong data-start=\"357\" data-end=\"369\">caf\u00e9ine<\/strong> renforce les effets globaux, en favorisant la concentration et la vigilance.<\/p>\n<p data-start=\"434\" data-end=\"782\">Avec <strong data-start=\"439\" data-end=\"460\">500mg par g\u00e9lule<\/strong>Les capsules de Kratom, dont les doses sont pr\u00e9mesur\u00e9es, \u00e9liminent la n\u00e9cessit\u00e9 de m\u00e9langer ou de mesurer les poudres, ce qui en fait un excellent choix pour ceux qui pr\u00e9f\u00e8rent une exp\u00e9rience contr\u00f4l\u00e9e et coh\u00e9rente de Kratom. Que vous recherchiez une l\u00e9g\u00e8re relaxation ou un effet stimulant plus fort, ces g\u00e9lules permettent d'ajuster facilement le dosage en fonction de vos besoins.<\/p>\n<h2 data-start=\"784\" data-end=\"815\">Historique de Kratom Capsules<\/h2>\n<p data-start=\"817\" data-end=\"1099\">Le Kratom est utilis\u00e9 depuis des si\u00e8cles en Asie du Sud-Est, o\u00f9 les habitants m\u00e2chaient traditionnellement les feuilles ou les infusaient sous forme de th\u00e9 pour augmenter l'\u00e9nergie, la concentration et soulager la douleur. Au fil du temps, l'utilisation du Kratom a \u00e9volu\u00e9 et il est devenu disponible sous diverses formes, notamment sous forme de poudres, de th\u00e9s et d'extraits.<\/p>\n<p data-start=\"1101\" data-end=\"1566\">Les capsules Kratom sont apparues comme une alternative moderne et pratique aux m\u00e9thodes de consommation traditionnelles, offrant des doses pr\u00e9mesur\u00e9es pour une plus grande facilit\u00e9 d'utilisation. L'introduction des <strong data-start=\"1262\" data-end=\"1278\">15x extraits<\/strong>Les g\u00e9lules de Kratom, comme celle utilis\u00e9e dans ces g\u00e9lules, ont consid\u00e9rablement augment\u00e9 la puissance du Kratom, ce qui a permis de r\u00e9duire les doses et de les rendre plus efficaces. Aujourd'hui, les g\u00e9lules de Kratom sont l'un des moyens les plus populaires de consommer du Kratom, offrant tous les avantages des formes traditionnelles avec une commodit\u00e9 et une pr\u00e9cision accrues.<\/p>\n<h2 data-start=\"1568\" data-end=\"1599\">Comment utiliser Kratom Capsules<\/h2>\n<p data-start=\"1601\" data-end=\"1746\">La prise en charge de Kratom Capsules est rapide et sans probl\u00e8me. Les <strong data-start=\"1654\" data-end=\"1676\">dosage recommand\u00e9<\/strong> d\u00e9pend de votre niveau d'exp\u00e9rience, de votre poids et des effets recherch\u00e9s :<\/p>\n<ul data-start=\"1748\" data-end=\"1972\">\n<li data-start=\"1748\" data-end=\"1810\"><strong data-start=\"1750\" data-end=\"1764\">D\u00e9butants :<\/strong> Commencer par <strong data-start=\"1776\" data-end=\"1789\">1 capsule<\/strong> pour un effet l\u00e9ger.<\/li>\n<li data-start=\"1811\" data-end=\"1892\"><strong data-start=\"1813\" data-end=\"1832\">Utilisateurs mod\u00e9r\u00e9s :<\/strong> Prendre <strong data-start=\"1838\" data-end=\"1854\">2-3 g\u00e9lules<\/strong> pour une d\u00e9tente et une \u00e9nergie \u00e9quilibr\u00e9es.<\/li>\n<li data-start=\"1893\" data-end=\"1972\"><strong data-start=\"1895\" data-end=\"1917\">Utilisateurs exp\u00e9riment\u00e9s :<\/strong> Jusqu'\u00e0 <strong data-start=\"1924\" data-end=\"1940\">3-5 g\u00e9lules<\/strong> peut avoir des effets plus importants.<\/li>\n<\/ul>\n<p data-start=\"1974\" data-end=\"2296\">Il suffit d'avaler les g\u00e9lules avec de l'eau. La prise sur un <strong data-start=\"2032\" data-end=\"2049\">estomac vide<\/strong> peut conduire \u00e0 une absorption plus rapide, tandis que les consommer avec de la nourriture peut conduire \u00e0 un effet plus lent et plus r\u00e9gulier. Les <strong data-start=\"2157\" data-end=\"2180\">dosage pr\u00e9-mesur\u00e9<\/strong> garantit la coh\u00e9rence, ce qui les rend id\u00e9ales pour ceux qui pr\u00e9f\u00e8rent une alternative facile \u00e0 utiliser et sans d\u00e9g\u00e2ts aux poudres Kratom.<\/p>\n<p data-start=\"2298\" data-end=\"2486\">Pour garantir une exp\u00e9rience s\u00fbre et agr\u00e9able, respectez toujours la posologie recommand\u00e9e et \u00e9coutez la r\u00e9action de votre corps. \u00c9vitez de d\u00e9passer la dose sugg\u00e9r\u00e9e afin de pr\u00e9venir les effets secondaires ind\u00e9sirables.<\/p>\n<h2 data-start=\"2488\" data-end=\"2523\">Ingr\u00e9dients dans Maeng Da Kratom Capsules<\/h2>\n<p data-start=\"2525\" data-end=\"2659\">Chaque g\u00e9lule est compos\u00e9e d'un m\u00e9lange d'ingr\u00e9dients soigneusement s\u00e9lectionn\u00e9s pour fournir <strong data-start=\"2610\" data-end=\"2656\">une exp\u00e9rience Kratom \u00e9quilibr\u00e9e et efficace<\/strong>:<\/p>\n<ul data-start=\"2661\" data-end=\"3095\">\n<li data-start=\"2661\" data-end=\"2829\"><strong data-start=\"2663\" data-end=\"2697\">Mitragyna speciosa 15x Extract<\/strong> - A <strong data-start=\"2702\" data-end=\"2740\">extrait hautement concentr\u00e9 de Kratom<\/strong>La poudre de Kratom est plus puissante et agit plus rapidement que la poudre traditionnelle de Kratom.<\/li>\n<li data-start=\"2830\" data-end=\"2964\"><strong data-start=\"2832\" data-end=\"2862\">Maeng Da Red Kratom Poudre<\/strong> - Connu pour ses <strong data-start=\"2879\" data-end=\"2917\">propri\u00e9t\u00e9s \u00e9nergisantes et relaxantes<\/strong>Il am\u00e9liore la concentration tout en favorisant le calme.<\/li>\n<li data-start=\"2965\" data-end=\"3095\"><strong data-start=\"2967\" data-end=\"2997\">Caf\u00e9ine (5mg par g\u00e9lule)<\/strong> - Offre un l\u00e9ger stimulant, <strong data-start=\"3031\" data-end=\"3064\">am\u00e9liorer la vigilance et la concentration<\/strong> sans provoquer d'agitation.<\/li>\n<\/ul>\n<p data-start=\"3097\" data-end=\"3199\">Ensemble, ces ingr\u00e9dients cr\u00e9ent un <strong data-start=\"3134\" data-end=\"3179\">une exp\u00e9rience unique et compl\u00e8te du Kratom<\/strong> dans chaque capsule.<\/p>\n<p data-start=\"3201\" data-end=\"3213\"><strong>Avertissement<\/strong><\/p>\n<p data-start=\"3215\" data-end=\"3559\" data-is-last-node=\"\">A utiliser de mani\u00e8re responsable. Kratom Capsules sont <strong data-start=\"3252\" data-end=\"3299\">ne pas vendre ou utiliser par des personnes de moins de 18 ans<\/strong>. Ne pas consommer en conduisant, en utilisant des machines, ou si vous \u00eates enceinte, si vous allaitez ou si vous prenez des m\u00e9dicaments. Tenir hors de port\u00e9e des enfants. Ce produit n'a pas \u00e9t\u00e9 \u00e9valu\u00e9 par la FDA et n'est pas destin\u00e9 \u00e0 diagnostiquer, traiter, gu\u00e9rir ou pr\u00e9venir une quelconque maladie.<\/p>","protected":false},"excerpt":{"rendered":"<p>Parfois, on a besoin d'un bon r\u00e9veil. Ces capsules de kratom sont parfaites pour les jours o\u00f9 le caf\u00e9 ne suffit pas. Avec une sensation d'\u00e9nergie et de paix, ces pilules sont s\u00fbres de commencer la journ\u00e9e du bon pied. Ayez-en quelques unes avec vous pour avoir l'\u00e9nergie dont vous avez le plus besoin !<\/p>","protected":false},"featured_media":82193,"template":"","meta":[],"product_brand":[],"product_cat":[390,297,389,817,396,405,384],"product_tag":[],"class_list":{"0":"post-37907","1":"product","2":"type-product","3":"status-publish","4":"has-post-thumbnail","6":"product_cat-kratom","7":"product_cat-all-products","8":"product_cat-herbs","9":"product_cat-kratopia","10":"product_cat-relax","11":"product_cat-relax-herbs","12":"product_cat-smartshop","13":"product_shipping_class-group-7","15":"first","16":"instock","17":"taxable","18":"shipping-taxable","19":"purchasable","20":"product-type-variable","21":"has-default-attributes"},"_links":{"self":[{"href":"https:\/\/www.headshop.nl\/fr\/wp-json\/wp\/v2\/product\/37907","targetHints":{"allow":["GET"]}}],"collection":[{"href":"https:\/\/www.headshop.nl\/fr\/wp-json\/wp\/v2\/product"}],"about":[{"href":"https:\/\/www.headshop.nl\/fr\/wp-json\/wp\/v2\/types\/product"}],"wp:featuredmedia":[{"embeddable":true,"href":"https:\/\/www.headshop.nl\/fr\/wp-json\/wp\/v2\/media\/82193"}],"wp:attachment":[{"href":"https:\/\/www.headshop.nl\/fr\/wp-json\/wp\/v2\/media?parent=37907"}],"wp:term":[{"taxonomy":"product_brand","embeddable":true,"href":"https:\/\/www.headshop.nl\/fr\/wp-json\/wp\/v2\/product_brand?post=37907"},{"taxonomy":"product_cat","embeddable":true,"href":"https:\/\/www.headshop.nl\/fr\/wp-json\/wp\/v2\/product_cat?post=37907"},{"taxonomy":"product_tag","embeddable":true,"href":"https:\/\/www.headshop.nl\/fr\/wp-json\/wp\/v2\/product_tag?post=37907"}],"curies":[{"name":"wp","href":"https:\/\/api.w.org\/{rel}","templated":true}]}}